{"id":42,"date":"2023-07-17T14:25:47","date_gmt":"2023-07-17T14:25:47","guid":{"rendered":"http:\/\/noxiy.local\/?page_id=42"},"modified":"2024-10-14T09:30:31","modified_gmt":"2024-10-14T09:30:31","slug":"hizmetlerimiz","status":"publish","type":"page","link":"https:\/\/onyxenergy.com.tr\/enerji\/hizmetlerimiz\/","title":{"rendered":"Hizmetlerimiz"},"content":{"rendered":"\t\t<div data-elementor-type=\"wp-page\" data-elementor-id=\"42\" class=\"elementor elementor-42\">\n\t\t\t\t\t\t<section class=\"elementor-section elementor-top-section elementor-element elementor-element-789422a elementor-section-boxed elementor-section-height-default elementor-section-height-default\" data-id=\"789422a\" data-element_type=\"section\" data-settings=\"{&quot;background_background&quot;:&quot;classic&quot;}\">\n\t\t\t\t\t\t<div class=\"elementor-container elementor-column-gap-no\">\n\t\t\t\t\t<div class=\"elementor-column elementor-col-100 elementor-top-column elementor-element elementor-element-3a202dd\" data-id=\"3a202dd\" data-element_type=\"column\">\n\t\t\t<div class=\"elementor-widget-wrap elementor-element-populated\">\n\t\t\t\t\t\t<div class=\"elementor-element elementor-element-6fb5d95 elementor-widget__width-initial elementor-widget elementor-widget-services_noxiy\" data-id=\"6fb5d95\" data-element_type=\"widget\" data-widget_type=\"services_noxiy.default\">\n\t\t\t\t<div class=\"elementor-widget-container\">\n\t\t\t\r\n        \r\n                    <div class=\"services__one-item m-0\">\r\n                <div class=\"services__one-item-image\">\r\n                    <img decoding=\"async\" src=\"https:\/\/www.onyxenergy.com.tr\/wp-content\/uploads\/2024\/10\/teknikdanismanlik.jpg\" alt=\"No alt text\" \/>                <\/div>\r\n                <div class=\"services__one-item-content\">\r\n                    <div class=\"services__one-item-content-icon\">\r\n                        <i class=\"flaticon flaticon-check-mark\"><\/i>\r\n                    <\/div>\r\n                    <h4><a href=\"\/teknik-danismanlik\">Teknik Dan\u0131\u015fmanl\u0131k<\/a>\r\n                    <\/h4>\r\n                    <p>\r\n                        Onyx Enerji, projelerinizi en verimli hale getirmek i\u00e7in deneyimli m\u00fchendislerle teknik dan\u0131\u015fmanl\u0131k hizmetleri sunar.                    <\/p>\r\n                    <a href=\"\/teknik-danismanlik\">\r\n                        <p>\r\n                            Hizmet Detay\u0131                        <\/p><i class=\"fas fa-long-arrow-right\"><\/i>\r\n                    <\/a>\r\n                <\/div>\r\n            <\/div>\r\n        \r\n\r\n        \r\n        \r\n        \t\t<\/div>\n\t\t\t\t<\/div>\n\t\t\t\t<div class=\"elementor-element elementor-element-cdaee74 elementor-widget__width-initial elementor-widget elementor-widget-services_noxiy\" data-id=\"cdaee74\" data-element_type=\"widget\" data-widget_type=\"services_noxiy.default\">\n\t\t\t\t<div class=\"elementor-widget-container\">\n\t\t\t\r\n        \r\n                    <div class=\"services__one-item m-0\">\r\n                <div class=\"services__one-item-image\">\r\n                    <img decoding=\"async\" src=\"https:\/\/www.onyxenergy.com.tr\/wp-content\/uploads\/2024\/10\/new-blue-electric-motor-work_627829-10702.jpg\" alt=\"No alt text\" \/>                <\/div>\r\n                <div class=\"services__one-item-content\">\r\n                    <div class=\"services__one-item-content-icon\">\r\n                        <i class=\"flaticon flaticon-check-mark\"><\/i>\r\n                    <\/div>\r\n                    <h4><a href=\"\/pompa-cozumleri-ve-onarim-agi\">Pompa \u00c7\u00f6z\u00fcmleri ve Onar\u0131m A\u011f\u0131<\/a>\r\n                    <\/h4>\r\n                    <p>\r\n                        G\u00fcvenilir pompa \u00e7\u00f6z\u00fcmleri ve onar\u0131m a\u011f\u0131 ile sistemlerinizin performans\u0131n\u0131 art\u0131rmak i\u00e7in buraday\u0131z.\n                    <\/p>\r\n                    <a href=\"\/pompa-cozumleri-ve-onarim-agi\">\r\n                        <p>\r\n                            Hizmet Detay\u0131                        <\/p><i class=\"fas fa-long-arrow-right\"><\/i>\r\n                    <\/a>\r\n                <\/div>\r\n            <\/div>\r\n        \r\n\r\n        \r\n        \r\n        \t\t<\/div>\n\t\t\t\t<\/div>\n\t\t\t\t<div class=\"elementor-element elementor-element-a98d808 elementor-widget__width-initial elementor-widget elementor-widget-services_noxiy\" data-id=\"a98d808\" data-element_type=\"widget\" data-widget_type=\"services_noxiy.default\">\n\t\t\t\t<div class=\"elementor-widget-container\">\n\t\t\t\r\n        \r\n                    <div class=\"services__one-item m-0\">\r\n                <div class=\"services__one-item-image\">\r\n                    <img decoding=\"async\" src=\"https:\/\/www.onyxenergy.com.tr\/wp-content\/uploads\/2024\/10\/architect-making-plan-with-loupe_23-2147710957.png\" alt=\"No alt text\" \/>                <\/div>\r\n                <div class=\"services__one-item-content\">\r\n                    <div class=\"services__one-item-content-icon\">\r\n                        <i class=\"flaticon flaticon-check-mark\"><\/i>\r\n                    <\/div>\r\n                    <h4><a href=\"\/tersine-muhendislik-ve-servis\">Tersine M\u00fchendislik ve Servis<\/a>\r\n                    <\/h4>\r\n                    <p>\r\n                        Tersine m\u00fchendislik hizmetlerimizle eski sistemlerinizi modernize ederek verimlili\u011finizi art\u0131rman\u0131za yard\u0131mc\u0131 oluyoruz.                    <\/p>\r\n                    <a href=\"\/tersine-muhendislik-ve-servis\">\r\n                        <p>\r\n                            Hizmet Detay\u0131                        <\/p><i class=\"fas fa-long-arrow-right\"><\/i>\r\n                    <\/a>\r\n                <\/div>\r\n            <\/div>\r\n        \r\n\r\n        \r\n        \r\n        \t\t<\/div>\n\t\t\t\t<\/div>\n\t\t\t\t<div class=\"elementor-element elementor-element-4375606 elementor-widget__width-initial elementor-widget elementor-widget-services_noxiy\" data-id=\"4375606\" data-element_type=\"widget\" data-widget_type=\"services_noxiy.default\">\n\t\t\t\t<div class=\"elementor-widget-container\">\n\t\t\t\r\n        \r\n                    <div class=\"services__one-item m-0\">\r\n                <div class=\"services__one-item-image\">\r\n                    <img decoding=\"async\" src=\"https:\/\/www.onyxenergy.com.tr\/wp-content\/uploads\/2024\/10\/futuristic-time-machine_23-2151599413.jpg\" alt=\"No alt text\" \/>                <\/div>\r\n                <div class=\"services__one-item-content\">\r\n                    <div class=\"services__one-item-content-icon\">\r\n                        <i class=\"flaticon flaticon-check-mark\"><\/i>\r\n                    <\/div>\r\n                    <h4><a href=\"\/kurulum-ve-montaj-destegi\">Kurulum ve Montaj Deste\u011fi<\/a>\r\n                    <\/h4>\r\n                    <p>\r\n                        Uzman teknisyenlerimiz, enerji sistemlerinizin g\u00fcvenli ve do\u011fru bir \u015fekilde kurulmas\u0131n\u0131 sa\u011flamak i\u00e7in hizmet verir.                    <\/p>\r\n                    <a href=\"\/kurulum-ve-montaj-destegi\">\r\n                        <p>\r\n                            Hizmet Detay\u0131                        <\/p><i class=\"fas fa-long-arrow-right\"><\/i>\r\n                    <\/a>\r\n                <\/div>\r\n            <\/div>\r\n        \r\n\r\n        \r\n        \r\n        \t\t<\/div>\n\t\t\t\t<\/div>\n\t\t\t\t<div class=\"elementor-element elementor-element-5ad3bab elementor-widget__width-initial elementor-widget elementor-widget-services_noxiy\" data-id=\"5ad3bab\" data-element_type=\"widget\" data-widget_type=\"services_noxiy.default\">\n\t\t\t\t<div class=\"elementor-widget-container\">\n\t\t\t\r\n        \r\n                    <div class=\"services__one-item m-0\">\r\n                <div class=\"services__one-item-image\">\r\n                    <img decoding=\"async\" src=\"https:\/\/www.onyxenergy.com.tr\/wp-content\/uploads\/2024\/10\/close-up-men-handshake_23-2148752024.jpg\" alt=\"No alt text\" \/>                <\/div>\r\n                <div class=\"services__one-item-content\">\r\n                    <div class=\"services__one-item-content-icon\">\r\n                        <i class=\"flaticon flaticon-check-mark\"><\/i>\r\n                    <\/div>\r\n                    <h4><a href=\"\/bakim-ve-onarim-destegi\">Bak\u0131m ve Onar\u0131m Deste\u011fi<\/a>\r\n                    <\/h4>\r\n                    <p>\r\n                        D\u00fczenli bak\u0131m ve onar\u0131m deste\u011fimizle, enerji sistemlerinizin s\u00fcrekli \u00e7al\u0131\u015fmas\u0131n\u0131 ve verimlili\u011fini garanti alt\u0131na al\u0131yoruz.                    <\/p>\r\n                    <a href=\"\/bakim-ve-onarim-destegi\">\r\n                        <p>\r\n                            Hizmet Detay\u0131                        <\/p><i class=\"fas fa-long-arrow-right\"><\/i>\r\n                    <\/a>\r\n                <\/div>\r\n            <\/div>\r\n        \r\n\r\n        \r\n        \r\n        \t\t<\/div>\n\t\t\t\t<\/div>\n\t\t\t\t<div class=\"elementor-element elementor-element-3ea567d elementor-widget__width-initial elementor-widget elementor-widget-services_noxiy\" data-id=\"3ea567d\" data-element_type=\"widget\" data-widget_type=\"services_noxiy.default\">\n\t\t\t\t<div class=\"elementor-widget-container\">\n\t\t\t\r\n        \r\n                    <div class=\"services__one-item m-0\">\r\n                <div class=\"services__one-item-image\">\r\n                    <img decoding=\"async\" src=\"https:\/\/www.onyxenergy.com.tr\/wp-content\/uploads\/2024\/10\/business-concept-with-team-close-up_23-2149151159.png\" alt=\"No alt text\" \/>                <\/div>\r\n                <div class=\"services__one-item-content\">\r\n                    <div class=\"services__one-item-content-icon\">\r\n                        <i class=\"flaticon flaticon-check-mark\"><\/i>\r\n                    <\/div>\r\n                    <h4><a href=\"\/egitim-ve-diger-hizmetler\">E\u011fitim ve Di\u011fer Hizmetler<\/a>\r\n                    <\/h4>\r\n                    <p>\r\n                        Kapsaml\u0131 e\u011fitim programlar\u0131m\u0131zla, ekibinizin enerji sistemleri konusunda bilgi ve becerilerini art\u0131rmay\u0131 hedefliyoruz.\n\n                    <\/p>\r\n                    <a href=\"\/egitim-ve-diger-hizmetler\">\r\n                        <p>\r\n                            Hizmet Detay\u0131                        <\/p><i class=\"fas fa-long-arrow-right\"><\/i>\r\n                    <\/a>\r\n                <\/div>\r\n            <\/div>\r\n        \r\n\r\n        \r\n        \r\n        \t\t<\/div>\n\t\t\t\t<\/div>\n\t\t\t\t\t<\/div>\n\t\t<\/div>\n\t\t\t\t\t<\/div>\n\t\t<\/section>\n\t\t\t\t<\/div>\n\t\t","protected":false},"excerpt":{"rendered":"<p>Teknik Dan\u0131\u015fmanl\u0131k Onyx Enerji, projelerinizi en verimli hale getirmek i\u00e7in deneyimli m\u00fchendislerle teknik dan\u0131\u015fmanl\u0131k hizmetleri sunar. Hizmet Detay\u0131 Pompa \u00c7\u00f6z\u00fcmleri ve Onar\u0131m A\u011f\u0131 G\u00fcvenilir pompa \u00e7\u00f6z\u00fcmleri ve onar\u0131m a\u011f\u0131 ile sistemlerinizin performans\u0131n\u0131 art\u0131rmak i\u00e7in buraday\u0131z. Hizmet Detay\u0131 Tersine M\u00fchendislik ve Servis Tersine m\u00fchendislik hizmetlerimizle eski sistemlerinizi modernize ederek verimlili\u011finizi art\u0131rman\u0131za yard\u0131mc\u0131 oluyoruz. Hizmet Detay\u0131 Kurulum [&hellip;]<\/p>\n","protected":false},"author":1,"featured_media":0,"parent":0,"menu_order":0,"comment_status":"closed","ping_status":"closed","template":"page-builder.php","meta":{"footnotes":""},"class_list":["post-42","page","type-page","status-publish","hentry"],"_links":{"self":[{"href":"https:\/\/onyxenergy.com.tr\/enerji\/wp-json\/wp\/v2\/pages\/42","targetHints":{"allow":["GET"]}}],"collection":[{"href":"https:\/\/onyxenergy.com.tr\/enerji\/wp-json\/wp\/v2\/pages"}],"about":[{"href":"https:\/\/onyxenergy.com.tr\/enerji\/wp-json\/wp\/v2\/types\/page"}],"author":[{"embeddable":true,"href":"https:\/\/onyxenergy.com.tr\/enerji\/wp-json\/wp\/v2\/users\/1"}],"replies":[{"embeddable":true,"href":"https:\/\/onyxenergy.com.tr\/enerji\/wp-json\/wp\/v2\/comments?post=42"}],"version-history":[{"count":23,"href":"https:\/\/onyxenergy.com.tr\/enerji\/wp-json\/wp\/v2\/pages\/42\/revisions"}],"predecessor-version":[{"id":2782,"href":"https:\/\/onyxenergy.com.tr\/enerji\/wp-json\/wp\/v2\/pages\/42\/revisions\/2782"}],"wp:attachment":[{"href":"https:\/\/onyxenergy.com.tr\/enerji\/wp-json\/wp\/v2\/media?parent=42"}],"curies":[{"name":"wp","href":"https:\/\/api.w.org\/{rel}","templated":true}]}}