{"id":3292,"date":"2025-05-04T01:38:30","date_gmt":"2025-05-03T22:38:30","guid":{"rendered":"https:\/\/onyxenergy.com.tr\/enerji\/?page_id=3292"},"modified":"2025-05-06T14:47:27","modified_gmt":"2025-05-06T11:47:27","slug":"ctd","status":"publish","type":"page","link":"https:\/\/onyxenergy.com.tr\/enerji\/ctd\/","title":{"rendered":"CTD"},"content":{"rendered":"\t\t<div data-elementor-type=\"wp-page\" data-elementor-id=\"3292\" class=\"elementor elementor-3292\">\n\t\t\t\t<div class=\"elementor-element elementor-element-15ee6ef e-flex e-con-boxed e-con e-parent\" data-id=\"15ee6ef\" data-element_type=\"container\">\n\t\t\t\t\t<div class=\"e-con-inner\">\n\t\t<div class=\"elementor-element elementor-element-bb96902 e-con-full e-flex e-con e-child\" data-id=\"bb96902\" data-element_type=\"container\">\n\t\t<div class=\"elementor-element elementor-element-db203cf e-con-full e-flex e-con e-child\" data-id=\"db203cf\" data-element_type=\"container\">\n\t\t\t\t<div class=\"elementor-element elementor-element-0272393 elementor-widget elementor-widget-text-editor\" data-id=\"0272393\" data-element_type=\"widget\" data-widget_type=\"text-editor.default\">\n\t\t\t\t<div class=\"elementor-widget-container\">\n\t\t\t\t\t\t\t<p>CTD Carbide, tungsten karb\u00fcr teknolojileri alan\u0131nda uzmanla\u015fm\u0131\u015f, d\u00fcnya \u00e7ap\u0131nda bir\u00e7ok sekt\u00f6re y\u00fcksek dayan\u0131kl\u0131l\u0131\u011fa sahip a\u015f\u0131nma par\u00e7alar\u0131 sunan yenilik\u00e7i bir m\u00fchendislik firmas\u0131d\u0131r. Almanya merkezli olan CTD, modern \u00fcretim tesisleri ve AR-GE odakl\u0131 yakla\u015f\u0131m\u0131yla, zorlu end\u00fcstriyel ko\u015fullara dayan\u0131kl\u0131 \u00f6zel \u00e7\u00f6z\u00fcmler geli\u015ftirmektedir.<\/p><p>Madencilikten geri d\u00f6n\u00fc\u015f\u00fcme, tar\u0131mdan kimya sanayine kadar geni\u015f bir uygulama alan\u0131na hitap eden \u00fcr\u00fcn portf\u00f6y\u00fc; y\u00fcksek performans, uzun \u00f6m\u00fcr ve d\u00fc\u015f\u00fck bak\u0131m maliyetleri ile i\u015fletmelere de\u011fer katar. Kalite, hassasiyet ve m\u00fc\u015fteri odakl\u0131 \u00fcretim anlay\u0131\u015f\u0131 ile CTD Carbide, global pazarda g\u00fcvenilir bir \u00e7\u00f6z\u00fcm orta\u011f\u0131 olarak konumlanmaktad\u0131r.<\/p>\t\t\t\t\t\t<\/div>\n\t\t\t\t<\/div>\n\t\t\t\t<\/div>\n\t\t<div class=\"elementor-element elementor-element-dcfe44e e-con-full e-flex e-con e-child\" data-id=\"dcfe44e\" data-element_type=\"container\">\n\t\t\t\t<div class=\"elementor-element elementor-element-9dcf31f elementor-widget elementor-widget-logo-noxiy\" data-id=\"9dcf31f\" data-element_type=\"widget\" data-widget_type=\"logo-noxiy.default\">\n\t\t\t\t<div class=\"elementor-widget-container\">\n\t\t\t        <div class=\"noxiy-builder-logo\">\r\n                                <img decoding=\"async\" src=\"https:\/\/onyxenergy.com.tr\/enerji\/wp-content\/uploads\/2025\/05\/logo.png\" alt=\"logo\">\r\n                        <\/div>\r\n        \t\t<\/div>\n\t\t\t\t<\/div>\n\t\t\t\t<\/div>\n\t\t\t\t<\/div>\n\t\t\t\t\t<\/div>\n\t\t\t\t<\/div>\n\t\t<div class=\"elementor-element elementor-element-6c64535 e-flex e-con-boxed e-con e-parent\" data-id=\"6c64535\" data-element_type=\"container\">\n\t\t\t\t\t<div class=\"e-con-inner\">\n\t\t\t\t<div class=\"elementor-element elementor-element-81ab3cf elementor-widget-divider--view-line elementor-widget elementor-widget-divider\" data-id=\"81ab3cf\" data-element_type=\"widget\" data-widget_type=\"divider.default\">\n\t\t\t\t<div class=\"elementor-widget-container\">\n\t\t\t\t\t<div class=\"elementor-divider\">\n\t\t\t<span class=\"elementor-divider-separator\">\n\t\t\t\t\t\t<\/span>\n\t\t<\/div>\n\t\t\t\t<\/div>\n\t\t\t\t<\/div>\n\t\t\t\t\t<\/div>\n\t\t\t\t<\/div>\n\t\t<div class=\"elementor-element elementor-element-711b14a e-flex e-con-boxed e-con e-parent\" data-id=\"711b14a\" data-element_type=\"container\">\n\t\t\t\t\t<div class=\"e-con-inner\">\n\t\t<div class=\"elementor-element elementor-element-4907410 e-con-full e-flex e-con e-child\" data-id=\"4907410\" data-element_type=\"container\">\n\t\t<div class=\"elementor-element elementor-element-46b18a1 e-con-full e-flex e-con e-child\" data-id=\"46b18a1\" data-element_type=\"container\">\n\t\t\t\t<div class=\"elementor-element elementor-element-06a1e06 elementor-widget elementor-widget-image\" data-id=\"06a1e06\" data-element_type=\"widget\" data-widget_type=\"image.default\">\n\t\t\t\t<div class=\"elementor-widget-container\">\n\t\t\t\t\t\t\t\t\t\t\t\t\t\t<a href=\"https:\/\/onyxenergy.com.tr\/enerji\/polimer-uretimi\">\n\t\t\t\t\t\t\t<img fetchpriority=\"high\" decoding=\"async\" width=\"1024\" height=\"768\" src=\"https:\/\/onyxenergy.com.tr\/enerji\/wp-content\/uploads\/2025\/05\/die-plate-1.jpg\" class=\"attachment-full size-full wp-image-3266\" alt=\"\" srcset=\"https:\/\/onyxenergy.com.tr\/enerji\/wp-content\/uploads\/2025\/05\/die-plate-1.jpg 1024w, https:\/\/onyxenergy.com.tr\/enerji\/wp-content\/uploads\/2025\/05\/die-plate-1-300x225.jpg 300w, https:\/\/onyxenergy.com.tr\/enerji\/wp-content\/uploads\/2025\/05\/die-plate-1-768x576.jpg 768w\" sizes=\"(max-width: 1024px) 100vw, 1024px\" \/>\t\t\t\t\t\t\t\t<\/a>\n\t\t\t\t\t\t\t\t\t\t\t\t\t<\/div>\n\t\t\t\t<\/div>\n\t\t\t\t<div class=\"elementor-element elementor-element-704d086 elementor-widget-divider--view-line elementor-widget elementor-widget-divider\" data-id=\"704d086\" data-element_type=\"widget\" data-widget_type=\"divider.default\">\n\t\t\t\t<div class=\"elementor-widget-container\">\n\t\t\t\t\t<div class=\"elementor-divider\">\n\t\t\t<span class=\"elementor-divider-separator\">\n\t\t\t\t\t\t<\/span>\n\t\t<\/div>\n\t\t\t\t<\/div>\n\t\t\t\t<\/div>\n\t\t\t\t<div class=\"elementor-element elementor-element-ce72f77 elementor-widget elementor-widget-heading\" data-id=\"ce72f77\" data-element_type=\"widget\" data-widget_type=\"heading.default\">\n\t\t\t\t<div class=\"elementor-widget-container\">\n\t\t\t<h2 class=\"elementor-heading-title elementor-size-default\"><a href=\"https:\/\/onyxenergy.com.tr\/enerji\/polimer-uretimi\">Polimer <br>\u00dcretimi<\/a><\/h2>\t\t<\/div>\n\t\t\t\t<\/div>\n\t\t\t\t<\/div>\n\t\t<div class=\"elementor-element elementor-element-eddf729 e-con-full e-flex e-con e-child\" data-id=\"eddf729\" data-element_type=\"container\">\n\t\t\t\t<div class=\"elementor-element elementor-element-fb7155a elementor-widget elementor-widget-image\" data-id=\"fb7155a\" data-element_type=\"widget\" data-widget_type=\"image.default\">\n\t\t\t\t<div class=\"elementor-widget-container\">\n\t\t\t\t\t\t\t\t\t\t\t\t\t\t<a href=\"https:\/\/onyxenergy.com.tr\/enerji\/metal-ambalaj\">\n\t\t\t\t\t\t\t<img decoding=\"async\" width=\"1400\" height=\"1050\" src=\"https:\/\/onyxenergy.com.tr\/enerji\/wp-content\/uploads\/2025\/05\/IMG_9879.jpg\" class=\"attachment-full size-full wp-image-3273\" alt=\"\" srcset=\"https:\/\/onyxenergy.com.tr\/enerji\/wp-content\/uploads\/2025\/05\/IMG_9879.jpg 1400w, https:\/\/onyxenergy.com.tr\/enerji\/wp-content\/uploads\/2025\/05\/IMG_9879-300x225.jpg 300w, https:\/\/onyxenergy.com.tr\/enerji\/wp-content\/uploads\/2025\/05\/IMG_9879-1024x768.jpg 1024w, https:\/\/onyxenergy.com.tr\/enerji\/wp-content\/uploads\/2025\/05\/IMG_9879-768x576.jpg 768w\" sizes=\"(max-width: 1400px) 100vw, 1400px\" \/>\t\t\t\t\t\t\t\t<\/a>\n\t\t\t\t\t\t\t\t\t\t\t\t\t<\/div>\n\t\t\t\t<\/div>\n\t\t\t\t<div class=\"elementor-element elementor-element-92fc950 elementor-widget-divider--view-line elementor-widget elementor-widget-divider\" data-id=\"92fc950\" data-element_type=\"widget\" data-widget_type=\"divider.default\">\n\t\t\t\t<div class=\"elementor-widget-container\">\n\t\t\t\t\t<div class=\"elementor-divider\">\n\t\t\t<span class=\"elementor-divider-separator\">\n\t\t\t\t\t\t<\/span>\n\t\t<\/div>\n\t\t\t\t<\/div>\n\t\t\t\t<\/div>\n\t\t\t\t<div class=\"elementor-element elementor-element-360192b elementor-widget elementor-widget-heading\" data-id=\"360192b\" data-element_type=\"widget\" data-widget_type=\"heading.default\">\n\t\t\t\t<div class=\"elementor-widget-container\">\n\t\t\t<h2 class=\"elementor-heading-title elementor-size-default\"><a href=\"https:\/\/onyxenergy.com.tr\/enerji\/metal-ambalaj\">Metal <br>Ambalaj<\/a><\/h2>\t\t<\/div>\n\t\t\t\t<\/div>\n\t\t\t\t<\/div>\n\t\t<div class=\"elementor-element elementor-element-a843567 e-con-full e-flex e-con e-child\" data-id=\"a843567\" data-element_type=\"container\">\n\t\t\t\t<div class=\"elementor-element elementor-element-4c766f4 elementor-widget elementor-widget-image\" data-id=\"4c766f4\" data-element_type=\"widget\" data-widget_type=\"image.default\">\n\t\t\t\t<div class=\"elementor-widget-container\">\n\t\t\t\t\t\t\t\t\t\t\t\t\t\t<a href=\"https:\/\/onyxenergy.com.tr\/enerji\/karbur-asinma-parcalari\/\">\n\t\t\t\t\t\t\t<img decoding=\"async\" width=\"1400\" height=\"1100\" src=\"https:\/\/onyxenergy.com.tr\/enerji\/wp-content\/uploads\/2025\/05\/intro_img_1.jpg\" class=\"attachment-full size-full wp-image-3279\" alt=\"\" srcset=\"https:\/\/onyxenergy.com.tr\/enerji\/wp-content\/uploads\/2025\/05\/intro_img_1.jpg 1400w, https:\/\/onyxenergy.com.tr\/enerji\/wp-content\/uploads\/2025\/05\/intro_img_1-300x236.jpg 300w, https:\/\/onyxenergy.com.tr\/enerji\/wp-content\/uploads\/2025\/05\/intro_img_1-1024x805.jpg 1024w, https:\/\/onyxenergy.com.tr\/enerji\/wp-content\/uploads\/2025\/05\/intro_img_1-768x603.jpg 768w\" sizes=\"(max-width: 1400px) 100vw, 1400px\" \/>\t\t\t\t\t\t\t\t<\/a>\n\t\t\t\t\t\t\t\t\t\t\t\t\t<\/div>\n\t\t\t\t<\/div>\n\t\t\t\t<div class=\"elementor-element elementor-element-a367608 elementor-widget-divider--view-line elementor-widget elementor-widget-divider\" data-id=\"a367608\" data-element_type=\"widget\" data-widget_type=\"divider.default\">\n\t\t\t\t<div class=\"elementor-widget-container\">\n\t\t\t\t\t<div class=\"elementor-divider\">\n\t\t\t<span class=\"elementor-divider-separator\">\n\t\t\t\t\t\t<\/span>\n\t\t<\/div>\n\t\t\t\t<\/div>\n\t\t\t\t<\/div>\n\t\t\t\t<div class=\"elementor-element elementor-element-397de7a elementor-widget elementor-widget-heading\" data-id=\"397de7a\" data-element_type=\"widget\" data-widget_type=\"heading.default\">\n\t\t\t\t<div class=\"elementor-widget-container\">\n\t\t\t<h2 class=\"elementor-heading-title elementor-size-default\"><a href=\"https:\/\/onyxenergy.com.tr\/enerji\/karbur-asinma-parcalari\/\">Karb\u00fcr A\u015f\u0131nma<br>Par\u00e7alar\u0131<\/a><\/h2>\t\t<\/div>\n\t\t\t\t<\/div>\n\t\t\t\t<\/div>\n\t\t\t\t<\/div>\n\t\t\t\t\t<\/div>\n\t\t\t\t<\/div>\n\t\t<div class=\"elementor-element elementor-element-4bacaae e-flex e-con-boxed e-con e-parent\" data-id=\"4bacaae\" data-element_type=\"container\">\n\t\t\t\t\t<div class=\"e-con-inner\">\n\t\t\t\t<div class=\"elementor-element elementor-element-c08a4d1 elementor-widget-divider--view-line elementor-widget elementor-widget-divider\" data-id=\"c08a4d1\" data-element_type=\"widget\" data-widget_type=\"divider.default\">\n\t\t\t\t<div class=\"elementor-widget-container\">\n\t\t\t\t\t<div class=\"elementor-divider\">\n\t\t\t<span class=\"elementor-divider-separator\">\n\t\t\t\t\t\t<\/span>\n\t\t<\/div>\n\t\t\t\t<\/div>\n\t\t\t\t<\/div>\n\t\t<div class=\"elementor-element elementor-element-acdca04 e-con-full e-flex e-con e-child\" data-id=\"acdca04\" data-element_type=\"container\">\n\t\t\t\t<div class=\"elementor-element elementor-element-333039f elementor-widget elementor-widget-text-editor\" data-id=\"333039f\" data-element_type=\"widget\" data-widget_type=\"text-editor.default\">\n\t\t\t\t<div class=\"elementor-widget-container\">\n\t\t\t\t\t\t\t<p><em>Onyx Enerji, CTD markas\u0131n\u0131n yetkili T\u00fcrkiye bayisidir.<\/em><\/p>\t\t\t\t\t\t<\/div>\n\t\t\t\t<\/div>\n\t\t\t\t<\/div>\n\t\t\t\t\t<\/div>\n\t\t\t\t<\/div>\n\t\t\t\t<\/div>\n\t\t","protected":false},"excerpt":{"rendered":"<p>CTD Carbide, tungsten karb\u00fcr teknolojileri alan\u0131nda uzmanla\u015fm\u0131\u015f, d\u00fcnya \u00e7ap\u0131nda bir\u00e7ok sekt\u00f6re y\u00fcksek dayan\u0131kl\u0131l\u0131\u011fa sahip a\u015f\u0131nma par\u00e7alar\u0131 sunan yenilik\u00e7i bir m\u00fchendislik firmas\u0131d\u0131r. Almanya merkezli olan CTD, modern \u00fcretim tesisleri ve AR-GE odakl\u0131 yakla\u015f\u0131m\u0131yla, zorlu end\u00fcstriyel ko\u015fullara dayan\u0131kl\u0131 \u00f6zel \u00e7\u00f6z\u00fcmler geli\u015ftirmektedir. Madencilikten geri d\u00f6n\u00fc\u015f\u00fcme, tar\u0131mdan kimya sanayine kadar geni\u015f bir uygulama alan\u0131na hitap eden \u00fcr\u00fcn portf\u00f6y\u00fc; y\u00fcksek [&hellip;]<\/p>\n","protected":false},"author":1,"featured_media":0,"parent":0,"menu_order":0,"comment_status":"closed","ping_status":"closed","template":"","meta":{"footnotes":""},"class_list":["post-3292","page","type-page","status-publish","hentry"],"_links":{"self":[{"href":"https:\/\/onyxenergy.com.tr\/enerji\/wp-json\/wp\/v2\/pages\/3292","targetHints":{"allow":["GET"]}}],"collection":[{"href":"https:\/\/onyxenergy.com.tr\/enerji\/wp-json\/wp\/v2\/pages"}],"about":[{"href":"https:\/\/onyxenergy.com.tr\/enerji\/wp-json\/wp\/v2\/types\/page"}],"author":[{"embeddable":true,"href":"https:\/\/onyxenergy.com.tr\/enerji\/wp-json\/wp\/v2\/users\/1"}],"replies":[{"embeddable":true,"href":"https:\/\/onyxenergy.com.tr\/enerji\/wp-json\/wp\/v2\/comments?post=3292"}],"version-history":[{"count":16,"href":"https:\/\/onyxenergy.com.tr\/enerji\/wp-json\/wp\/v2\/pages\/3292\/revisions"}],"predecessor-version":[{"id":3372,"href":"https:\/\/onyxenergy.com.tr\/enerji\/wp-json\/wp\/v2\/pages\/3292\/revisions\/3372"}],"wp:attachment":[{"href":"https:\/\/onyxenergy.com.tr\/enerji\/wp-json\/wp\/v2\/media?parent=3292"}],"curies":[{"name":"wp","href":"https:\/\/api.w.org\/{rel}","templated":true}]}}