{"id":3263,"date":"2025-05-04T00:34:51","date_gmt":"2025-05-03T21:34:51","guid":{"rendered":"https:\/\/onyxenergy.com.tr\/enerji\/?page_id=3263"},"modified":"2025-05-04T01:39:42","modified_gmt":"2025-05-03T22:39:42","slug":"polimer-uretimi","status":"publish","type":"page","link":"https:\/\/onyxenergy.com.tr\/enerji\/polimer-uretimi\/","title":{"rendered":"Polimer \u00dcretimi"},"content":{"rendered":"\t\t<div data-elementor-type=\"wp-page\" data-elementor-id=\"3263\" class=\"elementor elementor-3263\">\n\t\t\t\t<div class=\"elementor-element elementor-element-4557105 e-flex e-con-boxed e-con e-parent\" data-id=\"4557105\" data-element_type=\"container\">\n\t\t\t\t\t<div class=\"e-con-inner\">\n\t\t<div class=\"elementor-element elementor-element-0f06639 e-con-full e-flex e-con e-child\" data-id=\"0f06639\" data-element_type=\"container\">\n\t\t<div class=\"elementor-element elementor-element-6c2b2a1 e-con-full e-flex e-con e-child\" data-id=\"6c2b2a1\" data-element_type=\"container\">\n\t\t\t\t<div class=\"elementor-element elementor-element-4ab5ef7 elementor-widget elementor-widget-heading\" data-id=\"4ab5ef7\" data-element_type=\"widget\" data-widget_type=\"heading.default\">\n\t\t\t\t<div class=\"elementor-widget-container\">\n\t\t\t<h2 class=\"elementor-heading-title elementor-size-default\">Polimer \u00dc retimi<\/h2>\t\t<\/div>\n\t\t\t\t<\/div>\n\t\t\t\t<div class=\"elementor-element elementor-element-1ab5bd1 elementor-widget-divider--view-line elementor-widget elementor-widget-divider\" data-id=\"1ab5bd1\" data-element_type=\"widget\" data-widget_type=\"divider.default\">\n\t\t\t\t<div class=\"elementor-widget-container\">\n\t\t\t\t\t<div class=\"elementor-divider\">\n\t\t\t<span class=\"elementor-divider-separator\">\n\t\t\t\t\t\t<\/span>\n\t\t<\/div>\n\t\t\t\t<\/div>\n\t\t\t\t<\/div>\n\t\t\t\t<div class=\"elementor-element elementor-element-e272239 elementor-widget elementor-widget-text-editor\" data-id=\"e272239\" data-element_type=\"widget\" data-widget_type=\"text-editor.default\">\n\t\t\t\t<div class=\"elementor-widget-container\">\n\t\t\t\t\t\t\t<p><strong>Polimer \u00fcretim end\u00fcstrisi i\u00e7in \u00fcr\u00fcn ve hizmetlerimiz<\/strong><\/p><p>LDPE (d\u00fc\u015f\u00fck yo\u011funluklu polietilen) \u00fcretim tesislerinde en kritik karb\u00fcr ve \u00e7elik y\u00fcksek bas\u0131n\u00e7l\u0131 par\u00e7alar\u0131 tedarik ediyor ve yeniliyoruz. 3500 bara kadar \u00e7\u0131kan son derece y\u00fcksek bas\u0131n\u00e7lar ve s\u0131k\u0131\u015ft\u0131r\u0131lm\u0131\u015f etilen gaz\u0131n\u0131n patlay\u0131c\u0131 do\u011fas\u0131, t\u00fcm par\u00e7alar\u0131n ve yenileme i\u015flemlerinin son derece kritik olmas\u0131na neden olmaktad\u0131r.<\/p><p>Di\u011fer polimer tesisleri (LLDPE, HDPE, PP veya PS \u00fcretenler) ve kar\u0131\u015f\u0131m tesisleri i\u00e7in pelletleme b\u0131\u00e7aklar\u0131 \u00fcretiyor ve su alt\u0131 pelletleme i\u00e7in kal\u0131p plakalar\u0131n\u0131 yeniliyoruz.<\/p>\t\t\t\t\t\t<\/div>\n\t\t\t\t<\/div>\n\t\t\t\t<\/div>\n\t\t<div class=\"elementor-element elementor-element-02d2d0c e-con-full e-flex e-con e-child\" data-id=\"02d2d0c\" data-element_type=\"container\">\n\t\t\t\t<div class=\"elementor-element elementor-element-608191e elementor-hidden-tablet elementor-hidden-mobile elementor-widget elementor-widget-image\" data-id=\"608191e\" data-element_type=\"widget\" data-widget_type=\"image.default\">\n\t\t\t\t<div class=\"elementor-widget-container\">\n\t\t\t\t\t\t\t\t\t\t\t\t\t<img fetchpriority=\"high\" decoding=\"async\" width=\"1024\" height=\"683\" src=\"https:\/\/onyxenergy.com.tr\/enerji\/wp-content\/uploads\/2025\/05\/plunger-grinding-1024x683.jpg\" class=\"attachment-large size-large wp-image-3265\" alt=\"\" srcset=\"https:\/\/onyxenergy.com.tr\/enerji\/wp-content\/uploads\/2025\/05\/plunger-grinding-1024x683.jpg 1024w, https:\/\/onyxenergy.com.tr\/enerji\/wp-content\/uploads\/2025\/05\/plunger-grinding-300x200.jpg 300w, https:\/\/onyxenergy.com.tr\/enerji\/wp-content\/uploads\/2025\/05\/plunger-grinding-768x512.jpg 768w, https:\/\/onyxenergy.com.tr\/enerji\/wp-content\/uploads\/2025\/05\/plunger-grinding-1536x1024.jpg 1536w, https:\/\/onyxenergy.com.tr\/enerji\/wp-content\/uploads\/2025\/05\/plunger-grinding-2048x1365.jpg 2048w\" sizes=\"(max-width: 1024px) 100vw, 1024px\" \/>\t\t\t\t\t\t\t\t\t\t\t\t\t<\/div>\n\t\t\t\t<\/div>\n\t\t\t\t<\/div>\n\t\t\t\t<\/div>\n\t\t\t\t<div class=\"elementor-element elementor-element-73c52ab elementor-widget-divider--view-line elementor-widget elementor-widget-divider\" data-id=\"73c52ab\" data-element_type=\"widget\" data-widget_type=\"divider.default\">\n\t\t\t\t<div class=\"elementor-widget-container\">\n\t\t\t\t\t<div class=\"elementor-divider\">\n\t\t\t<span class=\"elementor-divider-separator\">\n\t\t\t\t\t\t<\/span>\n\t\t<\/div>\n\t\t\t\t<\/div>\n\t\t\t\t<\/div>\n\t\t\t\t\t<\/div>\n\t\t\t\t<\/div>\n\t\t<div class=\"elementor-element elementor-element-b890ae7 e-flex e-con-boxed e-con e-parent\" data-id=\"b890ae7\" data-element_type=\"container\">\n\t\t\t\t\t<div class=\"e-con-inner\">\n\t\t<div class=\"elementor-element elementor-element-7f2fcf4 e-con-full e-flex e-con e-child\" data-id=\"7f2fcf4\" data-element_type=\"container\">\n\t\t<div class=\"elementor-element elementor-element-dfafc43 e-con-full e-flex e-con e-child\" data-id=\"dfafc43\" data-element_type=\"container\">\n\t\t\t\t<div class=\"elementor-element elementor-element-85a8de4 elementor-widget elementor-widget-heading\" data-id=\"85a8de4\" data-element_type=\"widget\" data-widget_type=\"heading.default\">\n\t\t\t\t<div class=\"elementor-widget-container\">\n\t\t\t<h2 class=\"elementor-heading-title elementor-size-default\">LDPE y\u00fcksek bas\u0131n\u00e7 par\u00e7alar\u0131 ve polimer<\/h2>\t\t<\/div>\n\t\t\t\t<\/div>\n\t\t\t\t<div class=\"elementor-element elementor-element-81456e9 elementor-widget-divider--view-line elementor-widget elementor-widget-divider\" data-id=\"81456e9\" data-element_type=\"widget\" data-widget_type=\"divider.default\">\n\t\t\t\t<div class=\"elementor-widget-container\">\n\t\t\t\t\t<div class=\"elementor-divider\">\n\t\t\t<span class=\"elementor-divider-separator\">\n\t\t\t\t\t\t<\/span>\n\t\t<\/div>\n\t\t\t\t<\/div>\n\t\t\t\t<\/div>\n\t\t\t\t<div class=\"elementor-element elementor-element-2416450 elementor-icon-list--layout-traditional elementor-list-item-link-full_width elementor-widget elementor-widget-icon-list\" data-id=\"2416450\" data-element_type=\"widget\" data-widget_type=\"icon-list.default\">\n\t\t\t\t<div class=\"elementor-widget-container\">\n\t\t\t\t\t<ul class=\"elementor-icon-list-items\">\n\t\t\t\t\t\t\t<li class=\"elementor-icon-list-item\">\n\t\t\t\t\t\t\t\t\t\t\t<span class=\"elementor-icon-list-icon\">\n\t\t\t\t\t\t\t<svg aria-hidden=\"true\" class=\"e-font-icon-svg e-fas-circle\" viewBox=\"0 0 512 512\" xmlns=\"http:\/\/www.w3.org\/2000\/svg\"><path d=\"M256 8C119 8 8 119 8 256s111 248 248 248 248-111 248-248S393 8 256 8z\"><\/path><\/svg>\t\t\t\t\t\t<\/span>\n\t\t\t\t\t\t\t\t\t\t<span class=\"elementor-icon-list-text\">Y\u00fcksek bas\u0131n\u00e7l\u0131 kompres\u00f6r karb\u00fcr pistonlar\u0131n\u0131n yenilenmesi<\/span>\n\t\t\t\t\t\t\t\t\t<\/li>\n\t\t\t\t\t\t\t\t<li class=\"elementor-icon-list-item\">\n\t\t\t\t\t\t\t\t\t\t\t<span class=\"elementor-icon-list-icon\">\n\t\t\t\t\t\t\t<svg aria-hidden=\"true\" class=\"e-font-icon-svg e-fas-circle\" viewBox=\"0 0 512 512\" xmlns=\"http:\/\/www.w3.org\/2000\/svg\"><path d=\"M256 8C119 8 8 119 8 256s111 248 248 248 248-111 248-248S393 8 256 8z\"><\/path><\/svg>\t\t\t\t\t\t<\/span>\n\t\t\t\t\t\t\t\t\t\t<span class=\"elementor-icon-list-text\">Mitsubishi karb\u00fcr pistonlar<\/span>\n\t\t\t\t\t\t\t\t\t<\/li>\n\t\t\t\t\t\t\t\t<li class=\"elementor-icon-list-item\">\n\t\t\t\t\t\t\t\t\t\t\t<span class=\"elementor-icon-list-icon\">\n\t\t\t\t\t\t\t<svg aria-hidden=\"true\" class=\"e-font-icon-svg e-fas-circle\" viewBox=\"0 0 512 512\" xmlns=\"http:\/\/www.w3.org\/2000\/svg\"><path d=\"M256 8C119 8 8 119 8 256s111 248 248 248 248-111 248-248S393 8 256 8z\"><\/path><\/svg>\t\t\t\t\t\t<\/span>\n\t\t\t\t\t\t\t\t\t\t<span class=\"elementor-icon-list-text\">HP-HVOF kaplamal\u0131 y\u00fcksek bas\u0131n\u00e7l\u0131 kompres\u00f6r pistonlar\u0131<\/span>\n\t\t\t\t\t\t\t\t\t<\/li>\n\t\t\t\t\t\t\t\t<li class=\"elementor-icon-list-item\">\n\t\t\t\t\t\t\t\t\t\t\t<span class=\"elementor-icon-list-icon\">\n\t\t\t\t\t\t\t<svg aria-hidden=\"true\" class=\"e-font-icon-svg e-fas-circle\" viewBox=\"0 0 512 512\" xmlns=\"http:\/\/www.w3.org\/2000\/svg\"><path d=\"M256 8C119 8 8 119 8 256s111 248 248 248 248-111 248-248S393 8 256 8z\"><\/path><\/svg>\t\t\t\t\t\t<\/span>\n\t\t\t\t\t\t\t\t\t\t<span class=\"elementor-icon-list-text\">S\u0131zd\u0131rmazl\u0131k halkalar\u0131 ve conta kapaklar\u0131<\/span>\n\t\t\t\t\t\t\t\t\t<\/li>\n\t\t\t\t\t\t\t\t<li class=\"elementor-icon-list-item\">\n\t\t\t\t\t\t\t\t\t\t\t<span class=\"elementor-icon-list-icon\">\n\t\t\t\t\t\t\t<svg aria-hidden=\"true\" class=\"e-font-icon-svg e-fas-circle\" viewBox=\"0 0 512 512\" xmlns=\"http:\/\/www.w3.org\/2000\/svg\"><path d=\"M256 8C119 8 8 119 8 256s111 248 248 248 248-111 248-248S393 8 256 8z\"><\/path><\/svg>\t\t\t\t\t\t<\/span>\n\t\t\t\t\t\t\t\t\t\t<span class=\"elementor-icon-list-text\">Y\u00fcksek bas\u0131n\u00e7l\u0131 kompres\u00f6r silindir valfleri<\/span>\n\t\t\t\t\t\t\t\t\t<\/li>\n\t\t\t\t\t\t\t\t<li class=\"elementor-icon-list-item\">\n\t\t\t\t\t\t\t\t\t\t\t<span class=\"elementor-icon-list-icon\">\n\t\t\t\t\t\t\t<svg aria-hidden=\"true\" class=\"e-font-icon-svg e-fas-circle\" viewBox=\"0 0 512 512\" xmlns=\"http:\/\/www.w3.org\/2000\/svg\"><path d=\"M256 8C119 8 8 119 8 256s111 248 248 248 248-111 248-248S393 8 256 8z\"><\/path><\/svg>\t\t\t\t\t\t<\/span>\n\t\t\t\t\t\t\t\t\t\t<span class=\"elementor-icon-list-text\">Kataliz\u00f6r enjeksiyon pompalar\u0131<\/span>\n\t\t\t\t\t\t\t\t\t<\/li>\n\t\t\t\t\t\t<\/ul>\n\t\t\t\t<\/div>\n\t\t\t\t<\/div>\n\t\t\t\t<div class=\"elementor-element elementor-element-f5bae6f elementor-widget elementor-widget-heading\" data-id=\"f5bae6f\" data-element_type=\"widget\" data-widget_type=\"heading.default\">\n\t\t\t\t<div class=\"elementor-widget-container\">\n\t\t\t<h2 class=\"elementor-heading-title elementor-size-default\">Polimer pelletleme<\/h2>\t\t<\/div>\n\t\t\t\t<\/div>\n\t\t\t\t<div class=\"elementor-element elementor-element-886e5f2 elementor-icon-list--layout-traditional elementor-list-item-link-full_width elementor-widget elementor-widget-icon-list\" data-id=\"886e5f2\" data-element_type=\"widget\" data-widget_type=\"icon-list.default\">\n\t\t\t\t<div class=\"elementor-widget-container\">\n\t\t\t\t\t<ul class=\"elementor-icon-list-items\">\n\t\t\t\t\t\t\t<li class=\"elementor-icon-list-item\">\n\t\t\t\t\t\t\t\t\t\t\t<span class=\"elementor-icon-list-icon\">\n\t\t\t\t\t\t\t<svg aria-hidden=\"true\" class=\"e-font-icon-svg e-fas-circle\" viewBox=\"0 0 512 512\" xmlns=\"http:\/\/www.w3.org\/2000\/svg\"><path d=\"M256 8C119 8 8 119 8 256s111 248 248 248 248-111 248-248S393 8 256 8z\"><\/path><\/svg>\t\t\t\t\t\t<\/span>\n\t\t\t\t\t\t\t\t\t\t<span class=\"elementor-icon-list-text\">Pelletleme kal\u0131p plakalar\u0131n\u0131n yenilenmesi<\/span>\n\t\t\t\t\t\t\t\t\t<\/li>\n\t\t\t\t\t\t\t\t<li class=\"elementor-icon-list-item\">\n\t\t\t\t\t\t\t\t\t\t\t<span class=\"elementor-icon-list-icon\">\n\t\t\t\t\t\t\t<svg aria-hidden=\"true\" class=\"e-font-icon-svg e-fas-circle\" viewBox=\"0 0 512 512\" xmlns=\"http:\/\/www.w3.org\/2000\/svg\"><path d=\"M256 8C119 8 8 119 8 256s111 248 248 248 248-111 248-248S393 8 256 8z\"><\/path><\/svg>\t\t\t\t\t\t<\/span>\n\t\t\t\t\t\t\t\t\t\t<span class=\"elementor-icon-list-text\">Pelletleme b\u0131\u00e7aklar\u0131<\/span>\n\t\t\t\t\t\t\t\t\t<\/li>\n\t\t\t\t\t\t\t\t<li class=\"elementor-icon-list-item\">\n\t\t\t\t\t\t\t\t\t\t\t<span class=\"elementor-icon-list-icon\">\n\t\t\t\t\t\t\t<svg aria-hidden=\"true\" class=\"e-font-icon-svg e-fas-circle\" viewBox=\"0 0 512 512\" xmlns=\"http:\/\/www.w3.org\/2000\/svg\"><path d=\"M256 8C119 8 8 119 8 256s111 248 248 248 248-111 248-248S393 8 256 8z\"><\/path><\/svg>\t\t\t\t\t\t<\/span>\n\t\t\t\t\t\t\t\t\t\t<span class=\"elementor-icon-list-text\">\u015eerit pelletleme<\/span>\n\t\t\t\t\t\t\t\t\t<\/li>\n\t\t\t\t\t\t<\/ul>\n\t\t\t\t<\/div>\n\t\t\t\t<\/div>\n\t\t\t\t<\/div>\n\t\t<div class=\"elementor-element elementor-element-f41d116 e-con-full e-flex e-con e-child\" data-id=\"f41d116\" data-element_type=\"container\">\n\t\t\t\t<div class=\"elementor-element elementor-element-c1ffe5e elementor-widget elementor-widget-image\" data-id=\"c1ffe5e\" data-element_type=\"widget\" data-widget_type=\"image.default\">\n\t\t\t\t<div class=\"elementor-widget-container\">\n\t\t\t\t\t\t\t\t\t\t\t\t\t<img decoding=\"async\" width=\"1024\" height=\"768\" src=\"https:\/\/onyxenergy.com.tr\/enerji\/wp-content\/uploads\/2025\/05\/die-plate-1.jpg\" class=\"attachment-large size-large wp-image-3266\" alt=\"\" srcset=\"https:\/\/onyxenergy.com.tr\/enerji\/wp-content\/uploads\/2025\/05\/die-plate-1.jpg 1024w, https:\/\/onyxenergy.com.tr\/enerji\/wp-content\/uploads\/2025\/05\/die-plate-1-300x225.jpg 300w, https:\/\/onyxenergy.com.tr\/enerji\/wp-content\/uploads\/2025\/05\/die-plate-1-768x576.jpg 768w\" sizes=\"(max-width: 1024px) 100vw, 1024px\" \/>\t\t\t\t\t\t\t\t\t\t\t\t\t<\/div>\n\t\t\t\t<\/div>\n\t\t\t\t<\/div>\n\t\t\t\t<\/div>\n\t\t\t\t\t<\/div>\n\t\t\t\t<\/div>\n\t\t<div class=\"elementor-element elementor-element-d03dfaf e-flex e-con-boxed e-con e-parent\" data-id=\"d03dfaf\" data-element_type=\"container\">\n\t\t\t\t\t<div class=\"e-con-inner\">\n\t\t\t\t\t<\/div>\n\t\t\t\t<\/div>\n\t\t\t\t<\/div>\n\t\t","protected":false},"excerpt":{"rendered":"<p>Polimer \u00dc retimi Polimer \u00fcretim end\u00fcstrisi i\u00e7in \u00fcr\u00fcn ve hizmetlerimiz LDPE (d\u00fc\u015f\u00fck yo\u011funluklu polietilen) \u00fcretim tesislerinde en kritik karb\u00fcr ve \u00e7elik y\u00fcksek bas\u0131n\u00e7l\u0131 par\u00e7alar\u0131 tedarik ediyor ve yeniliyoruz. 3500 bara kadar \u00e7\u0131kan son derece y\u00fcksek bas\u0131n\u00e7lar ve s\u0131k\u0131\u015ft\u0131r\u0131lm\u0131\u015f etilen gaz\u0131n\u0131n patlay\u0131c\u0131 do\u011fas\u0131, t\u00fcm par\u00e7alar\u0131n ve yenileme i\u015flemlerinin son derece kritik olmas\u0131na neden olmaktad\u0131r. Di\u011fer polimer [&hellip;]<\/p>\n","protected":false},"author":1,"featured_media":0,"parent":0,"menu_order":0,"comment_status":"closed","ping_status":"closed","template":"","meta":{"footnotes":""},"class_list":["post-3263","page","type-page","status-publish","hentry"],"_links":{"self":[{"href":"https:\/\/onyxenergy.com.tr\/enerji\/wp-json\/wp\/v2\/pages\/3263","targetHints":{"allow":["GET"]}}],"collection":[{"href":"https:\/\/onyxenergy.com.tr\/enerji\/wp-json\/wp\/v2\/pages"}],"about":[{"href":"https:\/\/onyxenergy.com.tr\/enerji\/wp-json\/wp\/v2\/types\/page"}],"author":[{"embeddable":true,"href":"https:\/\/onyxenergy.com.tr\/enerji\/wp-json\/wp\/v2\/users\/1"}],"replies":[{"embeddable":true,"href":"https:\/\/onyxenergy.com.tr\/enerji\/wp-json\/wp\/v2\/comments?post=3263"}],"version-history":[{"count":7,"href":"https:\/\/onyxenergy.com.tr\/enerji\/wp-json\/wp\/v2\/pages\/3263\/revisions"}],"predecessor-version":[{"id":3309,"href":"https:\/\/onyxenergy.com.tr\/enerji\/wp-json\/wp\/v2\/pages\/3263\/revisions\/3309"}],"wp:attachment":[{"href":"https:\/\/onyxenergy.com.tr\/enerji\/wp-json\/wp\/v2\/media?parent=3263"}],"curies":[{"name":"wp","href":"https:\/\/api.w.org\/{rel}","templated":true}]}}