{"id":3130,"date":"2025-04-25T15:33:50","date_gmt":"2025-04-25T12:33:50","guid":{"rendered":"https:\/\/onyxenergy.com.tr\/enerji\/?page_id=3130"},"modified":"2025-04-25T15:48:05","modified_gmt":"2025-04-25T12:48:05","slug":"aksesuarlar","status":"publish","type":"page","link":"https:\/\/onyxenergy.com.tr\/enerji\/aksesuarlar\/","title":{"rendered":"Aksesuarlar"},"content":{"rendered":"\t\t<div data-elementor-type=\"wp-page\" data-elementor-id=\"3130\" class=\"elementor elementor-3130\">\n\t\t\t\t<div class=\"elementor-element elementor-element-4557105 e-flex e-con-boxed e-con e-parent\" data-id=\"4557105\" data-element_type=\"container\">\n\t\t\t\t\t<div class=\"e-con-inner\">\n\t\t<div class=\"elementor-element elementor-element-0f06639 e-con-full e-flex e-con e-child\" data-id=\"0f06639\" data-element_type=\"container\">\n\t\t<div class=\"elementor-element elementor-element-6c2b2a1 e-con-full e-flex e-con e-child\" data-id=\"6c2b2a1\" data-element_type=\"container\">\n\t\t\t\t<div class=\"elementor-element elementor-element-4ab5ef7 elementor-widget elementor-widget-heading\" data-id=\"4ab5ef7\" data-element_type=\"widget\" data-widget_type=\"heading.default\">\n\t\t\t\t<div class=\"elementor-widget-container\">\n\t\t\t<h2 class=\"elementor-heading-title elementor-size-default\">Aksesuarlar<\/h2>\t\t<\/div>\n\t\t\t\t<\/div>\n\t\t\t\t<div class=\"elementor-element elementor-element-1ab5bd1 elementor-widget-divider--view-line elementor-widget elementor-widget-divider\" data-id=\"1ab5bd1\" data-element_type=\"widget\" data-widget_type=\"divider.default\">\n\t\t\t\t<div class=\"elementor-widget-container\">\n\t\t\t\t\t<div class=\"elementor-divider\">\n\t\t\t<span class=\"elementor-divider-separator\">\n\t\t\t\t\t\t<\/span>\n\t\t<\/div>\n\t\t\t\t<\/div>\n\t\t\t\t<\/div>\n\t\t\t\t<div class=\"elementor-element elementor-element-e272239 elementor-widget elementor-widget-text-editor\" data-id=\"e272239\" data-element_type=\"widget\" data-widget_type=\"text-editor.default\">\n\t\t\t\t<div class=\"elementor-widget-container\">\n\t\t\t\t\t\t\t<p>Pompa teknolojisi, su ar\u0131tma ve dezenfeksiyon alanlar\u0131nda \u00f6zelle\u015ftirilmi\u015f \u00e7\u00f6z\u00fcmler sunangeni\u015f aksesuar yelpazemizle tan\u0131\u015f\u0131n. Varil ve dozaj pompalar\u0131ndan hassas diyaframl\u0131 pompalara ve klorlama sistemlerine kadar t\u00fcm ihtiya\u00e7lar\u0131n\u0131za uygun aksesuarlar\u0131 sunuyoruz. Sistemlerinizi optimize etmek ve s\u00fcre\u00e7lerinizi daha verimli hale getirmek i\u00e7in do\u011fru aksesuarlar\u0131 ke\u015ffedin.<\/p>\t\t\t\t\t\t<\/div>\n\t\t\t\t<\/div>\n\t\t\t\t<\/div>\n\t\t\t\t<\/div>\n\t\t\t\t<div class=\"elementor-element elementor-element-73c52ab elementor-widget-divider--view-line elementor-widget elementor-widget-divider\" data-id=\"73c52ab\" data-element_type=\"widget\" data-widget_type=\"divider.default\">\n\t\t\t\t<div class=\"elementor-widget-container\">\n\t\t\t\t\t<div class=\"elementor-divider\">\n\t\t\t<span class=\"elementor-divider-separator\">\n\t\t\t\t\t\t<\/span>\n\t\t<\/div>\n\t\t\t\t<\/div>\n\t\t\t\t<\/div>\n\t\t\t\t\t<\/div>\n\t\t\t\t<\/div>\n\t\t<div class=\"elementor-element elementor-element-249e675 e-flex e-con-boxed e-con e-parent\" data-id=\"249e675\" data-element_type=\"container\">\n\t\t\t\t\t<div class=\"e-con-inner\">\n\t\t<div class=\"elementor-element elementor-element-8b82a40 e-con-full e-flex e-con e-child\" data-id=\"8b82a40\" data-element_type=\"container\">\n\t\t\t\t<div class=\"elementor-element elementor-element-7846c6c elementor-widget elementor-widget-heading\" data-id=\"7846c6c\" data-element_type=\"widget\" data-widget_type=\"heading.default\">\n\t\t\t\t<div class=\"elementor-widget-container\">\n\t\t\t<h2 class=\"elementor-heading-title elementor-size-default\">Aksesuar Kategorileri<\/h2>\t\t<\/div>\n\t\t\t\t<\/div>\n\t\t\t\t<div class=\"elementor-element elementor-element-8166438 elementor-widget-divider--view-line elementor-widget elementor-widget-divider\" data-id=\"8166438\" data-element_type=\"widget\" data-widget_type=\"divider.default\">\n\t\t\t\t<div class=\"elementor-widget-container\">\n\t\t\t\t\t<div class=\"elementor-divider\">\n\t\t\t<span class=\"elementor-divider-separator\">\n\t\t\t\t\t\t<\/span>\n\t\t<\/div>\n\t\t\t\t<\/div>\n\t\t\t\t<\/div>\n\t\t\t\t<div class=\"elementor-element elementor-element-59c249b elementor-widget elementor-widget-text-editor\" data-id=\"59c249b\" data-element_type=\"widget\" data-widget_type=\"text-editor.default\">\n\t\t\t\t<div class=\"elementor-widget-container\">\n\t\t\t\t\t\t\t<p>A\u015fa\u011f\u0131daki kategorilerde \u00e7e\u015fitli aksesuarlar bulunmaktad\u0131r:<\/p>\t\t\t\t\t\t<\/div>\n\t\t\t\t<\/div>\n\t\t\t\t<div class=\"elementor-element elementor-element-0d7a7ce elementor-icon-list--layout-traditional elementor-list-item-link-full_width elementor-widget elementor-widget-icon-list\" data-id=\"0d7a7ce\" data-element_type=\"widget\" data-widget_type=\"icon-list.default\">\n\t\t\t\t<div class=\"elementor-widget-container\">\n\t\t\t\t\t<ul class=\"elementor-icon-list-items\">\n\t\t\t\t\t\t\t<li class=\"elementor-icon-list-item\">\n\t\t\t\t\t\t\t\t\t\t\t<span class=\"elementor-icon-list-icon\">\n\t\t\t\t\t\t\t<svg aria-hidden=\"true\" class=\"e-font-icon-svg e-fas-circle\" viewBox=\"0 0 512 512\" xmlns=\"http:\/\/www.w3.org\/2000\/svg\"><path d=\"M256 8C119 8 8 119 8 256s111 248 248 248 248-111 248-248S393 8 256 8z\"><\/path><\/svg>\t\t\t\t\t\t<\/span>\n\t\t\t\t\t\t\t\t\t\t<span class=\"elementor-icon-list-text\">Varil ve Konteyner Pompalar\u0131 Aksesuarlar\u0131: Varil adapt\u00f6rleri, hortum setleri ve ta\u015f\u0131ma kollar\u0131 gibi \u00fcr\u00fcnler i\u00e7erir.\u200b<\/span>\n\t\t\t\t\t\t\t\t\t<\/li>\n\t\t\t\t\t\t\t\t<li class=\"elementor-icon-list-item\">\n\t\t\t\t\t\t\t\t\t\t\t<span class=\"elementor-icon-list-icon\">\n\t\t\t\t\t\t\t<svg aria-hidden=\"true\" class=\"e-font-icon-svg e-fas-circle\" viewBox=\"0 0 512 512\" xmlns=\"http:\/\/www.w3.org\/2000\/svg\"><path d=\"M256 8C119 8 8 119 8 256s111 248 248 248 248-111 248-248S393 8 256 8z\"><\/path><\/svg>\t\t\t\t\t\t<\/span>\n\t\t\t\t\t\t\t\t\t\t<span class=\"elementor-icon-list-text\">Dozaj Pompalar\u0131 Aksesuarlar\u0131: Filtre bas\u0131n\u00e7 d\u00fc\u015f\u00fcr\u00fcc\u00fcler, kontrol kalemleri ve hortum ba\u011flant\u0131 elemanlar\u0131 gibi bile\u015fenleri kapsar.\u200b<\/span>\n\t\t\t\t\t\t\t\t\t<\/li>\n\t\t\t\t\t\t\t\t<li class=\"elementor-icon-list-item\">\n\t\t\t\t\t\t\t\t\t\t\t<span class=\"elementor-icon-list-icon\">\n\t\t\t\t\t\t\t<svg aria-hidden=\"true\" class=\"e-font-icon-svg e-fas-circle\" viewBox=\"0 0 512 512\" xmlns=\"http:\/\/www.w3.org\/2000\/svg\"><path d=\"M256 8C119 8 8 119 8 256s111 248 248 248 248-111 248-248S393 8 256 8z\"><\/path><\/svg>\t\t\t\t\t\t<\/span>\n\t\t\t\t\t\t\t\t\t\t<span class=\"elementor-icon-list-text\">Diyafram Pompalar\u0131 Aksesuarlar\u0131: Titre\u015fim s\u00f6n\u00fcmleyiciler, emi\u015f filtreleri ve ba\u011flant\u0131 par\u00e7alar\u0131 gibi \u00fcr\u00fcnleri i\u00e7erir.\u200b<\/span>\n\t\t\t\t\t\t\t\t\t<\/li>\n\t\t\t\t\t\t\t\t<li class=\"elementor-icon-list-item\">\n\t\t\t\t\t\t\t\t\t\t\t<span class=\"elementor-icon-list-icon\">\n\t\t\t\t\t\t\t<svg aria-hidden=\"true\" class=\"e-font-icon-svg e-fas-circle\" viewBox=\"0 0 512 512\" xmlns=\"http:\/\/www.w3.org\/2000\/svg\"><path d=\"M256 8C119 8 8 119 8 256s111 248 248 248 248-111 248-248S393 8 256 8z\"><\/path><\/svg>\t\t\t\t\t\t<\/span>\n\t\t\t\t\t\t\t\t\t\t<span class=\"elementor-icon-list-text\">Debimetre Aksesuarlar\u0131: Sinyal y\u00fckselticiler, ba\u011flant\u0131 elemanlar\u0131 ve montaj kitleri gibi bile\u015fenleri kapsar.\u200b<\/span>\n\t\t\t\t\t\t\t\t\t<\/li>\n\t\t\t\t\t\t\t\t<li class=\"elementor-icon-list-item\">\n\t\t\t\t\t\t\t\t\t\t\t<span class=\"elementor-icon-list-icon\">\n\t\t\t\t\t\t\t<svg aria-hidden=\"true\" class=\"e-font-icon-svg e-fas-circle\" viewBox=\"0 0 512 512\" xmlns=\"http:\/\/www.w3.org\/2000\/svg\"><path d=\"M256 8C119 8 8 119 8 256s111 248 248 248 248-111 248-248S393 8 256 8z\"><\/path><\/svg>\t\t\t\t\t\t<\/span>\n\t\t\t\t\t\t\t\t\t\t<span class=\"elementor-icon-list-text\">Eksantrik Vidal\u0131 Pompalar Aksesuarlar\u0131: Ayak elekleri, hortum ba\u011flant\u0131lar\u0131 ve montaj aksesuarlar\u0131 gibi \u00fcr\u00fcnleri i\u00e7erir.\u200b<\/span>\n\t\t\t\t\t\t\t\t\t<\/li>\n\t\t\t\t\t\t\t\t<li class=\"elementor-icon-list-item\">\n\t\t\t\t\t\t\t\t\t\t\t<span class=\"elementor-icon-list-icon\">\n\t\t\t\t\t\t\t<svg aria-hidden=\"true\" class=\"e-font-icon-svg e-fas-circle\" viewBox=\"0 0 512 512\" xmlns=\"http:\/\/www.w3.org\/2000\/svg\"><path d=\"M256 8C119 8 8 119 8 256s111 248 248 248 248-111 248-248S393 8 256 8z\"><\/path><\/svg>\t\t\t\t\t\t<\/span>\n\t\t\t\t\t\t\t\t\t\t<span class=\"elementor-icon-list-text\">Klorlama Sistemleri Aksesuarlar\u0131: Gaz dozajlama cihazlar\u0131 i\u00e7in ba\u011flant\u0131 elemanlar\u0131 ve kontrol \u00fcniteleri gibi bile\u015fenleri kapsar.\u200b<\/span>\n\t\t\t\t\t\t\t\t\t<\/li>\n\t\t\t\t\t\t\t\t<li class=\"elementor-icon-list-item\">\n\t\t\t\t\t\t\t\t\t\t\t<span class=\"elementor-icon-list-icon\">\n\t\t\t\t\t\t\t<svg aria-hidden=\"true\" class=\"e-font-icon-svg e-fas-circle\" viewBox=\"0 0 512 512\" xmlns=\"http:\/\/www.w3.org\/2000\/svg\"><path d=\"M256 8C119 8 8 119 8 256s111 248 248 248 248-111 248-248S393 8 256 8z\"><\/path><\/svg>\t\t\t\t\t\t<\/span>\n\t\t\t\t\t\t\t\t\t\t<span class=\"elementor-icon-list-text\">Santrif\u00fcj Pompalar Aksesuarlar\u0131: Hortum ba\u011flant\u0131lar\u0131, emi\u015f filtreleri ve montaj kitleri gibi \u00fcr\u00fcnleri i\u00e7erir.\u200b<\/span>\n\t\t\t\t\t\t\t\t\t<\/li>\n\t\t\t\t\t\t\t\t<li class=\"elementor-icon-list-item\">\n\t\t\t\t\t\t\t\t\t\t\t<span class=\"elementor-icon-list-icon\">\n\t\t\t\t\t\t\t<svg aria-hidden=\"true\" class=\"e-font-icon-svg e-fas-circle\" viewBox=\"0 0 512 512\" xmlns=\"http:\/\/www.w3.org\/2000\/svg\"><path d=\"M256 8C119 8 8 119 8 256s111 248 248 248 248-111 248-248S393 8 256 8z\"><\/path><\/svg>\t\t\t\t\t\t<\/span>\n\t\t\t\t\t\t\t\t\t\t<span class=\"elementor-icon-list-text\">\u00d6l\u00e7\u00fcm ve Kontrol Teknolojisi Aksesuarlar\u0131: Sens\u00f6rler, \u00f6l\u00e7\u00fcm h\u00fccreleri ve sinyal d\u00f6n\u00fc\u015ft\u00fcr\u00fcc\u00fcler gibi bile\u015fenleri kapsar.\u200b<\/span>\n\t\t\t\t\t\t\t\t\t<\/li>\n\t\t\t\t\t\t\t\t<li class=\"elementor-icon-list-item\">\n\t\t\t\t\t\t\t\t\t\t\t<span class=\"elementor-icon-list-icon\">\n\t\t\t\t\t\t\t<svg aria-hidden=\"true\" class=\"e-font-icon-svg e-fas-circle\" viewBox=\"0 0 512 512\" xmlns=\"http:\/\/www.w3.org\/2000\/svg\"><path d=\"M256 8C119 8 8 119 8 256s111 248 248 248 248-111 248-248S393 8 256 8z\"><\/path><\/svg>\t\t\t\t\t\t<\/span>\n\t\t\t\t\t\t\t\t\t\t<span class=\"elementor-icon-list-text\">Kuru Madde Dozajlay\u0131c\u0131 Aksesuarlar\u0131: Besleme hunileri, vidal\u0131 konvey\u00f6rler ve ba\u011flant\u0131 elemanlar\u0131 gibi \u00fcr\u00fcnleri i\u00e7erir.<\/span>\n\t\t\t\t\t\t\t\t\t<\/li>\n\t\t\t\t\t\t<\/ul>\n\t\t\t\t<\/div>\n\t\t\t\t<\/div>\n\t\t\t\t<\/div>\n\t\t\t\t\t<\/div>\n\t\t\t\t<\/div>\n\t\t\t\t<\/div>\n\t\t","protected":false},"excerpt":{"rendered":"<p>Aksesuarlar Pompa teknolojisi, su ar\u0131tma ve dezenfeksiyon alanlar\u0131nda \u00f6zelle\u015ftirilmi\u015f \u00e7\u00f6z\u00fcmler sunangeni\u015f aksesuar yelpazemizle tan\u0131\u015f\u0131n. Varil ve dozaj pompalar\u0131ndan hassas diyaframl\u0131 pompalara ve klorlama sistemlerine kadar t\u00fcm ihtiya\u00e7lar\u0131n\u0131za uygun aksesuarlar\u0131 sunuyoruz. Sistemlerinizi optimize etmek ve s\u00fcre\u00e7lerinizi daha verimli hale getirmek i\u00e7in do\u011fru aksesuarlar\u0131 ke\u015ffedin. Aksesuar Kategorileri A\u015fa\u011f\u0131daki kategorilerde \u00e7e\u015fitli aksesuarlar bulunmaktad\u0131r: Varil ve Konteyner Pompalar\u0131 Aksesuarlar\u0131: [&hellip;]<\/p>\n","protected":false},"author":1,"featured_media":0,"parent":0,"menu_order":0,"comment_status":"closed","ping_status":"closed","template":"","meta":{"footnotes":""},"class_list":["post-3130","page","type-page","status-publish","hentry"],"_links":{"self":[{"href":"https:\/\/onyxenergy.com.tr\/enerji\/wp-json\/wp\/v2\/pages\/3130","targetHints":{"allow":["GET"]}}],"collection":[{"href":"https:\/\/onyxenergy.com.tr\/enerji\/wp-json\/wp\/v2\/pages"}],"about":[{"href":"https:\/\/onyxenergy.com.tr\/enerji\/wp-json\/wp\/v2\/types\/page"}],"author":[{"embeddable":true,"href":"https:\/\/onyxenergy.com.tr\/enerji\/wp-json\/wp\/v2\/users\/1"}],"replies":[{"embeddable":true,"href":"https:\/\/onyxenergy.com.tr\/enerji\/wp-json\/wp\/v2\/comments?post=3130"}],"version-history":[{"count":8,"href":"https:\/\/onyxenergy.com.tr\/enerji\/wp-json\/wp\/v2\/pages\/3130\/revisions"}],"predecessor-version":[{"id":3180,"href":"https:\/\/onyxenergy.com.tr\/enerji\/wp-json\/wp\/v2\/pages\/3130\/revisions\/3180"}],"wp:attachment":[{"href":"https:\/\/onyxenergy.com.tr\/enerji\/wp-json\/wp\/v2\/media?parent=3130"}],"curies":[{"name":"wp","href":"https:\/\/api.w.org\/{rel}","templated":true}]}}