{"id":3106,"date":"2025-04-25T15:30:46","date_gmt":"2025-04-25T12:30:46","guid":{"rendered":"https:\/\/onyxenergy.com.tr\/enerji\/?page_id=3106"},"modified":"2025-04-28T15:30:08","modified_gmt":"2025-04-28T12:30:08","slug":"wobble-plate-pompa","status":"publish","type":"page","link":"https:\/\/onyxenergy.com.tr\/enerji\/wobble-plate-pompa\/","title":{"rendered":"Wobble Plate Pompa"},"content":{"rendered":"\t\t<div data-elementor-type=\"wp-page\" data-elementor-id=\"3106\" class=\"elementor elementor-3106\">\n\t\t\t\t<div class=\"elementor-element elementor-element-4557105 e-flex e-con-boxed e-con e-parent\" data-id=\"4557105\" data-element_type=\"container\">\n\t\t\t\t\t<div class=\"e-con-inner\">\n\t\t<div class=\"elementor-element elementor-element-0f06639 e-con-full e-flex e-con e-child\" data-id=\"0f06639\" data-element_type=\"container\">\n\t\t<div class=\"elementor-element elementor-element-6c2b2a1 e-con-full e-flex e-con e-child\" data-id=\"6c2b2a1\" data-element_type=\"container\">\n\t\t\t\t<div class=\"elementor-element elementor-element-4ab5ef7 elementor-widget elementor-widget-heading\" data-id=\"4ab5ef7\" data-element_type=\"widget\" data-widget_type=\"heading.default\">\n\t\t\t\t<div class=\"elementor-widget-container\">\n\t\t\t<h2 class=\"elementor-heading-title elementor-size-default\">Wobble Plate Pompa<\/h2>\t\t<\/div>\n\t\t\t\t<\/div>\n\t\t\t\t<div class=\"elementor-element elementor-element-1ab5bd1 elementor-widget-divider--view-line elementor-widget elementor-widget-divider\" data-id=\"1ab5bd1\" data-element_type=\"widget\" data-widget_type=\"divider.default\">\n\t\t\t\t<div class=\"elementor-widget-container\">\n\t\t\t\t\t<div class=\"elementor-divider\">\n\t\t\t<span class=\"elementor-divider-separator\">\n\t\t\t\t\t\t<\/span>\n\t\t<\/div>\n\t\t\t\t<\/div>\n\t\t\t\t<\/div>\n\t\t\t\t<div class=\"elementor-element elementor-element-e272239 elementor-widget elementor-widget-text-editor\" data-id=\"e272239\" data-element_type=\"widget\" data-widget_type=\"text-editor.default\">\n\t\t\t\t<div class=\"elementor-widget-container\">\n\t\t\t\t\t\t\t<p>Wobble plate (sal\u0131n\u0131ml\u0131 disk) pompalar, geni\u015f bir uygulama yelpazesinde benzersiz verimlilik ve g\u00fcvenilirlik sunar. \u00dcretim s\u00fcre\u00e7lerinize \u00f6zel uyum sa\u011flayan \u00e7e\u015fitli tasar\u0131m se\u00e7eneklerini,ba\u011flant\u0131 tiplerini ve model alternatiflerini ke\u015ffedin. Maksimum performans ve uzun \u00f6m\u00fcr i\u00e7in tasarlanan bu pompalar, end\u00fcstriyel ihtiya\u00e7lar\u0131n\u0131z i\u00e7in ideal bir tercihtir.<\/p>\t\t\t\t\t\t<\/div>\n\t\t\t\t<\/div>\n\t\t\t\t<\/div>\n\t\t<div class=\"elementor-element elementor-element-02d2d0c e-con-full e-flex e-con e-child\" data-id=\"02d2d0c\" data-element_type=\"container\">\n\t\t\t\t<div class=\"elementor-element elementor-element-608191e elementor-hidden-tablet elementor-hidden-mobile elementor-widget elementor-widget-image\" data-id=\"608191e\" data-element_type=\"widget\" data-widget_type=\"image.default\">\n\t\t\t\t<div class=\"elementor-widget-container\">\n\t\t\t\t\t\t\t\t\t\t\t\t\t<img fetchpriority=\"high\" decoding=\"async\" width=\"764\" height=\"587\" src=\"https:\/\/onyxenergy.com.tr\/enerji\/wp-content\/uploads\/2025\/04\/taumelringpumpe-horizontaler-aufbau_800x800.png\" class=\"attachment-large size-large wp-image-3112\" alt=\"\" srcset=\"https:\/\/onyxenergy.com.tr\/enerji\/wp-content\/uploads\/2025\/04\/taumelringpumpe-horizontaler-aufbau_800x800.png 764w, https:\/\/onyxenergy.com.tr\/enerji\/wp-content\/uploads\/2025\/04\/taumelringpumpe-horizontaler-aufbau_800x800-300x230.png 300w\" sizes=\"(max-width: 764px) 100vw, 764px\" \/>\t\t\t\t\t\t\t\t\t\t\t\t\t<\/div>\n\t\t\t\t<\/div>\n\t\t\t\t<\/div>\n\t\t\t\t<\/div>\n\t\t\t\t<div class=\"elementor-element elementor-element-73c52ab elementor-widget-divider--view-line elementor-widget elementor-widget-divider\" data-id=\"73c52ab\" data-element_type=\"widget\" data-widget_type=\"divider.default\">\n\t\t\t\t<div class=\"elementor-widget-container\">\n\t\t\t\t\t<div class=\"elementor-divider\">\n\t\t\t<span class=\"elementor-divider-separator\">\n\t\t\t\t\t\t<\/span>\n\t\t<\/div>\n\t\t\t\t<\/div>\n\t\t\t\t<\/div>\n\t\t\t\t\t<\/div>\n\t\t\t\t<\/div>\n\t\t<div class=\"elementor-element elementor-element-b890ae7 e-flex e-con-boxed e-con e-parent\" data-id=\"b890ae7\" data-element_type=\"container\">\n\t\t\t\t\t<div class=\"e-con-inner\">\n\t\t<div class=\"elementor-element elementor-element-7f2fcf4 e-con-full e-flex e-con e-child\" data-id=\"7f2fcf4\" data-element_type=\"container\">\n\t\t<div class=\"elementor-element elementor-element-dfafc43 e-con-full e-flex e-con e-child\" data-id=\"dfafc43\" data-element_type=\"container\">\n\t\t\t\t<div class=\"elementor-element elementor-element-85a8de4 elementor-widget elementor-widget-heading\" data-id=\"85a8de4\" data-element_type=\"widget\" data-widget_type=\"heading.default\">\n\t\t\t\t<div class=\"elementor-widget-container\">\n\t\t\t<h2 class=\"elementor-heading-title elementor-size-default\">Genel \u00d6zellikler<\/h2>\t\t<\/div>\n\t\t\t\t<\/div>\n\t\t\t\t<div class=\"elementor-element elementor-element-81456e9 elementor-widget-divider--view-line elementor-widget elementor-widget-divider\" data-id=\"81456e9\" data-element_type=\"widget\" data-widget_type=\"divider.default\">\n\t\t\t\t<div class=\"elementor-widget-container\">\n\t\t\t\t\t<div class=\"elementor-divider\">\n\t\t\t<span class=\"elementor-divider-separator\">\n\t\t\t\t\t\t<\/span>\n\t\t<\/div>\n\t\t\t\t<\/div>\n\t\t\t\t<\/div>\n\t\t\t\t<div class=\"elementor-element elementor-element-c7b0793 elementor-widget elementor-widget-text-editor\" data-id=\"c7b0793\" data-element_type=\"widget\" data-widget_type=\"text-editor.default\">\n\t\t\t\t<div class=\"elementor-widget-container\">\n\t\t\t\t\t\t\t<p>Lutz-Jesco&#8217;nun dozaj pompalar\u0131, hassas ve g\u00fcvenilir s\u0131v\u0131 dozajlamas\u0131 i\u00e7in tasarlanm\u0131\u015ft\u0131r<\/p>\t\t\t\t\t\t<\/div>\n\t\t\t\t<\/div>\n\t\t\t\t<div class=\"elementor-element elementor-element-2416450 elementor-icon-list--layout-traditional elementor-list-item-link-full_width elementor-widget elementor-widget-icon-list\" data-id=\"2416450\" data-element_type=\"widget\" data-widget_type=\"icon-list.default\">\n\t\t\t\t<div class=\"elementor-widget-container\">\n\t\t\t\t\t<ul class=\"elementor-icon-list-items\">\n\t\t\t\t\t\t\t<li class=\"elementor-icon-list-item\">\n\t\t\t\t\t\t\t\t\t\t\t<span class=\"elementor-icon-list-icon\">\n\t\t\t\t\t\t\t<svg aria-hidden=\"true\" class=\"e-font-icon-svg e-fas-circle\" viewBox=\"0 0 512 512\" xmlns=\"http:\/\/www.w3.org\/2000\/svg\"><path d=\"M256 8C119 8 8 119 8 256s111 248 248 248 248-111 248-248S393 8 256 8z\"><\/path><\/svg>\t\t\t\t\t\t<\/span>\n\t\t\t\t\t\t\t\t\t\t<span class=\"elementor-icon-list-text\">Nazik ve D\u00fc\u015f\u00fck Darbeli Transfer: Hassas s\u0131v\u0131lar\u0131n yap\u0131s\u0131n\u0131 bozmadan transferini sa\u011flar.\u200b<\/span>\n\t\t\t\t\t\t\t\t\t<\/li>\n\t\t\t\t\t\t\t\t<li class=\"elementor-icon-list-item\">\n\t\t\t\t\t\t\t\t\t\t\t<span class=\"elementor-icon-list-icon\">\n\t\t\t\t\t\t\t<svg aria-hidden=\"true\" class=\"e-font-icon-svg e-fas-circle\" viewBox=\"0 0 512 512\" xmlns=\"http:\/\/www.w3.org\/2000\/svg\"><path d=\"M256 8C119 8 8 119 8 256s111 248 248 248 248-111 248-248S393 8 256 8z\"><\/path><\/svg>\t\t\t\t\t\t<\/span>\n\t\t\t\t\t\t\t\t\t\t<span class=\"elementor-icon-list-text\">Hassas Dozajlama: Optimum proses kontrol\u00fc i\u00e7in y\u00fcksek dozaj hassasiyeti sunar.\u200b<\/span>\n\t\t\t\t\t\t\t\t\t<\/li>\n\t\t\t\t\t\t\t\t<li class=\"elementor-icon-list-item\">\n\t\t\t\t\t\t\t\t\t\t\t<span class=\"elementor-icon-list-icon\">\n\t\t\t\t\t\t\t<svg aria-hidden=\"true\" class=\"e-font-icon-svg e-fas-circle\" viewBox=\"0 0 512 512\" xmlns=\"http:\/\/www.w3.org\/2000\/svg\"><path d=\"M256 8C119 8 8 119 8 256s111 248 248 248 248-111 248-248S393 8 256 8z\"><\/path><\/svg>\t\t\t\t\t\t<\/span>\n\t\t\t\t\t\t\t\t\t\t<span class=\"elementor-icon-list-text\">Kolay Temizlik ve Sterilizasyon: CIP (Yerinde Temizlik) ve SIP (Yerinde Sterilizasyon) sistemleriyle uyumludur.\u200b<\/span>\n\t\t\t\t\t\t\t\t\t<\/li>\n\t\t\t\t\t\t\t\t<li class=\"elementor-icon-list-item\">\n\t\t\t\t\t\t\t\t\t\t\t<span class=\"elementor-icon-list-icon\">\n\t\t\t\t\t\t\t<svg aria-hidden=\"true\" class=\"e-font-icon-svg e-fas-circle\" viewBox=\"0 0 512 512\" xmlns=\"http:\/\/www.w3.org\/2000\/svg\"><path d=\"M256 8C119 8 8 119 8 256s111 248 248 248 248-111 248-248S393 8 256 8z\"><\/path><\/svg>\t\t\t\t\t\t<\/span>\n\t\t\t\t\t\t\t\t\t\t<span class=\"elementor-icon-list-text\">H\u0131zl\u0131 Bak\u0131m: Pompay\u0131 s\u00f6kmeden h\u0131zl\u0131 bak\u0131m ve servis imkan\u0131 sunar.\u200b<\/span>\n\t\t\t\t\t\t\t\t\t<\/li>\n\t\t\t\t\t\t\t\t<li class=\"elementor-icon-list-item\">\n\t\t\t\t\t\t\t\t\t\t\t<span class=\"elementor-icon-list-icon\">\n\t\t\t\t\t\t\t<svg aria-hidden=\"true\" class=\"e-font-icon-svg e-fas-circle\" viewBox=\"0 0 512 512\" xmlns=\"http:\/\/www.w3.org\/2000\/svg\"><path d=\"M256 8C119 8 8 119 8 256s111 248 248 248 248-111 248-248S393 8 256 8z\"><\/path><\/svg>\t\t\t\t\t\t<\/span>\n\t\t\t\t\t\t\t\t\t\t<span class=\"elementor-icon-list-text\">Enerji Verimlili\u011fi: D\u00fc\u015f\u00fck enerji t\u00fcketimiyle maliyet etkin bir operasyon sunar.\u200b<\/span>\n\t\t\t\t\t\t\t\t\t<\/li>\n\t\t\t\t\t\t\t\t<li class=\"elementor-icon-list-item\">\n\t\t\t\t\t\t\t\t\t\t\t<span class=\"elementor-icon-list-icon\">\n\t\t\t\t\t\t\t<svg aria-hidden=\"true\" class=\"e-font-icon-svg e-fas-circle\" viewBox=\"0 0 512 512\" xmlns=\"http:\/\/www.w3.org\/2000\/svg\"><path d=\"M256 8C119 8 8 119 8 256s111 248 248 248 248-111 248-248S393 8 256 8z\"><\/path><\/svg>\t\t\t\t\t\t<\/span>\n\t\t\t\t\t\t\t\t\t\t<span class=\"elementor-icon-list-text\">Y\u00fcksek G\u00fcvenlik Standartlar\u0131: FDA uyumlulu\u011fu ve ATEX sertifikas\u0131 ile en y\u00fcksek g\u00fcvenlik standartlar\u0131n\u0131 kar\u015f\u0131lar.\u200b<\/span>\n\t\t\t\t\t\t\t\t\t<\/li>\n\t\t\t\t\t\t\t\t<li class=\"elementor-icon-list-item\">\n\t\t\t\t\t\t\t\t\t\t\t<span class=\"elementor-icon-list-icon\">\n\t\t\t\t\t\t\t<svg aria-hidden=\"true\" class=\"e-font-icon-svg e-fas-circle\" viewBox=\"0 0 512 512\" xmlns=\"http:\/\/www.w3.org\/2000\/svg\"><path d=\"M256 8C119 8 8 119 8 256s111 248 248 248 248-111 248-248S393 8 256 8z\"><\/path><\/svg>\t\t\t\t\t\t<\/span>\n\t\t\t\t\t\t\t\t\t\t<span class=\"elementor-icon-list-text\">Opsiyonel S\u0131cakl\u0131k Kontrol\u00fc: Proses kontrol\u00fc i\u00e7in iste\u011fe ba\u011fl\u0131 s\u0131cakl\u0131k kontrol\u00fc veya so\u011futma se\u00e7enekleri mevcuttur.\u200b<\/span>\n\t\t\t\t\t\t\t\t\t<\/li>\n\t\t\t\t\t\t<\/ul>\n\t\t\t\t<\/div>\n\t\t\t\t<\/div>\n\t\t\t\t<\/div>\n\t\t<div class=\"elementor-element elementor-element-f41d116 e-con-full e-flex e-con e-child\" data-id=\"f41d116\" data-element_type=\"container\">\n\t\t\t\t<div class=\"elementor-element elementor-element-c1ffe5e elementor-widget elementor-widget-image\" data-id=\"c1ffe5e\" data-element_type=\"widget\" data-widget_type=\"image.default\">\n\t\t\t\t<div class=\"elementor-widget-container\">\n\t\t\t\t\t\t\t\t\t\t\t\t\t<img decoding=\"async\" width=\"764\" height=\"585\" src=\"https:\/\/onyxenergy.com.tr\/enerji\/wp-content\/uploads\/2025\/04\/taumelringpumpe-vertikaler-aufbau_800x800.png\" class=\"attachment-large size-large wp-image-3111\" alt=\"\" srcset=\"https:\/\/onyxenergy.com.tr\/enerji\/wp-content\/uploads\/2025\/04\/taumelringpumpe-vertikaler-aufbau_800x800.png 764w, https:\/\/onyxenergy.com.tr\/enerji\/wp-content\/uploads\/2025\/04\/taumelringpumpe-vertikaler-aufbau_800x800-300x230.png 300w\" sizes=\"(max-width: 764px) 100vw, 764px\" \/>\t\t\t\t\t\t\t\t\t\t\t\t\t<\/div>\n\t\t\t\t<\/div>\n\t\t\t\t<\/div>\n\t\t\t\t<\/div>\n\t\t\t\t\t<\/div>\n\t\t\t\t<\/div>\n\t\t<div class=\"elementor-element elementor-element-d03dfaf e-flex e-con-boxed e-con e-parent\" data-id=\"d03dfaf\" data-element_type=\"container\">\n\t\t\t\t\t<div class=\"e-con-inner\">\n\t\t\t\t<div class=\"elementor-element elementor-element-49aac22 elementor-widget-divider--view-line elementor-widget elementor-widget-divider\" data-id=\"49aac22\" data-element_type=\"widget\" data-widget_type=\"divider.default\">\n\t\t\t\t<div class=\"elementor-widget-container\">\n\t\t\t\t\t<div class=\"elementor-divider\">\n\t\t\t<span class=\"elementor-divider-separator\">\n\t\t\t\t\t\t<\/span>\n\t\t<\/div>\n\t\t\t\t<\/div>\n\t\t\t\t<\/div>\n\t\t\t\t\t<\/div>\n\t\t\t\t<\/div>\n\t\t<div class=\"elementor-element elementor-element-249e675 e-flex e-con-boxed e-con e-parent\" data-id=\"249e675\" data-element_type=\"container\">\n\t\t\t\t\t<div class=\"e-con-inner\">\n\t\t<div class=\"elementor-element elementor-element-8b82a40 e-con-full e-flex e-con e-child\" data-id=\"8b82a40\" data-element_type=\"container\">\n\t\t\t\t<div class=\"elementor-element elementor-element-7846c6c elementor-widget elementor-widget-heading\" data-id=\"7846c6c\" data-element_type=\"widget\" data-widget_type=\"heading.default\">\n\t\t\t\t<div class=\"elementor-widget-container\">\n\t\t\t<h2 class=\"elementor-heading-title elementor-size-default\">\u00dcr\u00fcn Kategorileri ve Modeller<\/h2>\t\t<\/div>\n\t\t\t\t<\/div>\n\t\t\t\t<div class=\"elementor-element elementor-element-8166438 elementor-widget-divider--view-line elementor-widget elementor-widget-divider\" data-id=\"8166438\" data-element_type=\"widget\" data-widget_type=\"divider.default\">\n\t\t\t\t<div class=\"elementor-widget-container\">\n\t\t\t\t\t<div class=\"elementor-divider\">\n\t\t\t<span class=\"elementor-divider-separator\">\n\t\t\t\t\t\t<\/span>\n\t\t<\/div>\n\t\t\t\t<\/div>\n\t\t\t\t<\/div>\n\t\t\t\t<div class=\"elementor-element elementor-element-59c249b elementor-widget elementor-widget-text-editor\" data-id=\"59c249b\" data-element_type=\"widget\" data-widget_type=\"text-editor.default\">\n\t\t\t\t<div class=\"elementor-widget-container\">\n\t\t\t\t\t\t\t<p>Lutz-Jesco&#8217;nun wobble plate pompalar\u0131, farkl\u0131 uygulama ihtiya\u00e7lar\u0131na g\u00f6re \u00fc\u00e7 ana modelde sunulmaktad\u0131r:<\/p>\t\t\t\t\t\t<\/div>\n\t\t\t\t<\/div>\n\t\t\t\t<div class=\"elementor-element elementor-element-0d7a7ce elementor-icon-list--layout-traditional elementor-list-item-link-full_width elementor-widget elementor-widget-icon-list\" data-id=\"0d7a7ce\" data-element_type=\"widget\" data-widget_type=\"icon-list.default\">\n\t\t\t\t<div class=\"elementor-widget-container\">\n\t\t\t\t\t<ul class=\"elementor-icon-list-items\">\n\t\t\t\t\t\t\t<li class=\"elementor-icon-list-item\">\n\t\t\t\t\t\t\t\t\t\t\t<span class=\"elementor-icon-list-icon\">\n\t\t\t\t\t\t\t<svg aria-hidden=\"true\" class=\"e-font-icon-svg e-fas-circle\" viewBox=\"0 0 512 512\" xmlns=\"http:\/\/www.w3.org\/2000\/svg\"><path d=\"M256 8C119 8 8 119 8 256s111 248 248 248 248-111 248-248S393 8 256 8z\"><\/path><\/svg>\t\t\t\t\t\t<\/span>\n\t\t\t\t\t\t\t\t\t\t<span class=\"elementor-icon-list-text\">TRP015: Saatte 6.000 litreye kadar ak\u0131\u015f kapasitesiyle k\u00fc\u00e7\u00fck ve orta \u00f6l\u00e7ekli uygulamalar i\u00e7in idealdir.<\/span>\n\t\t\t\t\t\t\t\t\t<\/li>\n\t\t\t\t\t\t\t\t<li class=\"elementor-icon-list-item\">\n\t\t\t\t\t\t\t\t\t\t\t<span class=\"elementor-icon-list-icon\">\n\t\t\t\t\t\t\t<svg aria-hidden=\"true\" class=\"e-font-icon-svg e-fas-circle\" viewBox=\"0 0 512 512\" xmlns=\"http:\/\/www.w3.org\/2000\/svg\"><path d=\"M256 8C119 8 8 119 8 256s111 248 248 248 248-111 248-248S393 8 256 8z\"><\/path><\/svg>\t\t\t\t\t\t<\/span>\n\t\t\t\t\t\t\t\t\t\t<span class=\"elementor-icon-list-text\"><div><span style=\"white-space-collapse: collapse;\">TRP030: Saatte 12.000 litreye kadar ak\u0131\u015f kapasitesi sunar ve orta ila b\u00fcy\u00fck \u00f6l\u00e7ekli&nbsp;<\/span><span style=\"white-space-collapse: collapse;\">uygulamalarda kullan\u0131l\u0131r.<\/span><\/div><\/span>\n\t\t\t\t\t\t\t\t\t<\/li>\n\t\t\t\t\t\t\t\t<li class=\"elementor-icon-list-item\">\n\t\t\t\t\t\t\t\t\t\t\t<span class=\"elementor-icon-list-icon\">\n\t\t\t\t\t\t\t<svg aria-hidden=\"true\" class=\"e-font-icon-svg e-fas-circle\" viewBox=\"0 0 512 512\" xmlns=\"http:\/\/www.w3.org\/2000\/svg\"><path d=\"M256 8C119 8 8 119 8 256s111 248 248 248 248-111 248-248S393 8 256 8z\"><\/path><\/svg>\t\t\t\t\t\t<\/span>\n\t\t\t\t\t\t\t\t\t\t<span class=\"elementor-icon-list-text\"><span style=\"white-space-collapse: collapse;\">TRP080: Saatte 30.000 litreye kadar y\u00fcksek ak\u0131\u015f kapasitesiyle b\u00fcy\u00fck end\u00fcstriyel\nuygulamalar i\u00e7in uygundur.<\/span><\/span>\n\t\t\t\t\t\t\t\t\t<\/li>\n\t\t\t\t\t\t\t\t<li class=\"elementor-icon-list-item\">\n\t\t\t\t\t\t\t\t\t\t\t<span class=\"elementor-icon-list-icon\">\n\t\t\t\t\t\t\t<svg aria-hidden=\"true\" class=\"e-font-icon-svg e-fas-circle\" viewBox=\"0 0 512 512\" xmlns=\"http:\/\/www.w3.org\/2000\/svg\"><path d=\"M256 8C119 8 8 119 8 256s111 248 248 248 248-111 248-248S393 8 256 8z\"><\/path><\/svg>\t\t\t\t\t\t<\/span>\n\t\t\t\t\t\t\t\t\t\t<span class=\"elementor-icon-list-text\"><div><span style=\"white-space-collapse: collapse;\">Her model, farkl\u0131 ba\u011flant\u0131 t\u00fcrleri (milk pipe, camlock, flan\u015f ve Tri-Clamp) ve montaj&nbsp;<\/span><span style=\"white-space-collapse: collapse;\">se\u00e7enekleri (dikey, yatay veya mobil) ile \u00f6zelle\u015ftirilebilir.<\/span><\/div><\/span>\n\t\t\t\t\t\t\t\t\t<\/li>\n\t\t\t\t\t\t<\/ul>\n\t\t\t\t<\/div>\n\t\t\t\t<\/div>\n\t\t\t\t<\/div>\n\t\t\t\t\t<\/div>\n\t\t\t\t<\/div>\n\t\t<div class=\"elementor-element elementor-element-719d2a6 e-flex e-con-boxed e-con e-parent\" data-id=\"719d2a6\" data-element_type=\"container\">\n\t\t\t\t\t<div class=\"e-con-inner\">\n\t\t<div class=\"elementor-element elementor-element-9b4db59 e-con-full e-flex e-con e-child\" data-id=\"9b4db59\" data-element_type=\"container\">\n\t\t\t\t<div class=\"elementor-element elementor-element-65131d1 elementor-widget-divider--view-line elementor-widget elementor-widget-divider\" data-id=\"65131d1\" data-element_type=\"widget\" data-widget_type=\"divider.default\">\n\t\t\t\t<div class=\"elementor-widget-container\">\n\t\t\t\t\t<div class=\"elementor-divider\">\n\t\t\t<span class=\"elementor-divider-separator\">\n\t\t\t\t\t\t<\/span>\n\t\t<\/div>\n\t\t\t\t<\/div>\n\t\t\t\t<\/div>\n\t\t\t\t<div class=\"elementor-element elementor-element-1370c3d elementor-widget elementor-widget-heading\" data-id=\"1370c3d\" data-element_type=\"widget\" data-widget_type=\"heading.default\">\n\t\t\t\t<div class=\"elementor-widget-container\">\n\t\t\t<h2 class=\"elementor-heading-title elementor-size-default\">Uygulama Alanlar\u0131<\/h2>\t\t<\/div>\n\t\t\t\t<\/div>\n\t\t\t\t<div class=\"elementor-element elementor-element-481ee27 elementor-widget-divider--view-line elementor-widget elementor-widget-divider\" data-id=\"481ee27\" data-element_type=\"widget\" data-widget_type=\"divider.default\">\n\t\t\t\t<div class=\"elementor-widget-container\">\n\t\t\t\t\t<div class=\"elementor-divider\">\n\t\t\t<span class=\"elementor-divider-separator\">\n\t\t\t\t\t\t<\/span>\n\t\t<\/div>\n\t\t\t\t<\/div>\n\t\t\t\t<\/div>\n\t\t\t\t<div class=\"elementor-element elementor-element-fe7ac34 elementor-widget elementor-widget-text-editor\" data-id=\"fe7ac34\" data-element_type=\"widget\" data-widget_type=\"text-editor.default\">\n\t\t\t\t<div class=\"elementor-widget-container\">\n\t\t\t\t\t\t\t<p>Wobble plate pompalar\u0131, a\u015fa\u011f\u0131daki sekt\u00f6rlerde yayg\u0131n olarak kullan\u0131lmaktad\u0131r:<\/p>\t\t\t\t\t\t<\/div>\n\t\t\t\t<\/div>\n\t\t\t\t<div class=\"elementor-element elementor-element-93b9e44 elementor-icon-list--layout-traditional elementor-list-item-link-full_width elementor-widget elementor-widget-icon-list\" data-id=\"93b9e44\" data-element_type=\"widget\" data-widget_type=\"icon-list.default\">\n\t\t\t\t<div class=\"elementor-widget-container\">\n\t\t\t\t\t<ul class=\"elementor-icon-list-items\">\n\t\t\t\t\t\t\t<li class=\"elementor-icon-list-item\">\n\t\t\t\t\t\t\t\t\t\t\t<span class=\"elementor-icon-list-icon\">\n\t\t\t\t\t\t\t<svg aria-hidden=\"true\" class=\"e-font-icon-svg e-fas-circle\" viewBox=\"0 0 512 512\" xmlns=\"http:\/\/www.w3.org\/2000\/svg\"><path d=\"M256 8C119 8 8 119 8 256s111 248 248 248 248-111 248-248S393 8 256 8z\"><\/path><\/svg>\t\t\t\t\t\t<\/span>\n\t\t\t\t\t\t\t\t\t\t<span class=\"elementor-icon-list-text\">G\u0131da ve \u0130\u00e7ecek End\u00fcstrisi: Y\u00fcksek viskoziteli g\u0131da \u00fcr\u00fcnlerinin transferi.<\/span>\n\t\t\t\t\t\t\t\t\t<\/li>\n\t\t\t\t\t\t\t\t<li class=\"elementor-icon-list-item\">\n\t\t\t\t\t\t\t\t\t\t\t<span class=\"elementor-icon-list-icon\">\n\t\t\t\t\t\t\t<svg aria-hidden=\"true\" class=\"e-font-icon-svg e-fas-circle\" viewBox=\"0 0 512 512\" xmlns=\"http:\/\/www.w3.org\/2000\/svg\"><path d=\"M256 8C119 8 8 119 8 256s111 248 248 248 248-111 248-248S393 8 256 8z\"><\/path><\/svg>\t\t\t\t\t\t<\/span>\n\t\t\t\t\t\t\t\t\t\t<span class=\"elementor-icon-list-text\"><span style=\"white-space-collapse: collapse;\">\u0130la\u00e7 ve Kozmetik Sekt\u00f6r\u00fc: Hassas ve steril s\u0131v\u0131lar\u0131n transferi.<\/span><\/span>\n\t\t\t\t\t\t\t\t\t<\/li>\n\t\t\t\t\t\t\t\t<li class=\"elementor-icon-list-item\">\n\t\t\t\t\t\t\t\t\t\t\t<span class=\"elementor-icon-list-icon\">\n\t\t\t\t\t\t\t<svg aria-hidden=\"true\" class=\"e-font-icon-svg e-fas-circle\" viewBox=\"0 0 512 512\" xmlns=\"http:\/\/www.w3.org\/2000\/svg\"><path d=\"M256 8C119 8 8 119 8 256s111 248 248 248 248-111 248-248S393 8 256 8z\"><\/path><\/svg>\t\t\t\t\t\t<\/span>\n\t\t\t\t\t\t\t\t\t\t<span class=\"elementor-icon-list-text\"><span style=\"white-space-collapse: collapse;\">Boya ve Kaplama End\u00fcstrisi: Viskoz boya ve kaplama malzemelerinin transferi.<\/span><\/span>\n\t\t\t\t\t\t\t\t\t<\/li>\n\t\t\t\t\t\t\t\t<li class=\"elementor-icon-list-item\">\n\t\t\t\t\t\t\t\t\t\t\t<span class=\"elementor-icon-list-icon\">\n\t\t\t\t\t\t\t<svg aria-hidden=\"true\" class=\"e-font-icon-svg e-fas-circle\" viewBox=\"0 0 512 512\" xmlns=\"http:\/\/www.w3.org\/2000\/svg\"><path d=\"M256 8C119 8 8 119 8 256s111 248 248 248 248-111 248-248S393 8 256 8z\"><\/path><\/svg>\t\t\t\t\t\t<\/span>\n\t\t\t\t\t\t\t\t\t\t<span class=\"elementor-icon-list-text\"><div><span style=\"white-space-collapse: collapse;\">Kimya End\u00fcstrisi: A\u015f\u0131nd\u0131r\u0131c\u0131 ve agresif kimyasallar\u0131n g\u00fcvenli transferi.<\/span><\/div><\/span>\n\t\t\t\t\t\t\t\t\t<\/li>\n\t\t\t\t\t\t<\/ul>\n\t\t\t\t<\/div>\n\t\t\t\t<\/div>\n\t\t\t\t<\/div>\n\t\t\t\t\t<\/div>\n\t\t\t\t<\/div>\n\t\t\t\t<\/div>\n\t\t","protected":false},"excerpt":{"rendered":"<p>Wobble Plate Pompa Wobble plate (sal\u0131n\u0131ml\u0131 disk) pompalar, geni\u015f bir uygulama yelpazesinde benzersiz verimlilik ve g\u00fcvenilirlik sunar. \u00dcretim s\u00fcre\u00e7lerinize \u00f6zel uyum sa\u011flayan \u00e7e\u015fitli tasar\u0131m se\u00e7eneklerini,ba\u011flant\u0131 tiplerini ve model alternatiflerini ke\u015ffedin. Maksimum performans ve uzun \u00f6m\u00fcr i\u00e7in tasarlanan bu pompalar, end\u00fcstriyel ihtiya\u00e7lar\u0131n\u0131z i\u00e7in ideal bir tercihtir. Genel \u00d6zellikler Lutz-Jesco&#8217;nun dozaj pompalar\u0131, hassas ve g\u00fcvenilir s\u0131v\u0131 dozajlamas\u0131 [&hellip;]<\/p>\n","protected":false},"author":1,"featured_media":0,"parent":0,"menu_order":0,"comment_status":"closed","ping_status":"closed","template":"","meta":{"footnotes":""},"class_list":["post-3106","page","type-page","status-publish","hentry"],"_links":{"self":[{"href":"https:\/\/onyxenergy.com.tr\/enerji\/wp-json\/wp\/v2\/pages\/3106","targetHints":{"allow":["GET"]}}],"collection":[{"href":"https:\/\/onyxenergy.com.tr\/enerji\/wp-json\/wp\/v2\/pages"}],"about":[{"href":"https:\/\/onyxenergy.com.tr\/enerji\/wp-json\/wp\/v2\/types\/page"}],"author":[{"embeddable":true,"href":"https:\/\/onyxenergy.com.tr\/enerji\/wp-json\/wp\/v2\/users\/1"}],"replies":[{"embeddable":true,"href":"https:\/\/onyxenergy.com.tr\/enerji\/wp-json\/wp\/v2\/comments?post=3106"}],"version-history":[{"count":11,"href":"https:\/\/onyxenergy.com.tr\/enerji\/wp-json\/wp\/v2\/pages\/3106\/revisions"}],"predecessor-version":[{"id":3217,"href":"https:\/\/onyxenergy.com.tr\/enerji\/wp-json\/wp\/v2\/pages\/3106\/revisions\/3217"}],"wp:attachment":[{"href":"https:\/\/onyxenergy.com.tr\/enerji\/wp-json\/wp\/v2\/media?parent=3106"}],"curies":[{"name":"wp","href":"https:\/\/api.w.org\/{rel}","templated":true}]}}