{"id":3085,"date":"2025-04-25T15:29:03","date_gmt":"2025-04-25T12:29:03","guid":{"rendered":"https:\/\/onyxenergy.com.tr\/enerji\/?page_id=3085"},"modified":"2025-04-28T15:26:06","modified_gmt":"2025-04-28T12:26:06","slug":"dezenfeksiyon-sistemleri","status":"publish","type":"page","link":"https:\/\/onyxenergy.com.tr\/enerji\/dezenfeksiyon-sistemleri\/","title":{"rendered":"Dezenfeksiyon Sistemleri"},"content":{"rendered":"\t\t<div data-elementor-type=\"wp-page\" data-elementor-id=\"3085\" class=\"elementor elementor-3085\">\n\t\t\t\t<div class=\"elementor-element elementor-element-4557105 e-flex e-con-boxed e-con e-parent\" data-id=\"4557105\" data-element_type=\"container\">\n\t\t\t\t\t<div class=\"e-con-inner\">\n\t\t<div class=\"elementor-element elementor-element-0f06639 e-con-full e-flex e-con e-child\" data-id=\"0f06639\" data-element_type=\"container\">\n\t\t<div class=\"elementor-element elementor-element-6c2b2a1 e-con-full e-flex e-con e-child\" data-id=\"6c2b2a1\" data-element_type=\"container\">\n\t\t\t\t<div class=\"elementor-element elementor-element-4ab5ef7 elementor-widget elementor-widget-heading\" data-id=\"4ab5ef7\" data-element_type=\"widget\" data-widget_type=\"heading.default\">\n\t\t\t\t<div class=\"elementor-widget-container\">\n\t\t\t<h2 class=\"elementor-heading-title elementor-size-default\">Dezenfeksiyon Sistemleri<\/h2>\t\t<\/div>\n\t\t\t\t<\/div>\n\t\t\t\t<div class=\"elementor-element elementor-element-1ab5bd1 elementor-widget-divider--view-line elementor-widget elementor-widget-divider\" data-id=\"1ab5bd1\" data-element_type=\"widget\" data-widget_type=\"divider.default\">\n\t\t\t\t<div class=\"elementor-widget-container\">\n\t\t\t\t\t<div class=\"elementor-divider\">\n\t\t\t<span class=\"elementor-divider-separator\">\n\t\t\t\t\t\t<\/span>\n\t\t<\/div>\n\t\t\t\t<\/div>\n\t\t\t\t<\/div>\n\t\t\t\t<div class=\"elementor-element elementor-element-e272239 elementor-widget elementor-widget-text-editor\" data-id=\"e272239\" data-element_type=\"widget\" data-widget_type=\"text-editor.default\">\n\t\t\t\t<div class=\"elementor-widget-container\">\n\t\t\t\t\t\t\t<p>Kamuya a\u00e7\u0131k alanlarda, sanayide ve evsel kullan\u0131mda su t\u00fcketimi artt\u0131k\u00e7a, geri d\u00f6n\u00fc\u015f\u00fcme<br \/>odakl\u0131 su ar\u0131tma sistemlerine duyulan ihtiya\u00e7 da giderek artmaktad\u0131r. Ar\u0131tma s\u00fcrecinin son<br \/>a\u015famas\u0131 olan dezenfeksiyon bu noktada kritik bir \u00f6neme sahiptir. Dezenfektanlar\u0131n suya<br \/>sorumlu ve kontroll\u00fc \u015fekilde eklenebilmesi i\u00e7in g\u00fcvenilir dozaj sistemlerine ihtiya\u00e7 vard\u0131r. Bu<br \/>do\u011frultuda, d\u00fcnya \u00e7ap\u0131nda \u00f6nc\u00fc sistem \u00e7\u00f6z\u00fcmleri geli\u015ftirmek \u00fczere yo\u011fun bir Ar-Ge<br \/>\u00e7al\u0131\u015fmas\u0131 y\u00fcr\u00fctt\u00fck. \u0130\u00e7me suyu, y\u00fczme ve s\u00fcs havuzlar\u0131, proses sular\u0131, so\u011futma sistemleri ve<br \/>at\u0131k sular\u0131n dezenfeksiyonunda farkl\u0131 y\u00f6ntemler kullan\u0131lmaktad\u0131r. Bu dezenfeksiyon<br \/>sistemleri; kullan\u0131lan kimyasallar ve teknik tasar\u0131mlar\u0131 a\u00e7\u0131s\u0131ndan birbirinden farkl\u0131l\u0131k g\u00f6sterir.<\/p>\t\t\t\t\t\t<\/div>\n\t\t\t\t<\/div>\n\t\t\t\t<\/div>\n\t\t<div class=\"elementor-element elementor-element-02d2d0c e-con-full e-flex e-con e-child\" data-id=\"02d2d0c\" data-element_type=\"container\">\n\t\t\t\t<div class=\"elementor-element elementor-element-608191e elementor-hidden-tablet elementor-hidden-mobile elementor-widget elementor-widget-image\" data-id=\"608191e\" data-element_type=\"widget\" data-widget_type=\"image.default\">\n\t\t\t\t<div class=\"elementor-widget-container\">\n\t\t\t\t\t\t\t\t\t\t\t\t\t<img fetchpriority=\"high\" decoding=\"async\" width=\"800\" height=\"800\" src=\"https:\/\/onyxenergy.com.tr\/enerji\/wp-content\/uploads\/2025\/04\/kat-chlordioxid_800x800.png\" class=\"attachment-large size-large wp-image-3087\" alt=\"\" srcset=\"https:\/\/onyxenergy.com.tr\/enerji\/wp-content\/uploads\/2025\/04\/kat-chlordioxid_800x800.png 800w, https:\/\/onyxenergy.com.tr\/enerji\/wp-content\/uploads\/2025\/04\/kat-chlordioxid_800x800-300x300.png 300w, https:\/\/onyxenergy.com.tr\/enerji\/wp-content\/uploads\/2025\/04\/kat-chlordioxid_800x800-150x150.png 150w, https:\/\/onyxenergy.com.tr\/enerji\/wp-content\/uploads\/2025\/04\/kat-chlordioxid_800x800-768x768.png 768w\" sizes=\"(max-width: 800px) 100vw, 800px\" \/>\t\t\t\t\t\t\t\t\t\t\t\t\t<\/div>\n\t\t\t\t<\/div>\n\t\t\t\t<\/div>\n\t\t\t\t<\/div>\n\t\t\t\t<div class=\"elementor-element elementor-element-73c52ab elementor-widget-divider--view-line elementor-widget elementor-widget-divider\" data-id=\"73c52ab\" data-element_type=\"widget\" data-widget_type=\"divider.default\">\n\t\t\t\t<div class=\"elementor-widget-container\">\n\t\t\t\t\t<div class=\"elementor-divider\">\n\t\t\t<span class=\"elementor-divider-separator\">\n\t\t\t\t\t\t<\/span>\n\t\t<\/div>\n\t\t\t\t<\/div>\n\t\t\t\t<\/div>\n\t\t\t\t\t<\/div>\n\t\t\t\t<\/div>\n\t\t<div class=\"elementor-element elementor-element-b890ae7 e-flex e-con-boxed e-con e-parent\" data-id=\"b890ae7\" data-element_type=\"container\">\n\t\t\t\t\t<div class=\"e-con-inner\">\n\t\t<div class=\"elementor-element elementor-element-7f2fcf4 e-con-full e-flex e-con e-child\" data-id=\"7f2fcf4\" data-element_type=\"container\">\n\t\t<div class=\"elementor-element elementor-element-dfafc43 e-con-full e-flex e-con e-child\" data-id=\"dfafc43\" data-element_type=\"container\">\n\t\t\t\t<div class=\"elementor-element elementor-element-85a8de4 elementor-widget elementor-widget-heading\" data-id=\"85a8de4\" data-element_type=\"widget\" data-widget_type=\"heading.default\">\n\t\t\t\t<div class=\"elementor-widget-container\">\n\t\t\t<h2 class=\"elementor-heading-title elementor-size-default\">Genel \u00d6zellikler<\/h2>\t\t<\/div>\n\t\t\t\t<\/div>\n\t\t\t\t<div class=\"elementor-element elementor-element-81456e9 elementor-widget-divider--view-line elementor-widget elementor-widget-divider\" data-id=\"81456e9\" data-element_type=\"widget\" data-widget_type=\"divider.default\">\n\t\t\t\t<div class=\"elementor-widget-container\">\n\t\t\t\t\t<div class=\"elementor-divider\">\n\t\t\t<span class=\"elementor-divider-separator\">\n\t\t\t\t\t\t<\/span>\n\t\t<\/div>\n\t\t\t\t<\/div>\n\t\t\t\t<\/div>\n\t\t\t\t<div class=\"elementor-element elementor-element-c7b0793 elementor-widget elementor-widget-text-editor\" data-id=\"c7b0793\" data-element_type=\"widget\" data-widget_type=\"text-editor.default\">\n\t\t\t\t<div class=\"elementor-widget-container\">\n\t\t\t\t\t\t\t<p>Lutz-Jesco dezenfeksiyon sistemleri, a\u015fa\u011f\u0131daki \u00f6zellikleriyle \u00f6ne \u00e7\u0131kar:<\/p>\t\t\t\t\t\t<\/div>\n\t\t\t\t<\/div>\n\t\t\t\t<div class=\"elementor-element elementor-element-2416450 elementor-icon-list--layout-traditional elementor-list-item-link-full_width elementor-widget elementor-widget-icon-list\" data-id=\"2416450\" data-element_type=\"widget\" data-widget_type=\"icon-list.default\">\n\t\t\t\t<div class=\"elementor-widget-container\">\n\t\t\t\t\t<ul class=\"elementor-icon-list-items\">\n\t\t\t\t\t\t\t<li class=\"elementor-icon-list-item\">\n\t\t\t\t\t\t\t\t\t\t\t<span class=\"elementor-icon-list-icon\">\n\t\t\t\t\t\t\t<svg aria-hidden=\"true\" class=\"e-font-icon-svg e-fas-circle\" viewBox=\"0 0 512 512\" xmlns=\"http:\/\/www.w3.org\/2000\/svg\"><path d=\"M256 8C119 8 8 119 8 256s111 248 248 248 248-111 248-248S393 8 256 8z\"><\/path><\/svg>\t\t\t\t\t\t<\/span>\n\t\t\t\t\t\t\t\t\t\t<span class=\"elementor-icon-list-text\">G\u00fcvenilir Dozajlama: Dezenfektanlar\u0131n suya do\u011fru ve g\u00fcvenli bir \u015fekilde eklenmesini sa\u011flar.\u200b<\/span>\n\t\t\t\t\t\t\t\t\t<\/li>\n\t\t\t\t\t\t\t\t<li class=\"elementor-icon-list-item\">\n\t\t\t\t\t\t\t\t\t\t\t<span class=\"elementor-icon-list-icon\">\n\t\t\t\t\t\t\t<svg aria-hidden=\"true\" class=\"e-font-icon-svg e-fas-circle\" viewBox=\"0 0 512 512\" xmlns=\"http:\/\/www.w3.org\/2000\/svg\"><path d=\"M256 8C119 8 8 119 8 256s111 248 248 248 248-111 248-248S393 8 256 8z\"><\/path><\/svg>\t\t\t\t\t\t<\/span>\n\t\t\t\t\t\t\t\t\t\t<span class=\"elementor-icon-list-text\">Y\u00fcksek Verimlilik: Farkl\u0131 su t\u00fcrlerinde etkili dezenfeksiyon sa\u011flayarak su kalitesini art\u0131r\u0131r.\u200b<\/span>\n\t\t\t\t\t\t\t\t\t<\/li>\n\t\t\t\t\t\t\t\t<li class=\"elementor-icon-list-item\">\n\t\t\t\t\t\t\t\t\t\t\t<span class=\"elementor-icon-list-icon\">\n\t\t\t\t\t\t\t<svg aria-hidden=\"true\" class=\"e-font-icon-svg e-fas-circle\" viewBox=\"0 0 512 512\" xmlns=\"http:\/\/www.w3.org\/2000\/svg\"><path d=\"M256 8C119 8 8 119 8 256s111 248 248 248 248-111 248-248S393 8 256 8z\"><\/path><\/svg>\t\t\t\t\t\t<\/span>\n\t\t\t\t\t\t\t\t\t\t<span class=\"elementor-icon-list-text\">Mod\u00fcler Tasar\u0131m: Farkl\u0131 uygulama ihtiya\u00e7lar\u0131na uyum sa\u011flayacak \u015fekilde esnek yap\u0131dad\u0131r.\u200b<\/span>\n\t\t\t\t\t\t\t\t\t<\/li>\n\t\t\t\t\t\t\t\t<li class=\"elementor-icon-list-item\">\n\t\t\t\t\t\t\t\t\t\t\t<span class=\"elementor-icon-list-icon\">\n\t\t\t\t\t\t\t<svg aria-hidden=\"true\" class=\"e-font-icon-svg e-fas-circle\" viewBox=\"0 0 512 512\" xmlns=\"http:\/\/www.w3.org\/2000\/svg\"><path d=\"M256 8C119 8 8 119 8 256s111 248 248 248 248-111 248-248S393 8 256 8z\"><\/path><\/svg>\t\t\t\t\t\t<\/span>\n\t\t\t\t\t\t\t\t\t\t<span class=\"elementor-icon-list-text\">Kolay Entegrasyon: Mevcut su ar\u0131tma sistemlerine sorunsuz bir \u015fekilde entegre edilebilir.\u200b<\/span>\n\t\t\t\t\t\t\t\t\t<\/li>\n\t\t\t\t\t\t\t\t<li class=\"elementor-icon-list-item\">\n\t\t\t\t\t\t\t\t\t\t\t<span class=\"elementor-icon-list-icon\">\n\t\t\t\t\t\t\t<svg aria-hidden=\"true\" class=\"e-font-icon-svg e-fas-circle\" viewBox=\"0 0 512 512\" xmlns=\"http:\/\/www.w3.org\/2000\/svg\"><path d=\"M256 8C119 8 8 119 8 256s111 248 248 248 248-111 248-248S393 8 256 8z\"><\/path><\/svg>\t\t\t\t\t\t<\/span>\n\t\t\t\t\t\t\t\t\t\t<span class=\"elementor-icon-list-text\">Peristaltik Pompalar: A\u015f\u0131nd\u0131r\u0131c\u0131 veya viskoz s\u0131v\u0131lar\u0131n dozajlanmas\u0131nda kullan\u0131l\u0131r.\u200b<\/span>\n\t\t\t\t\t\t\t\t\t<\/li>\n\t\t\t\t\t\t<\/ul>\n\t\t\t\t<\/div>\n\t\t\t\t<\/div>\n\t\t\t\t<\/div>\n\t\t<div class=\"elementor-element elementor-element-f41d116 e-con-full e-flex e-con e-child\" data-id=\"f41d116\" data-element_type=\"container\">\n\t\t\t\t<div class=\"elementor-element elementor-element-c1ffe5e elementor-widget elementor-widget-image\" data-id=\"c1ffe5e\" data-element_type=\"widget\" data-widget_type=\"image.default\">\n\t\t\t\t<div class=\"elementor-widget-container\">\n\t\t\t\t\t\t\t\t\t\t\t\t\t<img decoding=\"async\" width=\"800\" height=\"800\" src=\"https:\/\/onyxenergy.com.tr\/enerji\/wp-content\/uploads\/2025\/04\/kat-calciumhypochloritanlagen_800x800.png\" class=\"attachment-large size-large wp-image-3088\" alt=\"\" srcset=\"https:\/\/onyxenergy.com.tr\/enerji\/wp-content\/uploads\/2025\/04\/kat-calciumhypochloritanlagen_800x800.png 800w, https:\/\/onyxenergy.com.tr\/enerji\/wp-content\/uploads\/2025\/04\/kat-calciumhypochloritanlagen_800x800-300x300.png 300w, https:\/\/onyxenergy.com.tr\/enerji\/wp-content\/uploads\/2025\/04\/kat-calciumhypochloritanlagen_800x800-150x150.png 150w, https:\/\/onyxenergy.com.tr\/enerji\/wp-content\/uploads\/2025\/04\/kat-calciumhypochloritanlagen_800x800-768x768.png 768w\" sizes=\"(max-width: 800px) 100vw, 800px\" \/>\t\t\t\t\t\t\t\t\t\t\t\t\t<\/div>\n\t\t\t\t<\/div>\n\t\t\t\t<\/div>\n\t\t\t\t<\/div>\n\t\t\t\t\t<\/div>\n\t\t\t\t<\/div>\n\t\t<div class=\"elementor-element elementor-element-d03dfaf e-flex e-con-boxed e-con e-parent\" data-id=\"d03dfaf\" data-element_type=\"container\">\n\t\t\t\t\t<div class=\"e-con-inner\">\n\t\t\t\t<div class=\"elementor-element elementor-element-49aac22 elementor-widget-divider--view-line elementor-widget elementor-widget-divider\" data-id=\"49aac22\" data-element_type=\"widget\" data-widget_type=\"divider.default\">\n\t\t\t\t<div class=\"elementor-widget-container\">\n\t\t\t\t\t<div class=\"elementor-divider\">\n\t\t\t<span class=\"elementor-divider-separator\">\n\t\t\t\t\t\t<\/span>\n\t\t<\/div>\n\t\t\t\t<\/div>\n\t\t\t\t<\/div>\n\t\t\t\t\t<\/div>\n\t\t\t\t<\/div>\n\t\t<div class=\"elementor-element elementor-element-ffdfb48 e-flex e-con-boxed e-con e-parent\" data-id=\"ffdfb48\" data-element_type=\"container\">\n\t\t\t\t\t<div class=\"e-con-inner\">\n\t\t<div class=\"elementor-element elementor-element-97f5e91 e-con-full e-flex e-con e-child\" data-id=\"97f5e91\" data-element_type=\"container\">\n\t\t\t\t<div class=\"elementor-element elementor-element-ddbaeb6 elementor-widget elementor-widget-heading\" data-id=\"ddbaeb6\" data-element_type=\"widget\" data-widget_type=\"heading.default\">\n\t\t\t\t<div class=\"elementor-widget-container\">\n\t\t\t<h2 class=\"elementor-heading-title elementor-size-default\">Uygulama Alanlar\u0131<\/h2>\t\t<\/div>\n\t\t\t\t<\/div>\n\t\t\t\t<div class=\"elementor-element elementor-element-e4680d8 elementor-widget-divider--view-line elementor-widget elementor-widget-divider\" data-id=\"e4680d8\" data-element_type=\"widget\" data-widget_type=\"divider.default\">\n\t\t\t\t<div class=\"elementor-widget-container\">\n\t\t\t\t\t<div class=\"elementor-divider\">\n\t\t\t<span class=\"elementor-divider-separator\">\n\t\t\t\t\t\t<\/span>\n\t\t<\/div>\n\t\t\t\t<\/div>\n\t\t\t\t<\/div>\n\t\t\t\t<div class=\"elementor-element elementor-element-cb4a37e elementor-widget elementor-widget-text-editor\" data-id=\"cb4a37e\" data-element_type=\"widget\" data-widget_type=\"text-editor.default\">\n\t\t\t\t<div class=\"elementor-widget-container\">\n\t\t\t\t\t\t\t<p>Bu sistemler, a\u015fa\u011f\u0131daki alanlarda yayg\u0131n olarak kullan\u0131lmaktad\u0131r:<\/p>\t\t\t\t\t\t<\/div>\n\t\t\t\t<\/div>\n\t\t\t\t<div class=\"elementor-element elementor-element-6652c69 elementor-icon-list--layout-traditional elementor-list-item-link-full_width elementor-widget elementor-widget-icon-list\" data-id=\"6652c69\" data-element_type=\"widget\" data-widget_type=\"icon-list.default\">\n\t\t\t\t<div class=\"elementor-widget-container\">\n\t\t\t\t\t<ul class=\"elementor-icon-list-items\">\n\t\t\t\t\t\t\t<li class=\"elementor-icon-list-item\">\n\t\t\t\t\t\t\t\t\t\t\t<span class=\"elementor-icon-list-icon\">\n\t\t\t\t\t\t\t<svg aria-hidden=\"true\" class=\"e-font-icon-svg e-fas-circle\" viewBox=\"0 0 512 512\" xmlns=\"http:\/\/www.w3.org\/2000\/svg\"><path d=\"M256 8C119 8 8 119 8 256s111 248 248 248 248-111 248-248S393 8 256 8z\"><\/path><\/svg>\t\t\t\t\t\t<\/span>\n\t\t\t\t\t\t\t\t\t\t<span class=\"elementor-icon-list-text\">\u0130\u00e7me Suyu Ar\u0131t\u0131m\u0131: Su kaynaklar\u0131n\u0131n dezenfeksiyonu ve g\u00fcvenli i\u00e7me suyu temini.<\/span>\n\t\t\t\t\t\t\t\t\t<\/li>\n\t\t\t\t\t\t\t\t<li class=\"elementor-icon-list-item\">\n\t\t\t\t\t\t\t\t\t\t\t<span class=\"elementor-icon-list-icon\">\n\t\t\t\t\t\t\t<svg aria-hidden=\"true\" class=\"e-font-icon-svg e-fas-circle\" viewBox=\"0 0 512 512\" xmlns=\"http:\/\/www.w3.org\/2000\/svg\"><path d=\"M256 8C119 8 8 119 8 256s111 248 248 248 248-111 248-248S393 8 256 8z\"><\/path><\/svg>\t\t\t\t\t\t<\/span>\n\t\t\t\t\t\t\t\t\t\t<span class=\"elementor-icon-list-text\"><div><span style=\"white-space-collapse: collapse;\">Y\u00fczme Havuzlar\u0131: Havuz sular\u0131n\u0131n hijyenik ko\u015fullarda tutulmas\u0131 ve kullan\u0131c\u0131 sa\u011fl\u0131\u011f\u0131n\u0131n&nbsp;<\/span><span style=\"white-space-collapse: collapse;\">korunmas\u0131.<\/span><\/div><\/span>\n\t\t\t\t\t\t\t\t\t<\/li>\n\t\t\t\t\t\t\t\t<li class=\"elementor-icon-list-item\">\n\t\t\t\t\t\t\t\t\t\t\t<span class=\"elementor-icon-list-icon\">\n\t\t\t\t\t\t\t<svg aria-hidden=\"true\" class=\"e-font-icon-svg e-fas-circle\" viewBox=\"0 0 512 512\" xmlns=\"http:\/\/www.w3.org\/2000\/svg\"><path d=\"M256 8C119 8 8 119 8 256s111 248 248 248 248-111 248-248S393 8 256 8z\"><\/path><\/svg>\t\t\t\t\t\t<\/span>\n\t\t\t\t\t\t\t\t\t\t<span class=\"elementor-icon-list-text\"><div><span style=\"white-space-collapse: collapse;\">End\u00fcstriyel Prosesler: Proses suyu ve so\u011futma suyu sistemlerinde mikrobiyolojik&nbsp;<\/span><span style=\"white-space-collapse: collapse;\">kontrol.<\/span><\/div><\/span>\n\t\t\t\t\t\t\t\t\t<\/li>\n\t\t\t\t\t\t\t\t<li class=\"elementor-icon-list-item\">\n\t\t\t\t\t\t\t\t\t\t\t<span class=\"elementor-icon-list-icon\">\n\t\t\t\t\t\t\t<svg aria-hidden=\"true\" class=\"e-font-icon-svg e-fas-circle\" viewBox=\"0 0 512 512\" xmlns=\"http:\/\/www.w3.org\/2000\/svg\"><path d=\"M256 8C119 8 8 119 8 256s111 248 248 248 248-111 248-248S393 8 256 8z\"><\/path><\/svg>\t\t\t\t\t\t<\/span>\n\t\t\t\t\t\t\t\t\t\t<span class=\"elementor-icon-list-text\"><div><span style=\"white-space-collapse: collapse;\">At\u0131k Su Ar\u0131t\u0131m\u0131: At\u0131k sular\u0131n \u00e7evreye zarar vermeden bertaraf edilmesi i\u00e7in&nbsp;<\/span><span style=\"white-space-collapse: collapse;\">dezenfeksiyon.<\/span><\/div><\/span>\n\t\t\t\t\t\t\t\t\t<\/li>\n\t\t\t\t\t\t<\/ul>\n\t\t\t\t<\/div>\n\t\t\t\t<\/div>\n\t\t\t\t<\/div>\n\t\t\t\t\t<\/div>\n\t\t\t\t<\/div>\n\t\t<div class=\"elementor-element elementor-element-249e675 e-flex e-con-boxed e-con e-parent\" data-id=\"249e675\" data-element_type=\"container\">\n\t\t\t\t\t<div class=\"e-con-inner\">\n\t\t<div class=\"elementor-element elementor-element-8b82a40 e-con-full e-flex e-con e-child\" data-id=\"8b82a40\" data-element_type=\"container\">\n\t\t\t\t<div class=\"elementor-element elementor-element-7846c6c elementor-widget elementor-widget-heading\" data-id=\"7846c6c\" data-element_type=\"widget\" data-widget_type=\"heading.default\">\n\t\t\t\t<div class=\"elementor-widget-container\">\n\t\t\t<h2 class=\"elementor-heading-title elementor-size-default\">\u00dcr\u00fcn Kategorileri<\/h2>\t\t<\/div>\n\t\t\t\t<\/div>\n\t\t\t\t<div class=\"elementor-element elementor-element-8166438 elementor-widget-divider--view-line elementor-widget elementor-widget-divider\" data-id=\"8166438\" data-element_type=\"widget\" data-widget_type=\"divider.default\">\n\t\t\t\t<div class=\"elementor-widget-container\">\n\t\t\t\t\t<div class=\"elementor-divider\">\n\t\t\t<span class=\"elementor-divider-separator\">\n\t\t\t\t\t\t<\/span>\n\t\t<\/div>\n\t\t\t\t<\/div>\n\t\t\t\t<\/div>\n\t\t\t\t<div class=\"elementor-element elementor-element-59c249b elementor-widget elementor-widget-text-editor\" data-id=\"59c249b\" data-element_type=\"widget\" data-widget_type=\"text-editor.default\">\n\t\t\t\t<div class=\"elementor-widget-container\">\n\t\t\t\t\t\t\t<p>Lutz-Jesco&#8217;nun dezenfeksiyon sistemleri, kullan\u0131lan kimyasal maddeye ve uygulama alan\u0131na g\u00f6re a\u015fa\u011f\u0131daki kategorilere ayr\u0131lmaktad\u0131r:<\/p>\t\t\t\t\t\t<\/div>\n\t\t\t\t<\/div>\n\t\t\t\t<div class=\"elementor-element elementor-element-0d7a7ce elementor-icon-list--layout-traditional elementor-list-item-link-full_width elementor-widget elementor-widget-icon-list\" data-id=\"0d7a7ce\" data-element_type=\"widget\" data-widget_type=\"icon-list.default\">\n\t\t\t\t<div class=\"elementor-widget-container\">\n\t\t\t\t\t<ul class=\"elementor-icon-list-items\">\n\t\t\t\t\t\t\t<li class=\"elementor-icon-list-item\">\n\t\t\t\t\t\t\t\t\t\t\t<span class=\"elementor-icon-list-icon\">\n\t\t\t\t\t\t\t<svg aria-hidden=\"true\" class=\"e-font-icon-svg e-fas-circle\" viewBox=\"0 0 512 512\" xmlns=\"http:\/\/www.w3.org\/2000\/svg\"><path d=\"M256 8C119 8 8 119 8 256s111 248 248 248 248-111 248-248S393 8 256 8z\"><\/path><\/svg>\t\t\t\t\t\t<\/span>\n\t\t\t\t\t\t\t\t\t\t<span class=\"elementor-icon-list-text\">Klor dioksit sistemleri: Klor dioksit \u00fcretimi ve dozajlamas\u0131 i\u00e7in tasarlanm\u0131\u015f sistemlerdir.<\/span>\n\t\t\t\t\t\t\t\t\t<\/li>\n\t\t\t\t\t\t\t\t<li class=\"elementor-icon-list-item\">\n\t\t\t\t\t\t\t\t\t\t\t<span class=\"elementor-icon-list-icon\">\n\t\t\t\t\t\t\t<svg aria-hidden=\"true\" class=\"e-font-icon-svg e-fas-circle\" viewBox=\"0 0 512 512\" xmlns=\"http:\/\/www.w3.org\/2000\/svg\"><path d=\"M256 8C119 8 8 119 8 256s111 248 248 248 248-111 248-248S393 8 256 8z\"><\/path><\/svg>\t\t\t\t\t\t<\/span>\n\t\t\t\t\t\t\t\t\t\t<span class=\"elementor-icon-list-text\"><div><span style=\"white-space-collapse: collapse;\">Kalsiyum hipoklorit sistemleri: Kalsiyum hipoklorit bazl\u0131 dezenfeksiyon \u00e7\u00f6z\u00fcmleri&nbsp;<\/span><span style=\"white-space-collapse: collapse;\">sunar.<\/span><\/div><\/span>\n\t\t\t\t\t\t\t\t\t<\/li>\n\t\t\t\t\t\t\t\t<li class=\"elementor-icon-list-item\">\n\t\t\t\t\t\t\t\t\t\t\t<span class=\"elementor-icon-list-icon\">\n\t\t\t\t\t\t\t<svg aria-hidden=\"true\" class=\"e-font-icon-svg e-fas-circle\" viewBox=\"0 0 512 512\" xmlns=\"http:\/\/www.w3.org\/2000\/svg\"><path d=\"M256 8C119 8 8 119 8 256s111 248 248 248 248-111 248-248S393 8 256 8z\"><\/path><\/svg>\t\t\t\t\t\t<\/span>\n\t\t\t\t\t\t\t\t\t\t<span class=\"elementor-icon-list-text\"><div><span style=\"white-space-collapse: collapse;\">Elektroliz sistemleri: Tuzlu sudan elektroliz yoluyla dezenfektan \u00fcretimi sa\u011flayan&nbsp;<\/span><span style=\"white-space-collapse: collapse;\">sistemlerdir.<\/span><\/div><\/span>\n\t\t\t\t\t\t\t\t\t<\/li>\n\t\t\t\t\t\t<\/ul>\n\t\t\t\t<\/div>\n\t\t\t\t<\/div>\n\t\t\t\t<\/div>\n\t\t\t\t\t<\/div>\n\t\t\t\t<\/div>\n\t\t\t\t<\/div>\n\t\t","protected":false},"excerpt":{"rendered":"<p>Dezenfeksiyon Sistemleri Kamuya a\u00e7\u0131k alanlarda, sanayide ve evsel kullan\u0131mda su t\u00fcketimi artt\u0131k\u00e7a, geri d\u00f6n\u00fc\u015f\u00fcmeodakl\u0131 su ar\u0131tma sistemlerine duyulan ihtiya\u00e7 da giderek artmaktad\u0131r. Ar\u0131tma s\u00fcrecinin sona\u015famas\u0131 olan dezenfeksiyon bu noktada kritik bir \u00f6neme sahiptir. Dezenfektanlar\u0131n suyasorumlu ve kontroll\u00fc \u015fekilde eklenebilmesi i\u00e7in g\u00fcvenilir dozaj sistemlerine ihtiya\u00e7 vard\u0131r. Budo\u011frultuda, d\u00fcnya \u00e7ap\u0131nda \u00f6nc\u00fc sistem \u00e7\u00f6z\u00fcmleri geli\u015ftirmek \u00fczere yo\u011fun bir [&hellip;]<\/p>\n","protected":false},"author":1,"featured_media":0,"parent":0,"menu_order":0,"comment_status":"closed","ping_status":"closed","template":"","meta":{"footnotes":""},"class_list":["post-3085","page","type-page","status-publish","hentry"],"_links":{"self":[{"href":"https:\/\/onyxenergy.com.tr\/enerji\/wp-json\/wp\/v2\/pages\/3085","targetHints":{"allow":["GET"]}}],"collection":[{"href":"https:\/\/onyxenergy.com.tr\/enerji\/wp-json\/wp\/v2\/pages"}],"about":[{"href":"https:\/\/onyxenergy.com.tr\/enerji\/wp-json\/wp\/v2\/types\/page"}],"author":[{"embeddable":true,"href":"https:\/\/onyxenergy.com.tr\/enerji\/wp-json\/wp\/v2\/users\/1"}],"replies":[{"embeddable":true,"href":"https:\/\/onyxenergy.com.tr\/enerji\/wp-json\/wp\/v2\/comments?post=3085"}],"version-history":[{"count":8,"href":"https:\/\/onyxenergy.com.tr\/enerji\/wp-json\/wp\/v2\/pages\/3085\/revisions"}],"predecessor-version":[{"id":3207,"href":"https:\/\/onyxenergy.com.tr\/enerji\/wp-json\/wp\/v2\/pages\/3085\/revisions\/3207"}],"wp:attachment":[{"href":"https:\/\/onyxenergy.com.tr\/enerji\/wp-json\/wp\/v2\/media?parent=3085"}],"curies":[{"name":"wp","href":"https:\/\/api.w.org\/{rel}","templated":true}]}}