{"id":3069,"date":"2025-04-25T15:27:25","date_gmt":"2025-04-25T12:27:25","guid":{"rendered":"https:\/\/onyxenergy.com.tr\/enerji\/?page_id=3069"},"modified":"2025-04-28T15:24:09","modified_gmt":"2025-04-28T12:24:09","slug":"klorlama-sistemleri","status":"publish","type":"page","link":"https:\/\/onyxenergy.com.tr\/enerji\/klorlama-sistemleri\/","title":{"rendered":"Klorlama Sistemleri"},"content":{"rendered":"\t\t<div data-elementor-type=\"wp-page\" data-elementor-id=\"3069\" class=\"elementor elementor-3069\">\n\t\t\t\t<div class=\"elementor-element elementor-element-4557105 e-flex e-con-boxed e-con e-parent\" data-id=\"4557105\" data-element_type=\"container\">\n\t\t\t\t\t<div class=\"e-con-inner\">\n\t\t<div class=\"elementor-element elementor-element-0f06639 e-con-full e-flex e-con e-child\" data-id=\"0f06639\" data-element_type=\"container\">\n\t\t<div class=\"elementor-element elementor-element-6c2b2a1 e-con-full e-flex e-con e-child\" data-id=\"6c2b2a1\" data-element_type=\"container\">\n\t\t\t\t<div class=\"elementor-element elementor-element-4ab5ef7 elementor-widget elementor-widget-heading\" data-id=\"4ab5ef7\" data-element_type=\"widget\" data-widget_type=\"heading.default\">\n\t\t\t\t<div class=\"elementor-widget-container\">\n\t\t\t<h2 class=\"elementor-heading-title elementor-size-default\">Klorlama Sistemleri<\/h2>\t\t<\/div>\n\t\t\t\t<\/div>\n\t\t\t\t<div class=\"elementor-element elementor-element-1ab5bd1 elementor-widget-divider--view-line elementor-widget elementor-widget-divider\" data-id=\"1ab5bd1\" data-element_type=\"widget\" data-widget_type=\"divider.default\">\n\t\t\t\t<div class=\"elementor-widget-container\">\n\t\t\t\t\t<div class=\"elementor-divider\">\n\t\t\t<span class=\"elementor-divider-separator\">\n\t\t\t\t\t\t<\/span>\n\t\t<\/div>\n\t\t\t\t<\/div>\n\t\t\t\t<\/div>\n\t\t\t\t<div class=\"elementor-element elementor-element-e272239 elementor-widget elementor-widget-text-editor\" data-id=\"e272239\" data-element_type=\"widget\" data-widget_type=\"text-editor.default\">\n\t\t\t\t<div class=\"elementor-widget-container\">\n\t\t\t\t\t\t\t<p>Lutz-Jesco&#8217;nun klorlama sistemleri, su ar\u0131t\u0131m\u0131nda klor ve klor bile\u015fiklerinin g\u00fcvenli ve hassas<br \/>dozajlanmas\u0131n\u0131 sa\u011flayan kapsaml\u0131 \u00e7\u00f6z\u00fcmler sunar. Bu sistemler, klorlama, analiz ve uyar\u0131<br \/>gibi g\u00f6revler i\u00e7in uyumlu bile\u015fenleriyle modern sistemlerin t\u00fcm gereksinimlerini kar\u015f\u0131lar.<br \/>Kullan\u0131m kolayl\u0131\u011f\u0131 ve g\u00fcvenilir \u00f6zellikleri sayesinde, klor ve klor bile\u015fikleri su ar\u0131t\u0131m\u0131nda<br \/>onlarca y\u0131ld\u0131r ba\u015far\u0131yla kullan\u0131lmaktad\u0131r.<\/p>\t\t\t\t\t\t<\/div>\n\t\t\t\t<\/div>\n\t\t\t\t<\/div>\n\t\t<div class=\"elementor-element elementor-element-02d2d0c e-con-full e-flex e-con e-child\" data-id=\"02d2d0c\" data-element_type=\"container\">\n\t\t\t\t<div class=\"elementor-element elementor-element-608191e elementor-hidden-tablet elementor-hidden-mobile elementor-widget elementor-widget-image\" data-id=\"608191e\" data-element_type=\"widget\" data-widget_type=\"image.default\">\n\t\t\t\t<div class=\"elementor-widget-container\">\n\t\t\t\t\t\t\t\t\t\t\t\t\t<img fetchpriority=\"high\" decoding=\"async\" width=\"800\" height=\"800\" src=\"https:\/\/onyxenergy.com.tr\/enerji\/wp-content\/uploads\/2025\/04\/Wasserglaser-Hintergrund_5_800x800px_800x800.png\" class=\"attachment-large size-large wp-image-3071\" alt=\"\" srcset=\"https:\/\/onyxenergy.com.tr\/enerji\/wp-content\/uploads\/2025\/04\/Wasserglaser-Hintergrund_5_800x800px_800x800.png 800w, https:\/\/onyxenergy.com.tr\/enerji\/wp-content\/uploads\/2025\/04\/Wasserglaser-Hintergrund_5_800x800px_800x800-300x300.png 300w, https:\/\/onyxenergy.com.tr\/enerji\/wp-content\/uploads\/2025\/04\/Wasserglaser-Hintergrund_5_800x800px_800x800-150x150.png 150w, https:\/\/onyxenergy.com.tr\/enerji\/wp-content\/uploads\/2025\/04\/Wasserglaser-Hintergrund_5_800x800px_800x800-768x768.png 768w\" sizes=\"(max-width: 800px) 100vw, 800px\" \/>\t\t\t\t\t\t\t\t\t\t\t\t\t<\/div>\n\t\t\t\t<\/div>\n\t\t\t\t<\/div>\n\t\t\t\t<\/div>\n\t\t\t\t<div class=\"elementor-element elementor-element-73c52ab elementor-widget-divider--view-line elementor-widget elementor-widget-divider\" data-id=\"73c52ab\" data-element_type=\"widget\" data-widget_type=\"divider.default\">\n\t\t\t\t<div class=\"elementor-widget-container\">\n\t\t\t\t\t<div class=\"elementor-divider\">\n\t\t\t<span class=\"elementor-divider-separator\">\n\t\t\t\t\t\t<\/span>\n\t\t<\/div>\n\t\t\t\t<\/div>\n\t\t\t\t<\/div>\n\t\t\t\t\t<\/div>\n\t\t\t\t<\/div>\n\t\t<div class=\"elementor-element elementor-element-b890ae7 e-flex e-con-boxed e-con e-parent\" data-id=\"b890ae7\" data-element_type=\"container\">\n\t\t\t\t\t<div class=\"e-con-inner\">\n\t\t<div class=\"elementor-element elementor-element-7f2fcf4 e-con-full e-flex e-con e-child\" data-id=\"7f2fcf4\" data-element_type=\"container\">\n\t\t<div class=\"elementor-element elementor-element-dfafc43 e-con-full e-flex e-con e-child\" data-id=\"dfafc43\" data-element_type=\"container\">\n\t\t\t\t<div class=\"elementor-element elementor-element-85a8de4 elementor-widget elementor-widget-heading\" data-id=\"85a8de4\" data-element_type=\"widget\" data-widget_type=\"heading.default\">\n\t\t\t\t<div class=\"elementor-widget-container\">\n\t\t\t<h2 class=\"elementor-heading-title elementor-size-default\">\u00dcr\u00fcn Kategorileri<\/h2>\t\t<\/div>\n\t\t\t\t<\/div>\n\t\t\t\t<div class=\"elementor-element elementor-element-81456e9 elementor-widget-divider--view-line elementor-widget elementor-widget-divider\" data-id=\"81456e9\" data-element_type=\"widget\" data-widget_type=\"divider.default\">\n\t\t\t\t<div class=\"elementor-widget-container\">\n\t\t\t\t\t<div class=\"elementor-divider\">\n\t\t\t<span class=\"elementor-divider-separator\">\n\t\t\t\t\t\t<\/span>\n\t\t<\/div>\n\t\t\t\t<\/div>\n\t\t\t\t<\/div>\n\t\t\t\t<div class=\"elementor-element elementor-element-c7b0793 elementor-widget elementor-widget-text-editor\" data-id=\"c7b0793\" data-element_type=\"widget\" data-widget_type=\"text-editor.default\">\n\t\t\t\t<div class=\"elementor-widget-container\">\n\t\t\t\t\t\t\t<p>Lutz-Jesco&#8217;nun klorlama sistemleri a\u015fa\u011f\u0131daki kategorilere ayr\u0131l\u0131r:\u200b<\/p>\t\t\t\t\t\t<\/div>\n\t\t\t\t<\/div>\n\t\t\t\t<div class=\"elementor-element elementor-element-2416450 elementor-icon-list--layout-traditional elementor-list-item-link-full_width elementor-widget elementor-widget-icon-list\" data-id=\"2416450\" data-element_type=\"widget\" data-widget_type=\"icon-list.default\">\n\t\t\t\t<div class=\"elementor-widget-container\">\n\t\t\t\t\t<ul class=\"elementor-icon-list-items\">\n\t\t\t\t\t\t\t<li class=\"elementor-icon-list-item\">\n\t\t\t\t\t\t\t\t\t\t\t<span class=\"elementor-icon-list-icon\">\n\t\t\t\t\t\t\t<svg aria-hidden=\"true\" class=\"e-font-icon-svg e-fas-circle\" viewBox=\"0 0 512 512\" xmlns=\"http:\/\/www.w3.org\/2000\/svg\"><path d=\"M256 8C119 8 8 119 8 256s111 248 248 248 248-111 248-248S393 8 256 8z\"><\/path><\/svg>\t\t\t\t\t\t<\/span>\n\t\t\t\t\t\t\t\t\t\t<span class=\"elementor-icon-list-text\">Vakum Reg\u00fclat\u00f6rleri ve Gaz Dozaj Cihazlar\u0131: Klor gaz\u0131n\u0131n vakum alt\u0131nda g\u00fcvenli ve\nhassas dozajlanmas\u0131n\u0131 sa\u011flar.<\/span>\n\t\t\t\t\t\t\t\t\t<\/li>\n\t\t\t\t\t\t\t\t<li class=\"elementor-icon-list-item\">\n\t\t\t\t\t\t\t\t\t\t\t<span class=\"elementor-icon-list-icon\">\n\t\t\t\t\t\t\t<svg aria-hidden=\"true\" class=\"e-font-icon-svg e-fas-circle\" viewBox=\"0 0 512 512\" xmlns=\"http:\/\/www.w3.org\/2000\/svg\"><path d=\"M256 8C119 8 8 119 8 256s111 248 248 248 248-111 248-248S393 8 256 8z\"><\/path><\/svg>\t\t\t\t\t\t<\/span>\n\t\t\t\t\t\t\t\t\t\t<span class=\"elementor-icon-list-text\">Bas\u0131n\u00e7 Alt\u0131nda Klor Gaz\u0131 Sistemleri: Klor gaz\u0131n\u0131n bas\u0131n\u00e7l\u0131 sistemlerde kontroll\u00fc bir \u015fekilde dozajlanmas\u0131n\u0131 m\u00fcmk\u00fcn k\u0131lar.\u200b<\/span>\n\t\t\t\t\t\t\t\t\t<\/li>\n\t\t\t\t\t\t\t\t<li class=\"elementor-icon-list-item\">\n\t\t\t\t\t\t\t\t\t\t\t<span class=\"elementor-icon-list-icon\">\n\t\t\t\t\t\t\t<svg aria-hidden=\"true\" class=\"e-font-icon-svg e-fas-circle\" viewBox=\"0 0 512 512\" xmlns=\"http:\/\/www.w3.org\/2000\/svg\"><path d=\"M256 8C119 8 8 119 8 256s111 248 248 248 248-111 248-248S393 8 256 8z\"><\/path><\/svg>\t\t\t\t\t\t<\/span>\n\t\t\t\t\t\t\t\t\t\t<span class=\"elementor-icon-list-text\">Vakum Alt\u0131nda Klor Gaz\u0131 Sistemleri: Vakum ko\u015fullar\u0131nda klor gaz\u0131n\u0131n g\u00fcvenli transferi ve dozajlanmas\u0131n\u0131 sa\u011flar.\u200b<\/span>\n\t\t\t\t\t\t\t\t\t<\/li>\n\t\t\t\t\t\t\t\t<li class=\"elementor-icon-list-item\">\n\t\t\t\t\t\t\t\t\t\t\t<span class=\"elementor-icon-list-icon\">\n\t\t\t\t\t\t\t<svg aria-hidden=\"true\" class=\"e-font-icon-svg e-fas-circle\" viewBox=\"0 0 512 512\" xmlns=\"http:\/\/www.w3.org\/2000\/svg\"><path d=\"M256 8C119 8 8 119 8 256s111 248 248 248 248-111 248-248S393 8 256 8z\"><\/path><\/svg>\t\t\t\t\t\t<\/span>\n\t\t\t\t\t\t\t\t\t\t<span class=\"elementor-icon-list-text\">Boru Tesisat\u0131 ve Aksesuarlar: Klorlama sistemlerinin kurulumu ve entegrasyonu i\u00e7in gerekli ba\u011flant\u0131 elemanlar\u0131 ve aksesuarlar\u0131 i\u00e7erir.\u200b<\/span>\n\t\t\t\t\t\t\t\t\t<\/li>\n\t\t\t\t\t\t\t\t<li class=\"elementor-icon-list-item\">\n\t\t\t\t\t\t\t\t\t\t\t<span class=\"elementor-icon-list-icon\">\n\t\t\t\t\t\t\t<svg aria-hidden=\"true\" class=\"e-font-icon-svg e-fas-circle\" viewBox=\"0 0 512 512\" xmlns=\"http:\/\/www.w3.org\/2000\/svg\"><path d=\"M256 8C119 8 8 119 8 256s111 248 248 248 248-111 248-248S393 8 256 8z\"><\/path><\/svg>\t\t\t\t\t\t<\/span>\n\t\t\t\t\t\t\t\t\t\t<span class=\"elementor-icon-list-text\">Klor Gaz\u0131 \u0130\u00e7in G\u00fcvenlik Teknolojisi: Klor gaz\u0131 ile \u00e7al\u0131\u015f\u0131rken maksimum g\u00fcvenli\u011fi sa\u011flayan ekipmanlar\u0131 kapsar.\u200b<\/span>\n\t\t\t\t\t\t\t\t\t<\/li>\n\t\t\t\t\t\t<\/ul>\n\t\t\t\t<\/div>\n\t\t\t\t<\/div>\n\t\t\t\t<\/div>\n\t\t<div class=\"elementor-element elementor-element-f41d116 e-con-full e-flex e-con e-child\" data-id=\"f41d116\" data-element_type=\"container\">\n\t\t\t\t<div class=\"elementor-element elementor-element-c1ffe5e elementor-widget elementor-widget-image\" data-id=\"c1ffe5e\" data-element_type=\"widget\" data-widget_type=\"image.default\">\n\t\t\t\t<div class=\"elementor-widget-container\">\n\t\t\t\t\t\t\t\t\t\t\t\t\t<img decoding=\"async\" width=\"800\" height=\"800\" src=\"https:\/\/onyxenergy.com.tr\/enerji\/wp-content\/uploads\/2025\/04\/kat-vakuumregler-und-gasdosiergeraete_800x800.jpg\" class=\"attachment-large size-large wp-image-3072\" alt=\"\" srcset=\"https:\/\/onyxenergy.com.tr\/enerji\/wp-content\/uploads\/2025\/04\/kat-vakuumregler-und-gasdosiergeraete_800x800.jpg 800w, https:\/\/onyxenergy.com.tr\/enerji\/wp-content\/uploads\/2025\/04\/kat-vakuumregler-und-gasdosiergeraete_800x800-300x300.jpg 300w, https:\/\/onyxenergy.com.tr\/enerji\/wp-content\/uploads\/2025\/04\/kat-vakuumregler-und-gasdosiergeraete_800x800-150x150.jpg 150w, https:\/\/onyxenergy.com.tr\/enerji\/wp-content\/uploads\/2025\/04\/kat-vakuumregler-und-gasdosiergeraete_800x800-768x768.jpg 768w\" sizes=\"(max-width: 800px) 100vw, 800px\" \/>\t\t\t\t\t\t\t\t\t\t\t\t\t<\/div>\n\t\t\t\t<\/div>\n\t\t\t\t<\/div>\n\t\t\t\t<\/div>\n\t\t\t\t\t<\/div>\n\t\t\t\t<\/div>\n\t\t<div class=\"elementor-element elementor-element-d03dfaf e-flex e-con-boxed e-con e-parent\" data-id=\"d03dfaf\" data-element_type=\"container\">\n\t\t\t\t\t<div class=\"e-con-inner\">\n\t\t\t\t<div class=\"elementor-element elementor-element-49aac22 elementor-widget-divider--view-line elementor-widget elementor-widget-divider\" data-id=\"49aac22\" data-element_type=\"widget\" data-widget_type=\"divider.default\">\n\t\t\t\t<div class=\"elementor-widget-container\">\n\t\t\t\t\t<div class=\"elementor-divider\">\n\t\t\t<span class=\"elementor-divider-separator\">\n\t\t\t\t\t\t<\/span>\n\t\t<\/div>\n\t\t\t\t<\/div>\n\t\t\t\t<\/div>\n\t\t\t\t\t<\/div>\n\t\t\t\t<\/div>\n\t\t<div class=\"elementor-element elementor-element-249e675 e-flex e-con-boxed e-con e-parent\" data-id=\"249e675\" data-element_type=\"container\">\n\t\t\t\t\t<div class=\"e-con-inner\">\n\t\t<div class=\"elementor-element elementor-element-8b82a40 e-con-full e-flex e-con e-child\" data-id=\"8b82a40\" data-element_type=\"container\">\n\t\t\t\t<div class=\"elementor-element elementor-element-7846c6c elementor-widget elementor-widget-heading\" data-id=\"7846c6c\" data-element_type=\"widget\" data-widget_type=\"heading.default\">\n\t\t\t\t<div class=\"elementor-widget-container\">\n\t\t\t<h2 class=\"elementor-heading-title elementor-size-default\">Genel \u00d6zellikler<\/h2>\t\t<\/div>\n\t\t\t\t<\/div>\n\t\t\t\t<div class=\"elementor-element elementor-element-8166438 elementor-widget-divider--view-line elementor-widget elementor-widget-divider\" data-id=\"8166438\" data-element_type=\"widget\" data-widget_type=\"divider.default\">\n\t\t\t\t<div class=\"elementor-widget-container\">\n\t\t\t\t\t<div class=\"elementor-divider\">\n\t\t\t<span class=\"elementor-divider-separator\">\n\t\t\t\t\t\t<\/span>\n\t\t<\/div>\n\t\t\t\t<\/div>\n\t\t\t\t<\/div>\n\t\t\t\t<div class=\"elementor-element elementor-element-0d7a7ce elementor-icon-list--layout-traditional elementor-list-item-link-full_width elementor-widget elementor-widget-icon-list\" data-id=\"0d7a7ce\" data-element_type=\"widget\" data-widget_type=\"icon-list.default\">\n\t\t\t\t<div class=\"elementor-widget-container\">\n\t\t\t\t\t<ul class=\"elementor-icon-list-items\">\n\t\t\t\t\t\t\t<li class=\"elementor-icon-list-item\">\n\t\t\t\t\t\t\t\t\t\t\t<span class=\"elementor-icon-list-icon\">\n\t\t\t\t\t\t\t<svg aria-hidden=\"true\" class=\"e-font-icon-svg e-fas-circle\" viewBox=\"0 0 512 512\" xmlns=\"http:\/\/www.w3.org\/2000\/svg\"><path d=\"M256 8C119 8 8 119 8 256s111 248 248 248 248-111 248-248S393 8 256 8z\"><\/path><\/svg>\t\t\t\t\t\t<\/span>\n\t\t\t\t\t\t\t\t\t\t<span class=\"elementor-icon-list-text\">Mod\u00fcler Tasar\u0131m: Sistemler, DIN 19606 ve EN standartlar\u0131na uygun olarak mod\u00fcler\nyap\u0131da tasarlanm\u0131\u015ft\u0131r, bu da \u00f6zelle\u015ftirilmi\u015f \u00e7\u00f6z\u00fcmler sunar.<\/span>\n\t\t\t\t\t\t\t\t\t<\/li>\n\t\t\t\t\t\t\t\t<li class=\"elementor-icon-list-item\">\n\t\t\t\t\t\t\t\t\t\t\t<span class=\"elementor-icon-list-icon\">\n\t\t\t\t\t\t\t<svg aria-hidden=\"true\" class=\"e-font-icon-svg e-fas-circle\" viewBox=\"0 0 512 512\" xmlns=\"http:\/\/www.w3.org\/2000\/svg\"><path d=\"M256 8C119 8 8 119 8 256s111 248 248 248 248-111 248-248S393 8 256 8z\"><\/path><\/svg>\t\t\t\t\t\t<\/span>\n\t\t\t\t\t\t\t\t\t\t<span class=\"elementor-icon-list-text\"><div><span style=\"white-space-collapse: collapse;\">Y\u00fcksek Dozaj Hassasiyeti: Klor gaz\u0131 ve s\u0131v\u0131 klor bile\u015fiklerinin hassas dozajlanmas\u0131,<\/span><span style=\"white-space-collapse: collapse;\">optimum su kalitesi sa\u011flar.<\/span><\/div><\/span>\n\t\t\t\t\t\t\t\t\t<\/li>\n\t\t\t\t\t\t\t\t<li class=\"elementor-icon-list-item\">\n\t\t\t\t\t\t\t\t\t\t\t<span class=\"elementor-icon-list-icon\">\n\t\t\t\t\t\t\t<svg aria-hidden=\"true\" class=\"e-font-icon-svg e-fas-circle\" viewBox=\"0 0 512 512\" xmlns=\"http:\/\/www.w3.org\/2000\/svg\"><path d=\"M256 8C119 8 8 119 8 256s111 248 248 248 248-111 248-248S393 8 256 8z\"><\/path><\/svg>\t\t\t\t\t\t<\/span>\n\t\t\t\t\t\t\t\t\t\t<span class=\"elementor-icon-list-text\"><div><span style=\"white-space-collapse: collapse;\">G\u00fcvenilirlik: Sistemler, tekrarlanabilir dozaj do\u011frulu\u011fu ve g\u00fcvenilir performanslar\u0131yla&nbsp;<\/span><span style=\"white-space-collapse: collapse;\">\u00f6ne \u00e7\u0131kar.<\/span><\/div><\/span>\n\t\t\t\t\t\t\t\t\t<\/li>\n\t\t\t\t\t\t\t\t<li class=\"elementor-icon-list-item\">\n\t\t\t\t\t\t\t\t\t\t\t<span class=\"elementor-icon-list-icon\">\n\t\t\t\t\t\t\t<svg aria-hidden=\"true\" class=\"e-font-icon-svg e-fas-circle\" viewBox=\"0 0 512 512\" xmlns=\"http:\/\/www.w3.org\/2000\/svg\"><path d=\"M256 8C119 8 8 119 8 256s111 248 248 248 248-111 248-248S393 8 256 8z\"><\/path><\/svg>\t\t\t\t\t\t<\/span>\n\t\t\t\t\t\t\t\t\t\t<span class=\"elementor-icon-list-text\"><div><span style=\"white-space-collapse: collapse;\">Kullan\u0131m Kolayl\u0131\u011f\u0131: Basit kullan\u0131m \u00f6zellikleri sayesinde operat\u00f6rler i\u00e7in pratik bir&nbsp;<\/span><span style=\"white-space-collapse: collapse;\">\u00e7\u00f6z\u00fcm sunar.<\/span><\/div><\/span>\n\t\t\t\t\t\t\t\t\t<\/li>\n\t\t\t\t\t\t<\/ul>\n\t\t\t\t<\/div>\n\t\t\t\t<\/div>\n\t\t\t\t<\/div>\n\t\t\t\t\t<\/div>\n\t\t\t\t<\/div>\n\t\t<div class=\"elementor-element elementor-element-24703f6 e-flex e-con-boxed e-con e-parent\" data-id=\"24703f6\" data-element_type=\"container\">\n\t\t\t\t\t<div class=\"e-con-inner\">\n\t\t<div class=\"elementor-element elementor-element-6d9edd0 e-con-full e-flex e-con e-child\" data-id=\"6d9edd0\" data-element_type=\"container\">\n\t\t\t\t<div class=\"elementor-element elementor-element-b5dc0ff elementor-widget elementor-widget-heading\" data-id=\"b5dc0ff\" data-element_type=\"widget\" data-widget_type=\"heading.default\">\n\t\t\t\t<div class=\"elementor-widget-container\">\n\t\t\t<h2 class=\"elementor-heading-title elementor-size-default\">Genel \u00d6zellikler<\/h2>\t\t<\/div>\n\t\t\t\t<\/div>\n\t\t\t\t<div class=\"elementor-element elementor-element-739c815 elementor-widget-divider--view-line elementor-widget elementor-widget-divider\" data-id=\"739c815\" data-element_type=\"widget\" data-widget_type=\"divider.default\">\n\t\t\t\t<div class=\"elementor-widget-container\">\n\t\t\t\t\t<div class=\"elementor-divider\">\n\t\t\t<span class=\"elementor-divider-separator\">\n\t\t\t\t\t\t<\/span>\n\t\t<\/div>\n\t\t\t\t<\/div>\n\t\t\t\t<\/div>\n\t\t\t\t<div class=\"elementor-element elementor-element-1a02efb elementor-widget elementor-widget-text-editor\" data-id=\"1a02efb\" data-element_type=\"widget\" data-widget_type=\"text-editor.default\">\n\t\t\t\t<div class=\"elementor-widget-container\">\n\t\t\t\t\t\t\t<p>Lutz-Jesco klorlama sistemleri, a\u015fa\u011f\u0131daki alanlarda yayg\u0131n olarak kullan\u0131l\u0131r:<\/p>\t\t\t\t\t\t<\/div>\n\t\t\t\t<\/div>\n\t\t\t\t<div class=\"elementor-element elementor-element-9794f3f elementor-icon-list--layout-traditional elementor-list-item-link-full_width elementor-widget elementor-widget-icon-list\" data-id=\"9794f3f\" data-element_type=\"widget\" data-widget_type=\"icon-list.default\">\n\t\t\t\t<div class=\"elementor-widget-container\">\n\t\t\t\t\t<ul class=\"elementor-icon-list-items\">\n\t\t\t\t\t\t\t<li class=\"elementor-icon-list-item\">\n\t\t\t\t\t\t\t\t\t\t\t<span class=\"elementor-icon-list-icon\">\n\t\t\t\t\t\t\t<svg aria-hidden=\"true\" class=\"e-font-icon-svg e-fas-circle\" viewBox=\"0 0 512 512\" xmlns=\"http:\/\/www.w3.org\/2000\/svg\"><path d=\"M256 8C119 8 8 119 8 256s111 248 248 248 248-111 248-248S393 8 256 8z\"><\/path><\/svg>\t\t\t\t\t\t<\/span>\n\t\t\t\t\t\t\t\t\t\t<span class=\"elementor-icon-list-text\">\u0130\u00e7me Suyu Ar\u0131t\u0131m\u0131: Klorlama, i\u00e7me suyunun dezenfeksiyonunda etkili bir y\u00f6ntemdir.\u200b<\/span>\n\t\t\t\t\t\t\t\t\t<\/li>\n\t\t\t\t\t\t\t\t<li class=\"elementor-icon-list-item\">\n\t\t\t\t\t\t\t\t\t\t\t<span class=\"elementor-icon-list-icon\">\n\t\t\t\t\t\t\t<svg aria-hidden=\"true\" class=\"e-font-icon-svg e-fas-circle\" viewBox=\"0 0 512 512\" xmlns=\"http:\/\/www.w3.org\/2000\/svg\"><path d=\"M256 8C119 8 8 119 8 256s111 248 248 248 248-111 248-248S393 8 256 8z\"><\/path><\/svg>\t\t\t\t\t\t<\/span>\n\t\t\t\t\t\t\t\t\t\t<span class=\"elementor-icon-list-text\">Y\u00fczme Havuzu ve Banyo Suyu Dezenfeksiyonu: Havuz sular\u0131n\u0131n hijyenik ko\u015fullarda tutulmas\u0131n\u0131 sa\u011flar.\u200b<\/span>\n\t\t\t\t\t\t\t\t\t<\/li>\n\t\t\t\t\t\t\t\t<li class=\"elementor-icon-list-item\">\n\t\t\t\t\t\t\t\t\t\t\t<span class=\"elementor-icon-list-icon\">\n\t\t\t\t\t\t\t<svg aria-hidden=\"true\" class=\"e-font-icon-svg e-fas-circle\" viewBox=\"0 0 512 512\" xmlns=\"http:\/\/www.w3.org\/2000\/svg\"><path d=\"M256 8C119 8 8 119 8 256s111 248 248 248 248-111 248-248S393 8 256 8z\"><\/path><\/svg>\t\t\t\t\t\t<\/span>\n\t\t\t\t\t\t\t\t\t\t<span class=\"elementor-icon-list-text\">Proses ve So\u011futma Sular\u0131: End\u00fcstriyel uygulamalarda kullan\u0131lan sular\u0131n dezenfeksiyonu i\u00e7in uygundur.\u200b<\/span>\n\t\t\t\t\t\t\t\t\t<\/li>\n\t\t\t\t\t\t\t\t<li class=\"elementor-icon-list-item\">\n\t\t\t\t\t\t\t\t\t\t\t<span class=\"elementor-icon-list-icon\">\n\t\t\t\t\t\t\t<svg aria-hidden=\"true\" class=\"e-font-icon-svg e-fas-circle\" viewBox=\"0 0 512 512\" xmlns=\"http:\/\/www.w3.org\/2000\/svg\"><path d=\"M256 8C119 8 8 119 8 256s111 248 248 248 248-111 248-248S393 8 256 8z\"><\/path><\/svg>\t\t\t\t\t\t<\/span>\n\t\t\t\t\t\t\t\t\t\t<span class=\"elementor-icon-list-text\">At\u0131k Su Ar\u0131t\u0131m\u0131: At\u0131k sular\u0131n \u00e7evreye zarar vermeden bertaraf edilmesini destekler.<\/span>\n\t\t\t\t\t\t\t\t\t<\/li>\n\t\t\t\t\t\t<\/ul>\n\t\t\t\t<\/div>\n\t\t\t\t<\/div>\n\t\t\t\t<\/div>\n\t\t\t\t\t<\/div>\n\t\t\t\t<\/div>\n\t\t\t\t<\/div>\n\t\t","protected":false},"excerpt":{"rendered":"<p>Klorlama Sistemleri Lutz-Jesco&#8217;nun klorlama sistemleri, su ar\u0131t\u0131m\u0131nda klor ve klor bile\u015fiklerinin g\u00fcvenli ve hassasdozajlanmas\u0131n\u0131 sa\u011flayan kapsaml\u0131 \u00e7\u00f6z\u00fcmler sunar. Bu sistemler, klorlama, analiz ve uyar\u0131gibi g\u00f6revler i\u00e7in uyumlu bile\u015fenleriyle modern sistemlerin t\u00fcm gereksinimlerini kar\u015f\u0131lar.Kullan\u0131m kolayl\u0131\u011f\u0131 ve g\u00fcvenilir \u00f6zellikleri sayesinde, klor ve klor bile\u015fikleri su ar\u0131t\u0131m\u0131ndaonlarca y\u0131ld\u0131r ba\u015far\u0131yla kullan\u0131lmaktad\u0131r. \u00dcr\u00fcn Kategorileri Lutz-Jesco&#8217;nun klorlama sistemleri a\u015fa\u011f\u0131daki kategorilere ayr\u0131l\u0131r:\u200b [&hellip;]<\/p>\n","protected":false},"author":1,"featured_media":0,"parent":0,"menu_order":0,"comment_status":"closed","ping_status":"closed","template":"","meta":{"footnotes":""},"class_list":["post-3069","page","type-page","status-publish","hentry"],"_links":{"self":[{"href":"https:\/\/onyxenergy.com.tr\/enerji\/wp-json\/wp\/v2\/pages\/3069","targetHints":{"allow":["GET"]}}],"collection":[{"href":"https:\/\/onyxenergy.com.tr\/enerji\/wp-json\/wp\/v2\/pages"}],"about":[{"href":"https:\/\/onyxenergy.com.tr\/enerji\/wp-json\/wp\/v2\/types\/page"}],"author":[{"embeddable":true,"href":"https:\/\/onyxenergy.com.tr\/enerji\/wp-json\/wp\/v2\/users\/1"}],"replies":[{"embeddable":true,"href":"https:\/\/onyxenergy.com.tr\/enerji\/wp-json\/wp\/v2\/comments?post=3069"}],"version-history":[{"count":8,"href":"https:\/\/onyxenergy.com.tr\/enerji\/wp-json\/wp\/v2\/pages\/3069\/revisions"}],"predecessor-version":[{"id":3201,"href":"https:\/\/onyxenergy.com.tr\/enerji\/wp-json\/wp\/v2\/pages\/3069\/revisions\/3201"}],"wp:attachment":[{"href":"https:\/\/onyxenergy.com.tr\/enerji\/wp-json\/wp\/v2\/media?parent=3069"}],"curies":[{"name":"wp","href":"https:\/\/api.w.org\/{rel}","templated":true}]}}