{"id":2649,"date":"2024-10-14T08:42:36","date_gmt":"2024-10-14T08:42:36","guid":{"rendered":"https:\/\/www.onyxenergy.com.tr\/?page_id=2649"},"modified":"2024-10-14T21:24:28","modified_gmt":"2024-10-14T21:24:28","slug":"dc-elektrikli-arac-sarj-cihazlari","status":"publish","type":"page","link":"https:\/\/onyxenergy.com.tr\/enerji\/dc-elektrikli-arac-sarj-cihazlari\/","title":{"rendered":"DC Elektrikli Ara\u00e7 \u015earj Cihazlar\u0131"},"content":{"rendered":"\t\t<div data-elementor-type=\"wp-page\" data-elementor-id=\"2649\" class=\"elementor elementor-2649\">\n\t\t\t\t<div class=\"elementor-element elementor-element-3b31ca2 e-flex e-con-boxed e-con e-parent\" data-id=\"3b31ca2\" data-element_type=\"container\">\n\t\t\t\t\t<div class=\"e-con-inner\">\n\t\t\t\t<div class=\"elementor-element elementor-element-aab0bd6 elementor-widget elementor-widget-spacer\" data-id=\"aab0bd6\" data-element_type=\"widget\" data-widget_type=\"spacer.default\">\n\t\t\t\t<div class=\"elementor-widget-container\">\n\t\t\t\t\t<div class=\"elementor-spacer\">\n\t\t\t<div class=\"elementor-spacer-inner\"><\/div>\n\t\t<\/div>\n\t\t\t\t<\/div>\n\t\t\t\t<\/div>\n\t\t\t\t\t<\/div>\n\t\t\t\t<\/div>\n\t\t<div class=\"elementor-element elementor-element-ec1b33b e-flex e-con-boxed e-con e-parent\" data-id=\"ec1b33b\" data-element_type=\"container\">\n\t\t\t\t\t<div class=\"e-con-inner\">\n\t\t<div class=\"elementor-element elementor-element-d719124 e-con-full e-flex e-con e-child\" data-id=\"d719124\" data-element_type=\"container\">\n\t\t\t\t<div class=\"elementor-element elementor-element-5955386 elementor-widget elementor-widget-image\" data-id=\"5955386\" data-element_type=\"widget\" data-widget_type=\"image.default\">\n\t\t\t\t<div class=\"elementor-widget-container\">\n\t\t\t\t\t\t\t\t\t\t\t\t\t<img fetchpriority=\"high\" decoding=\"async\" width=\"580\" height=\"435\" src=\"https:\/\/onyxenergy.com.tr\/enerji\/wp-content\/uploads\/2024\/10\/1GunWallMounted_DC_EVChar-1.jpg\" class=\"attachment-large size-large wp-image-2654\" alt=\"\" srcset=\"https:\/\/onyxenergy.com.tr\/enerji\/wp-content\/uploads\/2024\/10\/1GunWallMounted_DC_EVChar-1.jpg 580w, https:\/\/onyxenergy.com.tr\/enerji\/wp-content\/uploads\/2024\/10\/1GunWallMounted_DC_EVChar-1-300x225.jpg 300w\" sizes=\"(max-width: 580px) 100vw, 580px\" \/>\t\t\t\t\t\t\t\t\t\t\t\t\t<\/div>\n\t\t\t\t<\/div>\n\t\t\t\t<div class=\"elementor-element elementor-element-2df200b elementor-widget elementor-widget-heading\" data-id=\"2df200b\" data-element_type=\"widget\" data-widget_type=\"heading.default\">\n\t\t\t\t<div class=\"elementor-widget-container\">\n\t\t\t<h2 class=\"elementor-heading-title elementor-size-default\">Ticari DC Duvar Monteli-1 Konnekt\u00f6r<\/h2>\t\t<\/div>\n\t\t\t\t<\/div>\n\t\t\t\t<div class=\"elementor-element elementor-element-8c16f74 elementor-widget elementor-widget-button-noxiy\" data-id=\"8c16f74\" data-element_type=\"widget\" data-widget_type=\"button-noxiy.default\">\n\t\t\t\t<div class=\"elementor-widget-container\">\n\t\t\t\r\n        <div class=\"noxiy-button\">\r\n            <a href=\"\/ticari-dc-duvar-monteli-1-konnektor\/\" class=\"noxiy__btn\">\r\n                Detaylar            <\/a>\r\n\r\n        <\/div>\r\n\r\n        \t\t<\/div>\n\t\t\t\t<\/div>\n\t\t\t\t<\/div>\n\t\t<div class=\"elementor-element elementor-element-1c1a9e4 e-con-full e-flex e-con e-child\" data-id=\"1c1a9e4\" data-element_type=\"container\">\n\t\t\t\t<div class=\"elementor-element elementor-element-72e544a elementor-widget elementor-widget-image\" data-id=\"72e544a\" data-element_type=\"widget\" data-widget_type=\"image.default\">\n\t\t\t\t<div class=\"elementor-widget-container\">\n\t\t\t\t\t\t\t\t\t\t\t\t\t<img decoding=\"async\" width=\"687\" height=\"1024\" src=\"https:\/\/onyxenergy.com.tr\/enerji\/wp-content\/uploads\/2024\/10\/adasda-687x1024.png\" class=\"attachment-large size-large wp-image-2655\" alt=\"\" srcset=\"https:\/\/onyxenergy.com.tr\/enerji\/wp-content\/uploads\/2024\/10\/adasda-687x1024.png 687w, https:\/\/onyxenergy.com.tr\/enerji\/wp-content\/uploads\/2024\/10\/adasda-201x300.png 201w, https:\/\/onyxenergy.com.tr\/enerji\/wp-content\/uploads\/2024\/10\/adasda-768x1145.png 768w, https:\/\/onyxenergy.com.tr\/enerji\/wp-content\/uploads\/2024\/10\/adasda-1030x1536.png 1030w, https:\/\/onyxenergy.com.tr\/enerji\/wp-content\/uploads\/2024\/10\/adasda-1373x2048.png 1373w, https:\/\/onyxenergy.com.tr\/enerji\/wp-content\/uploads\/2024\/10\/adasda.png 1824w\" sizes=\"(max-width: 687px) 100vw, 687px\" \/>\t\t\t\t\t\t\t\t\t\t\t\t\t<\/div>\n\t\t\t\t<\/div>\n\t\t\t\t<div class=\"elementor-element elementor-element-bf14952 elementor-widget elementor-widget-heading\" data-id=\"bf14952\" data-element_type=\"widget\" data-widget_type=\"heading.default\">\n\t\t\t\t<div class=\"elementor-widget-container\">\n\t\t\t<h2 class=\"elementor-heading-title elementor-size-default\">Ticari DC-1 Konnekt\u00f6r<\/h2>\t\t<\/div>\n\t\t\t\t<\/div>\n\t\t\t\t<div class=\"elementor-element elementor-element-a61ecbb elementor-widget elementor-widget-button-noxiy\" data-id=\"a61ecbb\" data-element_type=\"widget\" data-widget_type=\"button-noxiy.default\">\n\t\t\t\t<div class=\"elementor-widget-container\">\n\t\t\t\r\n        <div class=\"noxiy-button\">\r\n            <a href=\"\/ticari-dc-1-konnektor\/\" class=\"noxiy__btn\">\r\n                Detaylar            <\/a>\r\n\r\n        <\/div>\r\n\r\n        \t\t<\/div>\n\t\t\t\t<\/div>\n\t\t\t\t<\/div>\n\t\t\t\t\t<\/div>\n\t\t\t\t<\/div>\n\t\t<div class=\"elementor-element elementor-element-15cb0aa e-flex e-con-boxed e-con e-parent\" data-id=\"15cb0aa\" data-element_type=\"container\">\n\t\t\t\t\t<div class=\"e-con-inner\">\n\t\t\t\t<div class=\"elementor-element elementor-element-d4b39b2 elementor-widget elementor-widget-spacer\" data-id=\"d4b39b2\" data-element_type=\"widget\" data-widget_type=\"spacer.default\">\n\t\t\t\t<div class=\"elementor-widget-container\">\n\t\t\t\t\t<div class=\"elementor-spacer\">\n\t\t\t<div class=\"elementor-spacer-inner\"><\/div>\n\t\t<\/div>\n\t\t\t\t<\/div>\n\t\t\t\t<\/div>\n\t\t\t\t\t<\/div>\n\t\t\t\t<\/div>\n\t\t<div class=\"elementor-element elementor-element-8fe46a5 e-flex e-con-boxed e-con e-parent\" data-id=\"8fe46a5\" data-element_type=\"container\">\n\t\t\t\t\t<div class=\"e-con-inner\">\n\t\t<div class=\"elementor-element elementor-element-10776b3 e-con-full e-flex e-con e-child\" data-id=\"10776b3\" data-element_type=\"container\">\n\t\t\t\t<div class=\"elementor-element elementor-element-7844ffc elementor-widget elementor-widget-image\" data-id=\"7844ffc\" data-element_type=\"widget\" data-widget_type=\"image.default\">\n\t\t\t\t<div class=\"elementor-widget-container\">\n\t\t\t\t\t\t\t\t\t\t\t\t\t<img decoding=\"async\" width=\"580\" height=\"435\" src=\"https:\/\/onyxenergy.com.tr\/enerji\/wp-content\/uploads\/2024\/10\/2GunsDC_EV_ChargingStation-3.jpg\" class=\"attachment-large size-large wp-image-2656\" alt=\"\" srcset=\"https:\/\/onyxenergy.com.tr\/enerji\/wp-content\/uploads\/2024\/10\/2GunsDC_EV_ChargingStation-3.jpg 580w, https:\/\/onyxenergy.com.tr\/enerji\/wp-content\/uploads\/2024\/10\/2GunsDC_EV_ChargingStation-3-300x225.jpg 300w\" sizes=\"(max-width: 580px) 100vw, 580px\" \/>\t\t\t\t\t\t\t\t\t\t\t\t\t<\/div>\n\t\t\t\t<\/div>\n\t\t\t\t<div class=\"elementor-element elementor-element-b8e685a elementor-widget elementor-widget-heading\" data-id=\"b8e685a\" data-element_type=\"widget\" data-widget_type=\"heading.default\">\n\t\t\t\t<div class=\"elementor-widget-container\">\n\t\t\t<h2 class=\"elementor-heading-title elementor-size-default\">Ticari DC-2 Konnekt\u00f6r<\/h2>\t\t<\/div>\n\t\t\t\t<\/div>\n\t\t\t\t<div class=\"elementor-element elementor-element-aa18dad elementor-widget elementor-widget-button-noxiy\" data-id=\"aa18dad\" data-element_type=\"widget\" data-widget_type=\"button-noxiy.default\">\n\t\t\t\t<div class=\"elementor-widget-container\">\n\t\t\t\r\n        <div class=\"noxiy-button\">\r\n            <a href=\"\/ticari-dc-2-konnektor\/\" class=\"noxiy__btn\">\r\n                Detaylar            <\/a>\r\n\r\n        <\/div>\r\n\r\n        \t\t<\/div>\n\t\t\t\t<\/div>\n\t\t\t\t<\/div>\n\t\t<div class=\"elementor-element elementor-element-3dec300 e-con-full e-flex e-con e-child\" data-id=\"3dec300\" data-element_type=\"container\">\n\t\t\t\t<div class=\"elementor-element elementor-element-5fe6104 elementor-widget elementor-widget-image\" data-id=\"5fe6104\" data-element_type=\"widget\" data-widget_type=\"image.default\">\n\t\t\t\t<div class=\"elementor-widget-container\">\n\t\t\t\t\t\t\t\t\t\t\t\t\t<img loading=\"lazy\" decoding=\"async\" width=\"580\" height=\"435\" src=\"https:\/\/onyxenergy.com.tr\/enerji\/wp-content\/uploads\/2024\/10\/3GunsDC_EV_ChargingStation-3.jpg\" class=\"attachment-large size-large wp-image-2657\" alt=\"\" srcset=\"https:\/\/onyxenergy.com.tr\/enerji\/wp-content\/uploads\/2024\/10\/3GunsDC_EV_ChargingStation-3.jpg 580w, https:\/\/onyxenergy.com.tr\/enerji\/wp-content\/uploads\/2024\/10\/3GunsDC_EV_ChargingStation-3-300x225.jpg 300w\" sizes=\"(max-width: 580px) 100vw, 580px\" \/>\t\t\t\t\t\t\t\t\t\t\t\t\t<\/div>\n\t\t\t\t<\/div>\n\t\t\t\t<div class=\"elementor-element elementor-element-1c75d2f elementor-widget elementor-widget-heading\" data-id=\"1c75d2f\" data-element_type=\"widget\" data-widget_type=\"heading.default\">\n\t\t\t\t<div class=\"elementor-widget-container\">\n\t\t\t<h2 class=\"elementor-heading-title elementor-size-default\">Ticari DC-2 Konnekt\u00f6r \/ AC-1 Konnekt\u00f6r<\/h2>\t\t<\/div>\n\t\t\t\t<\/div>\n\t\t\t\t<div class=\"elementor-element elementor-element-11331ca elementor-widget elementor-widget-button-noxiy\" data-id=\"11331ca\" data-element_type=\"widget\" data-widget_type=\"button-noxiy.default\">\n\t\t\t\t<div class=\"elementor-widget-container\">\n\t\t\t\r\n        <div class=\"noxiy-button\">\r\n            <a href=\"\/ticari-dc-2-konnektor-ac-1-konnektor\/\" class=\"noxiy__btn\">\r\n                Detaylar            <\/a>\r\n\r\n        <\/div>\r\n\r\n        \t\t<\/div>\n\t\t\t\t<\/div>\n\t\t\t\t<\/div>\n\t\t\t\t\t<\/div>\n\t\t\t\t<\/div>\n\t\t<div class=\"elementor-element elementor-element-c70a670 e-flex e-con-boxed e-con e-parent\" data-id=\"c70a670\" data-element_type=\"container\">\n\t\t\t\t\t<div class=\"e-con-inner\">\n\t\t\t\t<div class=\"elementor-element elementor-element-b80a6b8 elementor-widget elementor-widget-spacer\" data-id=\"b80a6b8\" data-element_type=\"widget\" data-widget_type=\"spacer.default\">\n\t\t\t\t<div class=\"elementor-widget-container\">\n\t\t\t\t\t<div class=\"elementor-spacer\">\n\t\t\t<div class=\"elementor-spacer-inner\"><\/div>\n\t\t<\/div>\n\t\t\t\t<\/div>\n\t\t\t\t<\/div>\n\t\t\t\t\t<\/div>\n\t\t\t\t<\/div>\n\t\t\t\t<\/div>\n\t\t","protected":false},"excerpt":{"rendered":"<p>Ticari DC Duvar Monteli-1 Konnekt\u00f6r Detaylar Ticari DC-1 Konnekt\u00f6r Detaylar Ticari DC-2 Konnekt\u00f6r Detaylar Ticari DC-2 Konnekt\u00f6r \/ AC-1 Konnekt\u00f6r Detaylar<\/p>\n","protected":false},"author":1,"featured_media":0,"parent":0,"menu_order":0,"comment_status":"closed","ping_status":"closed","template":"page-builder.php","meta":{"footnotes":""},"class_list":["post-2649","page","type-page","status-publish","hentry"],"_links":{"self":[{"href":"https:\/\/onyxenergy.com.tr\/enerji\/wp-json\/wp\/v2\/pages\/2649","targetHints":{"allow":["GET"]}}],"collection":[{"href":"https:\/\/onyxenergy.com.tr\/enerji\/wp-json\/wp\/v2\/pages"}],"about":[{"href":"https:\/\/onyxenergy.com.tr\/enerji\/wp-json\/wp\/v2\/types\/page"}],"author":[{"embeddable":true,"href":"https:\/\/onyxenergy.com.tr\/enerji\/wp-json\/wp\/v2\/users\/1"}],"replies":[{"embeddable":true,"href":"https:\/\/onyxenergy.com.tr\/enerji\/wp-json\/wp\/v2\/comments?post=2649"}],"version-history":[{"count":7,"href":"https:\/\/onyxenergy.com.tr\/enerji\/wp-json\/wp\/v2\/pages\/2649\/revisions"}],"predecessor-version":[{"id":2724,"href":"https:\/\/onyxenergy.com.tr\/enerji\/wp-json\/wp\/v2\/pages\/2649\/revisions\/2724"}],"wp:attachment":[{"href":"https:\/\/onyxenergy.com.tr\/enerji\/wp-json\/wp\/v2\/media?parent=2649"}],"curies":[{"name":"wp","href":"https:\/\/api.w.org\/{rel}","templated":true}]}}