{"id":2632,"date":"2024-10-14T08:36:38","date_gmt":"2024-10-14T08:36:38","guid":{"rendered":"https:\/\/www.onyxenergy.com.tr\/?page_id=2632"},"modified":"2024-10-14T08:57:58","modified_gmt":"2024-10-14T08:57:58","slug":"ac-elektrikli-arac-sarj-cihazlari","status":"publish","type":"page","link":"https:\/\/onyxenergy.com.tr\/enerji\/ac-elektrikli-arac-sarj-cihazlari\/","title":{"rendered":"AC Elektrikli Ara\u00e7 \u015earj Cihazlar\u0131"},"content":{"rendered":"\t\t<div data-elementor-type=\"wp-page\" data-elementor-id=\"2632\" class=\"elementor elementor-2632\">\n\t\t\t\t<div class=\"elementor-element elementor-element-3b31ca2 e-flex e-con-boxed e-con e-parent\" data-id=\"3b31ca2\" data-element_type=\"container\">\n\t\t\t\t\t<div class=\"e-con-inner\">\n\t\t\t\t<div class=\"elementor-element elementor-element-aab0bd6 elementor-widget elementor-widget-spacer\" data-id=\"aab0bd6\" data-element_type=\"widget\" data-widget_type=\"spacer.default\">\n\t\t\t\t<div class=\"elementor-widget-container\">\n\t\t\t\t\t<div class=\"elementor-spacer\">\n\t\t\t<div class=\"elementor-spacer-inner\"><\/div>\n\t\t<\/div>\n\t\t\t\t<\/div>\n\t\t\t\t<\/div>\n\t\t\t\t\t<\/div>\n\t\t\t\t<\/div>\n\t\t<div class=\"elementor-element elementor-element-ec1b33b e-flex e-con-boxed e-con e-parent\" data-id=\"ec1b33b\" data-element_type=\"container\">\n\t\t\t\t\t<div class=\"e-con-inner\">\n\t\t<div class=\"elementor-element elementor-element-d719124 e-con-full e-flex e-con e-child\" data-id=\"d719124\" data-element_type=\"container\">\n\t\t\t\t<div class=\"elementor-element elementor-element-5955386 elementor-widget elementor-widget-image\" data-id=\"5955386\" data-element_type=\"widget\" data-widget_type=\"image.default\">\n\t\t\t\t<div class=\"elementor-widget-container\">\n\t\t\t\t\t\t\t\t\t\t\t\t\t<img fetchpriority=\"high\" decoding=\"async\" width=\"580\" height=\"435\" src=\"https:\/\/onyxenergy.com.tr\/enerji\/wp-content\/uploads\/2024\/10\/PortableEvCharger_0001_Group-2-copy.jpg\" class=\"attachment-large size-large wp-image-2634\" alt=\"\" srcset=\"https:\/\/onyxenergy.com.tr\/enerji\/wp-content\/uploads\/2024\/10\/PortableEvCharger_0001_Group-2-copy.jpg 580w, https:\/\/onyxenergy.com.tr\/enerji\/wp-content\/uploads\/2024\/10\/PortableEvCharger_0001_Group-2-copy-300x225.jpg 300w\" sizes=\"(max-width: 580px) 100vw, 580px\" \/>\t\t\t\t\t\t\t\t\t\t\t\t\t<\/div>\n\t\t\t\t<\/div>\n\t\t\t\t<div class=\"elementor-element elementor-element-2df200b elementor-widget elementor-widget-heading\" data-id=\"2df200b\" data-element_type=\"widget\" data-widget_type=\"heading.default\">\n\t\t\t\t<div class=\"elementor-widget-container\">\n\t\t\t<h2 class=\"elementor-heading-title elementor-size-default\">Ta\u015f\u0131nabilir AC-1 Konnekt\u00f6r<\/h2>\t\t<\/div>\n\t\t\t\t<\/div>\n\t\t\t\t<div class=\"elementor-element elementor-element-8c16f74 elementor-widget elementor-widget-button-noxiy\" data-id=\"8c16f74\" data-element_type=\"widget\" data-widget_type=\"button-noxiy.default\">\n\t\t\t\t<div class=\"elementor-widget-container\">\n\t\t\t\r\n        <div class=\"noxiy-button\">\r\n            <a href=\"\/tasinabilir-ac-1-konnektor\/\" class=\"noxiy__btn\">\r\n                Detaylar            <\/a>\r\n\r\n        <\/div>\r\n\r\n        \t\t<\/div>\n\t\t\t\t<\/div>\n\t\t\t\t<\/div>\n\t\t<div class=\"elementor-element elementor-element-1c1a9e4 e-con-full e-flex e-con e-child\" data-id=\"1c1a9e4\" data-element_type=\"container\">\n\t\t\t\t<div class=\"elementor-element elementor-element-72e544a elementor-widget elementor-widget-image\" data-id=\"72e544a\" data-element_type=\"widget\" data-widget_type=\"image.default\">\n\t\t\t\t<div class=\"elementor-widget-container\">\n\t\t\t\t\t\t\t\t\t\t\t\t\t<img decoding=\"async\" width=\"580\" height=\"435\" src=\"https:\/\/onyxenergy.com.tr\/enerji\/wp-content\/uploads\/2024\/10\/AC_EV_ChargerWithCable-1.jpg\" class=\"attachment-large size-large wp-image-2635\" alt=\"\" srcset=\"https:\/\/onyxenergy.com.tr\/enerji\/wp-content\/uploads\/2024\/10\/AC_EV_ChargerWithCable-1.jpg 580w, https:\/\/onyxenergy.com.tr\/enerji\/wp-content\/uploads\/2024\/10\/AC_EV_ChargerWithCable-1-300x225.jpg 300w\" sizes=\"(max-width: 580px) 100vw, 580px\" \/>\t\t\t\t\t\t\t\t\t\t\t\t\t<\/div>\n\t\t\t\t<\/div>\n\t\t\t\t<div class=\"elementor-element elementor-element-bf14952 elementor-widget elementor-widget-heading\" data-id=\"bf14952\" data-element_type=\"widget\" data-widget_type=\"heading.default\">\n\t\t\t\t<div class=\"elementor-widget-container\">\n\t\t\t<h2 class=\"elementor-heading-title elementor-size-default\">Ev Tipi AC-1 Konnekt\u00f6r<\/h2>\t\t<\/div>\n\t\t\t\t<\/div>\n\t\t\t\t<div class=\"elementor-element elementor-element-a61ecbb elementor-widget elementor-widget-button-noxiy\" data-id=\"a61ecbb\" data-element_type=\"widget\" data-widget_type=\"button-noxiy.default\">\n\t\t\t\t<div class=\"elementor-widget-container\">\n\t\t\t\r\n        <div class=\"noxiy-button\">\r\n            <a href=\"\/ev-tipi-ac-1-konnektor\/\" class=\"noxiy__btn\">\r\n                Detaylar            <\/a>\r\n\r\n        <\/div>\r\n\r\n        \t\t<\/div>\n\t\t\t\t<\/div>\n\t\t\t\t<\/div>\n\t\t\t\t\t<\/div>\n\t\t\t\t<\/div>\n\t\t<div class=\"elementor-element elementor-element-15cb0aa e-flex e-con-boxed e-con e-parent\" data-id=\"15cb0aa\" data-element_type=\"container\">\n\t\t\t\t\t<div class=\"e-con-inner\">\n\t\t\t\t<div class=\"elementor-element elementor-element-d4b39b2 elementor-widget elementor-widget-spacer\" data-id=\"d4b39b2\" data-element_type=\"widget\" data-widget_type=\"spacer.default\">\n\t\t\t\t<div class=\"elementor-widget-container\">\n\t\t\t\t\t<div class=\"elementor-spacer\">\n\t\t\t<div class=\"elementor-spacer-inner\"><\/div>\n\t\t<\/div>\n\t\t\t\t<\/div>\n\t\t\t\t<\/div>\n\t\t\t\t\t<\/div>\n\t\t\t\t<\/div>\n\t\t<div class=\"elementor-element elementor-element-8fe46a5 e-flex e-con-boxed e-con e-parent\" data-id=\"8fe46a5\" data-element_type=\"container\">\n\t\t\t\t\t<div class=\"e-con-inner\">\n\t\t<div class=\"elementor-element elementor-element-10776b3 e-con-full e-flex e-con e-child\" data-id=\"10776b3\" data-element_type=\"container\">\n\t\t\t\t<div class=\"elementor-element elementor-element-7844ffc elementor-widget elementor-widget-image\" data-id=\"7844ffc\" data-element_type=\"widget\" data-widget_type=\"image.default\">\n\t\t\t\t<div class=\"elementor-widget-container\">\n\t\t\t\t\t\t\t\t\t\t\t\t\t<img decoding=\"async\" width=\"580\" height=\"435\" src=\"https:\/\/onyxenergy.com.tr\/enerji\/wp-content\/uploads\/2024\/10\/AC_EV_ChargerWithSocket-4.jpg\" class=\"attachment-large size-large wp-image-2636\" alt=\"\" srcset=\"https:\/\/onyxenergy.com.tr\/enerji\/wp-content\/uploads\/2024\/10\/AC_EV_ChargerWithSocket-4.jpg 580w, https:\/\/onyxenergy.com.tr\/enerji\/wp-content\/uploads\/2024\/10\/AC_EV_ChargerWithSocket-4-300x225.jpg 300w\" sizes=\"(max-width: 580px) 100vw, 580px\" \/>\t\t\t\t\t\t\t\t\t\t\t\t\t<\/div>\n\t\t\t\t<\/div>\n\t\t\t\t<div class=\"elementor-element elementor-element-b8e685a elementor-widget elementor-widget-heading\" data-id=\"b8e685a\" data-element_type=\"widget\" data-widget_type=\"heading.default\">\n\t\t\t\t<div class=\"elementor-widget-container\">\n\t\t\t<h2 class=\"elementor-heading-title elementor-size-default\">EV Tipi AC-1 Soket<\/h2>\t\t<\/div>\n\t\t\t\t<\/div>\n\t\t\t\t<div class=\"elementor-element elementor-element-aa18dad elementor-widget elementor-widget-button-noxiy\" data-id=\"aa18dad\" data-element_type=\"widget\" data-widget_type=\"button-noxiy.default\">\n\t\t\t\t<div class=\"elementor-widget-container\">\n\t\t\t\r\n        <div class=\"noxiy-button\">\r\n            <a href=\"\/ev-tipi-ac-1-soket\/\" class=\"noxiy__btn\">\r\n                Detaylar            <\/a>\r\n\r\n        <\/div>\r\n\r\n        \t\t<\/div>\n\t\t\t\t<\/div>\n\t\t\t\t<\/div>\n\t\t<div class=\"elementor-element elementor-element-3dec300 e-con-full e-flex e-con e-child\" data-id=\"3dec300\" data-element_type=\"container\">\n\t\t\t\t<div class=\"elementor-element elementor-element-5fe6104 elementor-widget elementor-widget-image\" data-id=\"5fe6104\" data-element_type=\"widget\" data-widget_type=\"image.default\">\n\t\t\t\t<div class=\"elementor-widget-container\">\n\t\t\t\t\t\t\t\t\t\t\t\t\t<img loading=\"lazy\" decoding=\"async\" width=\"580\" height=\"435\" src=\"https:\/\/onyxenergy.com.tr\/enerji\/wp-content\/uploads\/2024\/10\/AC_EV_ChargerWithSocket-7.jpg\" class=\"attachment-large size-large wp-image-2637\" alt=\"\" srcset=\"https:\/\/onyxenergy.com.tr\/enerji\/wp-content\/uploads\/2024\/10\/AC_EV_ChargerWithSocket-7.jpg 580w, https:\/\/onyxenergy.com.tr\/enerji\/wp-content\/uploads\/2024\/10\/AC_EV_ChargerWithSocket-7-300x225.jpg 300w\" sizes=\"(max-width: 580px) 100vw, 580px\" \/>\t\t\t\t\t\t\t\t\t\t\t\t\t<\/div>\n\t\t\t\t<\/div>\n\t\t\t\t<div class=\"elementor-element elementor-element-1c75d2f elementor-widget elementor-widget-heading\" data-id=\"1c75d2f\" data-element_type=\"widget\" data-widget_type=\"heading.default\">\n\t\t\t\t<div class=\"elementor-widget-container\">\n\t\t\t<h2 class=\"elementor-heading-title elementor-size-default\">Ticari AC-1 Soket<\/h2>\t\t<\/div>\n\t\t\t\t<\/div>\n\t\t\t\t<div class=\"elementor-element elementor-element-11331ca elementor-widget elementor-widget-button-noxiy\" data-id=\"11331ca\" data-element_type=\"widget\" data-widget_type=\"button-noxiy.default\">\n\t\t\t\t<div class=\"elementor-widget-container\">\n\t\t\t\r\n        <div class=\"noxiy-button\">\r\n            <a href=\"\/ticari-ac-1-soket\/\" class=\"noxiy__btn\">\r\n                Detaylar            <\/a>\r\n\r\n        <\/div>\r\n\r\n        \t\t<\/div>\n\t\t\t\t<\/div>\n\t\t\t\t<\/div>\n\t\t\t\t\t<\/div>\n\t\t\t\t<\/div>\n\t\t<div class=\"elementor-element elementor-element-c70a670 e-flex e-con-boxed e-con e-parent\" data-id=\"c70a670\" data-element_type=\"container\">\n\t\t\t\t\t<div class=\"e-con-inner\">\n\t\t\t\t<div class=\"elementor-element elementor-element-b80a6b8 elementor-widget elementor-widget-spacer\" data-id=\"b80a6b8\" data-element_type=\"widget\" data-widget_type=\"spacer.default\">\n\t\t\t\t<div class=\"elementor-widget-container\">\n\t\t\t\t\t<div class=\"elementor-spacer\">\n\t\t\t<div class=\"elementor-spacer-inner\"><\/div>\n\t\t<\/div>\n\t\t\t\t<\/div>\n\t\t\t\t<\/div>\n\t\t\t\t\t<\/div>\n\t\t\t\t<\/div>\n\t\t<div class=\"elementor-element elementor-element-54061c4 e-flex e-con-boxed e-con e-parent\" data-id=\"54061c4\" data-element_type=\"container\">\n\t\t\t\t\t<div class=\"e-con-inner\">\n\t\t<div class=\"elementor-element elementor-element-7ddbe5c e-con-full e-flex e-con e-child\" data-id=\"7ddbe5c\" data-element_type=\"container\">\n\t\t\t\t<div class=\"elementor-element elementor-element-bb3cf72 elementor-widget elementor-widget-image\" data-id=\"bb3cf72\" data-element_type=\"widget\" data-widget_type=\"image.default\">\n\t\t\t\t<div class=\"elementor-widget-container\">\n\t\t\t\t\t\t\t\t\t\t\t\t\t<img loading=\"lazy\" decoding=\"async\" width=\"580\" height=\"435\" src=\"https:\/\/onyxenergy.com.tr\/enerji\/wp-content\/uploads\/2024\/10\/AC_EV_ChargerWithCable-5.jpg\" class=\"attachment-large size-large wp-image-2638\" alt=\"\" srcset=\"https:\/\/onyxenergy.com.tr\/enerji\/wp-content\/uploads\/2024\/10\/AC_EV_ChargerWithCable-5.jpg 580w, https:\/\/onyxenergy.com.tr\/enerji\/wp-content\/uploads\/2024\/10\/AC_EV_ChargerWithCable-5-300x225.jpg 300w\" sizes=\"(max-width: 580px) 100vw, 580px\" \/>\t\t\t\t\t\t\t\t\t\t\t\t\t<\/div>\n\t\t\t\t<\/div>\n\t\t\t\t<div class=\"elementor-element elementor-element-5ede173 elementor-widget elementor-widget-heading\" data-id=\"5ede173\" data-element_type=\"widget\" data-widget_type=\"heading.default\">\n\t\t\t\t<div class=\"elementor-widget-container\">\n\t\t\t<h2 class=\"elementor-heading-title elementor-size-default\">Ticari AC-1 Konnekt\u00f6r<\/h2>\t\t<\/div>\n\t\t\t\t<\/div>\n\t\t\t\t<div class=\"elementor-element elementor-element-ed31901 elementor-widget elementor-widget-button-noxiy\" data-id=\"ed31901\" data-element_type=\"widget\" data-widget_type=\"button-noxiy.default\">\n\t\t\t\t<div class=\"elementor-widget-container\">\n\t\t\t\r\n        <div class=\"noxiy-button\">\r\n            <a href=\"\/ticari-ac-1-konnektor\/\" class=\"noxiy__btn\">\r\n                Detaylar            <\/a>\r\n\r\n        <\/div>\r\n\r\n        \t\t<\/div>\n\t\t\t\t<\/div>\n\t\t\t\t<\/div>\n\t\t<div class=\"elementor-element elementor-element-5f8273d e-con-full e-flex e-con e-child\" data-id=\"5f8273d\" data-element_type=\"container\">\n\t\t\t\t<div class=\"elementor-element elementor-element-cf2c3af elementor-widget elementor-widget-image\" data-id=\"cf2c3af\" data-element_type=\"widget\" data-widget_type=\"image.default\">\n\t\t\t\t<div class=\"elementor-widget-container\">\n\t\t\t\t\t\t\t\t\t\t\t\t\t<img loading=\"lazy\" decoding=\"async\" width=\"580\" height=\"435\" src=\"https:\/\/onyxenergy.com.tr\/enerji\/wp-content\/uploads\/2024\/10\/DualSocket-SmartEVcharger-1.jpg\" class=\"attachment-large size-large wp-image-2639\" alt=\"\" srcset=\"https:\/\/onyxenergy.com.tr\/enerji\/wp-content\/uploads\/2024\/10\/DualSocket-SmartEVcharger-1.jpg 580w, https:\/\/onyxenergy.com.tr\/enerji\/wp-content\/uploads\/2024\/10\/DualSocket-SmartEVcharger-1-300x225.jpg 300w\" sizes=\"(max-width: 580px) 100vw, 580px\" \/>\t\t\t\t\t\t\t\t\t\t\t\t\t<\/div>\n\t\t\t\t<\/div>\n\t\t\t\t<div class=\"elementor-element elementor-element-dd9d7a9 elementor-widget elementor-widget-heading\" data-id=\"dd9d7a9\" data-element_type=\"widget\" data-widget_type=\"heading.default\">\n\t\t\t\t<div class=\"elementor-widget-container\">\n\t\t\t<h2 class=\"elementor-heading-title elementor-size-default\">Ticari AC-2 Soket<\/h2>\t\t<\/div>\n\t\t\t\t<\/div>\n\t\t\t\t<div class=\"elementor-element elementor-element-3f849e5 elementor-widget elementor-widget-button-noxiy\" data-id=\"3f849e5\" data-element_type=\"widget\" data-widget_type=\"button-noxiy.default\">\n\t\t\t\t<div class=\"elementor-widget-container\">\n\t\t\t\r\n        <div class=\"noxiy-button\">\r\n            <a href=\"\/ticari-ac-2-soket\/\" class=\"noxiy__btn\">\r\n                Detaylar            <\/a>\r\n\r\n        <\/div>\r\n\r\n        \t\t<\/div>\n\t\t\t\t<\/div>\n\t\t\t\t<\/div>\n\t\t\t\t\t<\/div>\n\t\t\t\t<\/div>\n\t\t<div class=\"elementor-element elementor-element-3eb5b64 e-flex e-con-boxed e-con e-parent\" data-id=\"3eb5b64\" data-element_type=\"container\">\n\t\t\t\t\t<div class=\"e-con-inner\">\n\t\t\t\t<div class=\"elementor-element elementor-element-4655991 elementor-widget elementor-widget-spacer\" data-id=\"4655991\" data-element_type=\"widget\" data-widget_type=\"spacer.default\">\n\t\t\t\t<div class=\"elementor-widget-container\">\n\t\t\t\t\t<div class=\"elementor-spacer\">\n\t\t\t<div class=\"elementor-spacer-inner\"><\/div>\n\t\t<\/div>\n\t\t\t\t<\/div>\n\t\t\t\t<\/div>\n\t\t\t\t\t<\/div>\n\t\t\t\t<\/div>\n\t\t\t\t<\/div>\n\t\t","protected":false},"excerpt":{"rendered":"<p>Ta\u015f\u0131nabilir AC-1 Konnekt\u00f6r Detaylar Ev Tipi AC-1 Konnekt\u00f6r Detaylar EV Tipi AC-1 Soket Detaylar Ticari AC-1 Soket Detaylar Ticari AC-1 Konnekt\u00f6r Detaylar Ticari AC-2 Soket Detaylar<\/p>\n","protected":false},"author":1,"featured_media":0,"parent":0,"menu_order":0,"comment_status":"closed","ping_status":"closed","template":"page-builder.php","meta":{"footnotes":""},"class_list":["post-2632","page","type-page","status-publish","hentry"],"_links":{"self":[{"href":"https:\/\/onyxenergy.com.tr\/enerji\/wp-json\/wp\/v2\/pages\/2632","targetHints":{"allow":["GET"]}}],"collection":[{"href":"https:\/\/onyxenergy.com.tr\/enerji\/wp-json\/wp\/v2\/pages"}],"about":[{"href":"https:\/\/onyxenergy.com.tr\/enerji\/wp-json\/wp\/v2\/types\/page"}],"author":[{"embeddable":true,"href":"https:\/\/onyxenergy.com.tr\/enerji\/wp-json\/wp\/v2\/users\/1"}],"replies":[{"embeddable":true,"href":"https:\/\/onyxenergy.com.tr\/enerji\/wp-json\/wp\/v2\/comments?post=2632"}],"version-history":[{"count":13,"href":"https:\/\/onyxenergy.com.tr\/enerji\/wp-json\/wp\/v2\/pages\/2632\/revisions"}],"predecessor-version":[{"id":2727,"href":"https:\/\/onyxenergy.com.tr\/enerji\/wp-json\/wp\/v2\/pages\/2632\/revisions\/2727"}],"wp:attachment":[{"href":"https:\/\/onyxenergy.com.tr\/enerji\/wp-json\/wp\/v2\/media?parent=2632"}],"curies":[{"name":"wp","href":"https:\/\/api.w.org\/{rel}","templated":true}]}}