{"id":2600,"date":"2024-10-13T21:05:30","date_gmt":"2024-10-13T21:05:30","guid":{"rendered":"https:\/\/www.onyxenergy.com.tr\/?page_id=2600"},"modified":"2025-04-11T23:23:04","modified_gmt":"2025-04-11T20:23:04","slug":"elektrikli-arac-sarj-istasyonlari","status":"publish","type":"page","link":"https:\/\/onyxenergy.com.tr\/enerji\/elektrikli-arac-sarj-istasyonlari\/","title":{"rendered":"Elektrikli Ara\u00e7 \u015earj \u0130stasyonlar\u0131"},"content":{"rendered":"\t\t<div data-elementor-type=\"wp-page\" data-elementor-id=\"2600\" class=\"elementor elementor-2600\">\n\t\t\t\t<div class=\"elementor-element elementor-element-3b31ca2 e-flex e-con-boxed e-con e-parent\" data-id=\"3b31ca2\" data-element_type=\"container\">\n\t\t\t\t\t<div class=\"e-con-inner\">\n\t\t\t\t<div class=\"elementor-element elementor-element-aab0bd6 elementor-widget elementor-widget-spacer\" data-id=\"aab0bd6\" data-element_type=\"widget\" data-widget_type=\"spacer.default\">\n\t\t\t\t<div class=\"elementor-widget-container\">\n\t\t\t\t\t<div class=\"elementor-spacer\">\n\t\t\t<div class=\"elementor-spacer-inner\"><\/div>\n\t\t<\/div>\n\t\t\t\t<\/div>\n\t\t\t\t<\/div>\n\t\t\t\t\t<\/div>\n\t\t\t\t<\/div>\n\t\t<div class=\"elementor-element elementor-element-c197e73 e-flex e-con-boxed e-con e-parent\" data-id=\"c197e73\" data-element_type=\"container\">\n\t\t\t\t\t<div class=\"e-con-inner\">\n\t\t<div class=\"elementor-element elementor-element-ad29709 e-con-full e-flex e-con e-child\" data-id=\"ad29709\" data-element_type=\"container\">\n\t\t\t\t<div class=\"elementor-element elementor-element-dd48fd2 elementor-widget elementor-widget-image\" data-id=\"dd48fd2\" data-element_type=\"widget\" data-widget_type=\"image.default\">\n\t\t\t\t<div class=\"elementor-widget-container\">\n\t\t\t\t\t\t\t\t\t\t\t\t\t<img fetchpriority=\"high\" decoding=\"async\" width=\"1024\" height=\"512\" src=\"https:\/\/onyxenergy.com.tr\/enerji\/wp-content\/uploads\/2024\/10\/electric-car-charging-station_778687-2318-1024x512.jpg\" class=\"attachment-large size-large wp-image-2602\" alt=\"\" srcset=\"https:\/\/onyxenergy.com.tr\/enerji\/wp-content\/uploads\/2024\/10\/electric-car-charging-station_778687-2318-1024x512.jpg 1024w, https:\/\/onyxenergy.com.tr\/enerji\/wp-content\/uploads\/2024\/10\/electric-car-charging-station_778687-2318-300x150.jpg 300w, https:\/\/onyxenergy.com.tr\/enerji\/wp-content\/uploads\/2024\/10\/electric-car-charging-station_778687-2318-768x384.jpg 768w, https:\/\/onyxenergy.com.tr\/enerji\/wp-content\/uploads\/2024\/10\/electric-car-charging-station_778687-2318-1536x768.jpg 1536w, https:\/\/onyxenergy.com.tr\/enerji\/wp-content\/uploads\/2024\/10\/electric-car-charging-station_778687-2318.jpg 2000w\" sizes=\"(max-width: 1024px) 100vw, 1024px\" \/>\t\t\t\t\t\t\t\t\t\t\t\t\t<\/div>\n\t\t\t\t<\/div>\n\t\t\t\t<\/div>\n\t\t<div class=\"elementor-element elementor-element-7a9cb62 e-con-full e-flex e-con e-child\" data-id=\"7a9cb62\" data-element_type=\"container\">\n\t\t\t\t<div class=\"elementor-element elementor-element-c48f7f6 elementor-widget elementor-widget-image\" data-id=\"c48f7f6\" data-element_type=\"widget\" data-widget_type=\"image.default\">\n\t\t\t\t<div class=\"elementor-widget-container\">\n\t\t\t\t\t\t\t\t\t\t\t\t\t<img decoding=\"async\" width=\"1024\" height=\"574\" src=\"https:\/\/onyxenergy.com.tr\/enerji\/wp-content\/uploads\/2024\/10\/nature-suffocated-by-co2-pollution_23-2150858317-1024x574.jpg\" class=\"attachment-large size-large wp-image-2603\" alt=\"\" srcset=\"https:\/\/onyxenergy.com.tr\/enerji\/wp-content\/uploads\/2024\/10\/nature-suffocated-by-co2-pollution_23-2150858317-1024x574.jpg 1024w, https:\/\/onyxenergy.com.tr\/enerji\/wp-content\/uploads\/2024\/10\/nature-suffocated-by-co2-pollution_23-2150858317-300x168.jpg 300w, https:\/\/onyxenergy.com.tr\/enerji\/wp-content\/uploads\/2024\/10\/nature-suffocated-by-co2-pollution_23-2150858317-768x430.jpg 768w, https:\/\/onyxenergy.com.tr\/enerji\/wp-content\/uploads\/2024\/10\/nature-suffocated-by-co2-pollution_23-2150858317-1536x861.jpg 1536w, https:\/\/onyxenergy.com.tr\/enerji\/wp-content\/uploads\/2024\/10\/nature-suffocated-by-co2-pollution_23-2150858317.jpg 2000w\" sizes=\"(max-width: 1024px) 100vw, 1024px\" \/>\t\t\t\t\t\t\t\t\t\t\t\t\t<\/div>\n\t\t\t\t<\/div>\n\t\t\t\t<\/div>\n\t\t\t\t\t<\/div>\n\t\t\t\t<\/div>\n\t\t<div class=\"elementor-element elementor-element-233906e e-flex e-con-boxed e-con e-parent\" data-id=\"233906e\" data-element_type=\"container\">\n\t\t\t\t\t<div class=\"e-con-inner\">\n\t\t\t\t<div class=\"elementor-element elementor-element-ad6790e elementor-widget elementor-widget-spacer\" data-id=\"ad6790e\" data-element_type=\"widget\" data-widget_type=\"spacer.default\">\n\t\t\t\t<div class=\"elementor-widget-container\">\n\t\t\t\t\t<div class=\"elementor-spacer\">\n\t\t\t<div class=\"elementor-spacer-inner\"><\/div>\n\t\t<\/div>\n\t\t\t\t<\/div>\n\t\t\t\t<\/div>\n\t\t\t\t\t<\/div>\n\t\t\t\t<\/div>\n\t\t<div class=\"elementor-element elementor-element-5f72778 e-flex e-con-boxed e-con e-parent\" data-id=\"5f72778\" data-element_type=\"container\">\n\t\t\t\t\t<div class=\"e-con-inner\">\n\t\t\t\t<div class=\"elementor-element elementor-element-406122c elementor-widget elementor-widget-text-editor\" data-id=\"406122c\" data-element_type=\"widget\" data-widget_type=\"text-editor.default\">\n\t\t\t\t<div class=\"elementor-widget-container\">\n\t\t\t\t\t\t\t<p>Yar\u0131n\u0131n d\u00fcnyas\u0131nda yenilenebilir enerjinin yerinin fark\u0131nday\u0131z!<\/p><p>Elektrikli ara\u00e7 (EV) \u015farj istasyonlar\u0131, s\u00fcrd\u00fcr\u00fclebilir ula\u015f\u0131m\u0131n temel yap\u0131 ta\u015flar\u0131ndan biri haline gelmi\u015ftir. D\u00fcnya genelinde artan \u00e7evresel endi\u015feler ve fosil yak\u0131tlar\u0131n azalmas\u0131, elektrikli ara\u00e7lar\u0131n benimsenmesini h\u0131zland\u0131rmaktad\u0131r. Gelecekte, \u015farj istasyonlar\u0131n\u0131n say\u0131s\u0131n\u0131n ve \u00e7e\u015fitlili\u011finin \u00f6nemli \u00f6l\u00e7\u00fcde artmas\u0131 beklenmektedir. Teknolojinin geli\u015fmesiyle birlikte, h\u0131zl\u0131 \u015farj istasyonlar\u0131 ve ak\u0131ll\u0131 \u015farj \u00e7\u00f6z\u00fcmleri, kullan\u0131c\u0131lar\u0131n zaman tasarrufu yapmas\u0131n\u0131 sa\u011flarken, \u015febeke y\u00f6netimi de daha verimli hale gelecektir. Ayr\u0131ca, yenilenebilir enerji kaynaklar\u0131ndan beslenen \u015farj istasyonlar\u0131, \u00e7evresel etkileri azaltacak ve enerji ba\u011f\u0131ms\u0131zl\u0131\u011f\u0131n\u0131 art\u0131racakt\u0131r.<\/p><p>Onyx Enerji olarak yenilenebilir enerji \u00e7\u00f6z\u00fcmlerine y\u00f6nelik olarak elektrikli ara\u00e7 \u015farj istasyonlar\u0131n\u0131n \u00fcr\u00fcn, yaz\u0131l\u0131m ve teknoloji konular\u0131nda gelece\u011fin enerji ihtiya\u00e7lar\u0131n\u0131 kar\u015f\u0131lamay\u0131 hedefliyoruz.<\/p>\t\t\t\t\t\t<\/div>\n\t\t\t\t<\/div>\n\t\t\t\t\t<\/div>\n\t\t\t\t<\/div>\n\t\t<div class=\"elementor-element elementor-element-0c279d8 e-flex e-con-boxed e-con e-parent\" data-id=\"0c279d8\" data-element_type=\"container\">\n\t\t\t\t\t<div class=\"e-con-inner\">\n\t\t<div class=\"elementor-element elementor-element-abe2728 e-con-full e-flex e-con e-child\" data-id=\"abe2728\" data-element_type=\"container\">\n\t\t\t\t<div class=\"elementor-element elementor-element-f889018 elementor-widget elementor-widget-button-noxiy\" data-id=\"f889018\" data-element_type=\"widget\" data-widget_type=\"button-noxiy.default\">\n\t\t\t\t<div class=\"elementor-widget-container\">\n\t\t\t\r\n        <div class=\"noxiy-button\">\r\n            <a href=\"\/enerji\/ac-elektrikli-arac-sarj-cihazlari\/\" class=\"noxiy__btn\">\r\n                AC Elektrikli Ara\u00e7 \u015earj Cihazlar\u0131            <\/a>\r\n\r\n        <\/div>\r\n\r\n        \t\t<\/div>\n\t\t\t\t<\/div>\n\t\t\t\t<\/div>\n\t\t<div class=\"elementor-element elementor-element-6f70239 e-con-full e-flex e-con e-child\" data-id=\"6f70239\" data-element_type=\"container\">\n\t\t\t\t<div class=\"elementor-element elementor-element-acc8201 elementor-widget elementor-widget-button-noxiy\" data-id=\"acc8201\" data-element_type=\"widget\" data-widget_type=\"button-noxiy.default\">\n\t\t\t\t<div class=\"elementor-widget-container\">\n\t\t\t\r\n        <div class=\"noxiy-button\">\r\n            <a href=\"\/enerji\/dc-elektrikli-arac-sarj-cihazlari\/\" class=\"noxiy__btn\">\r\n                DC Elektrikli Ara\u00e7 \u015earj Cihazlar\u0131            <\/a>\r\n\r\n        <\/div>\r\n\r\n        \t\t<\/div>\n\t\t\t\t<\/div>\n\t\t\t\t<\/div>\n\t\t\t\t\t<\/div>\n\t\t\t\t<\/div>\n\t\t<div class=\"elementor-element elementor-element-0b8d72d e-flex e-con-boxed e-con e-parent\" data-id=\"0b8d72d\" data-element_type=\"container\">\n\t\t\t\t\t<div class=\"e-con-inner\">\n\t\t\t\t<div class=\"elementor-element elementor-element-205a45c elementor-widget elementor-widget-spacer\" data-id=\"205a45c\" data-element_type=\"widget\" data-widget_type=\"spacer.default\">\n\t\t\t\t<div class=\"elementor-widget-container\">\n\t\t\t\t\t<div class=\"elementor-spacer\">\n\t\t\t<div class=\"elementor-spacer-inner\"><\/div>\n\t\t<\/div>\n\t\t\t\t<\/div>\n\t\t\t\t<\/div>\n\t\t\t\t\t<\/div>\n\t\t\t\t<\/div>\n\t\t<div class=\"elementor-element elementor-element-710ad53 e-flex e-con-boxed e-con e-parent\" data-id=\"710ad53\" data-element_type=\"container\">\n\t\t\t\t\t<div class=\"e-con-inner\">\n\t\t\t\t<div class=\"elementor-element elementor-element-3c4c502 elementor-widget elementor-widget-heading\" data-id=\"3c4c502\" data-element_type=\"widget\" data-widget_type=\"heading.default\">\n\t\t\t\t<div class=\"elementor-widget-container\">\n\t\t\t<h2 class=\"elementor-heading-title elementor-size-default\">S\u00fcre\u00e7 Nas\u0131l \u0130\u015fler ?<\/h2>\t\t<\/div>\n\t\t\t\t<\/div>\n\t\t\t\t\t<\/div>\n\t\t\t\t<\/div>\n\t\t<div class=\"elementor-element elementor-element-c814b3c e-flex e-con-boxed e-con e-parent\" data-id=\"c814b3c\" data-element_type=\"container\">\n\t\t\t\t\t<div class=\"e-con-inner\">\n\t\t\t\t<div class=\"elementor-element elementor-element-02e6edb elementor-widget elementor-widget-spacer\" data-id=\"02e6edb\" data-element_type=\"widget\" data-widget_type=\"spacer.default\">\n\t\t\t\t<div class=\"elementor-widget-container\">\n\t\t\t\t\t<div class=\"elementor-spacer\">\n\t\t\t<div class=\"elementor-spacer-inner\"><\/div>\n\t\t<\/div>\n\t\t\t\t<\/div>\n\t\t\t\t<\/div>\n\t\t\t\t\t<\/div>\n\t\t\t\t<\/div>\n\t\t<div class=\"elementor-element elementor-element-f114b9f e-flex e-con-boxed e-con e-parent\" data-id=\"f114b9f\" data-element_type=\"container\">\n\t\t\t\t\t<div class=\"e-con-inner\">\n\t\t\t\t<div class=\"elementor-element elementor-element-3a821d0 elementor-widget elementor-widget-bwbasawesomestep\" data-id=\"3a821d0\" data-element_type=\"widget\" data-widget_type=\"bwbasawesomestep.default\">\n\t\t\t\t<div class=\"elementor-widget-container\">\n\t\t\t        <div class=\"bwd-step-style bwd-step-style-17\">\r\n            <div class=\"container-fluid\">\r\n                <div class=\"row\">\r\n                                    <div class=\"unlimited-step col-lg-3 col-md-4 col-sm-6\">\r\n                        <div class=\"elementor-repeater-item-63b3975\">                            <div class=\"bwd-step-wrapper bwd-step-num-gbla bwd-step-num-gblb \">\r\n                                <div class=\"bwd-step-item bwd-step-bg-box\">\r\n                                    <div class=\"bwd-step-number\">\r\n                                        <div class=\"bwd-step-num bwd-step-num-gbl \">1<\/div>\r\n                                    <\/div>\r\n                                    <div class=\"bwd-step-icon bwd-step-icon-bg\"><i aria-hidden=\"true\" class=\"fas fa-cogs\"><\/i><\/div>\r\n                                    <div class=\"bwd-step-content\">\r\n                                        <div class=\"bwd-step-title bwd-step-main-title\">Ke\u015fif<\/div>\r\n                                        <div class=\"bwd-description\">M\u00fchendis ve teknikerlerden olu\u015fan tak\u0131m\u0131m\u0131z ihtiya\u00e7lar\u0131n\u0131z\u0131 yerinde tespit ederek taleplerinize sizin belirledi\u011finiz \u00e7er\u00e7evede \u00e7\u00f6z\u00fcmler sunmak i\u00e7in saha analizi yapar. Yap\u0131lan de\u011ferlendirmeler ile t\u00fcm gereklilikler belirlenir.<\/div>\r\n                                    <\/div>\r\n                                <\/div>\r\n                            <\/div>\r\n                        <\/div>\r\n                    <\/div>\r\n                                        <div class=\"unlimited-step col-lg-3 col-md-4 col-sm-6\">\r\n                        <div class=\"elementor-repeater-item-07691cb\">                            <div class=\"bwd-step-wrapper bwd-step-num-gbla bwd-step-num-gblb \">\r\n                                <div class=\"bwd-step-item bwd-step-bg-box\">\r\n                                    <div class=\"bwd-step-number\">\r\n                                        <div class=\"bwd-step-num bwd-step-num-gbl \">2<\/div>\r\n                                    <\/div>\r\n                                    <div class=\"bwd-step-icon bwd-step-icon-bg\"><i aria-hidden=\"true\" class=\"fas fa-cogs\"><\/i><\/div>\r\n                                    <div class=\"bwd-step-content\">\r\n                                        <div class=\"bwd-step-title bwd-step-main-title\">Altyap\u0131 Uygunluk<\/div>\r\n                                        <div class=\"bwd-description\">G\u00fc\u00e7 sorgulamas\u0131yla Elektrik Piyasas\u0131 Denetleme Kurumu\u2019na ba\u011fl\u0131 bilirki\u015filerden altyap\u0131 uygunluk onaylar\u0131 al\u0131n\u0131r. <\/div>\r\n                                    <\/div>\r\n                                <\/div>\r\n                            <\/div>\r\n                        <\/div>\r\n                    <\/div>\r\n                                        <div class=\"unlimited-step col-lg-3 col-md-4 col-sm-6\">\r\n                        <div class=\"elementor-repeater-item-65d8d60\">                            <div class=\"bwd-step-wrapper bwd-step-num-gbla bwd-step-num-gblb \">\r\n                                <div class=\"bwd-step-item bwd-step-bg-box\">\r\n                                    <div class=\"bwd-step-number\">\r\n                                        <div class=\"bwd-step-num bwd-step-num-gbl \">3<\/div>\r\n                                    <\/div>\r\n                                    <div class=\"bwd-step-icon bwd-step-icon-bg\"><i aria-hidden=\"true\" class=\"fas fa-cogs\"><\/i><\/div>\r\n                                    <div class=\"bwd-step-content\">\r\n                                        <div class=\"bwd-step-title bwd-step-main-title\">Tekliflendirme<\/div>\r\n                                        <div class=\"bwd-description\">\u0130htiya\u00e7, istek ve b\u00fct\u00e7enize uygun olan cihazlar ve alternatifleri listelenerek taraf\u0131n\u0131za teklif sunulur. Daha sonra bir araya gelinerek sizin i\u00e7in en do\u011fru cihaz tercihi birlikte yap\u0131l\u0131r.<\/div>\r\n                                    <\/div>\r\n                                <\/div>\r\n                            <\/div>\r\n                        <\/div>\r\n                    <\/div>\r\n                                    <\/div>\r\n            <\/div>\r\n        <\/div>\r\n        \t\t<\/div>\n\t\t\t\t<\/div>\n\t\t\t\t<div class=\"elementor-element elementor-element-b0a4575 elementor-widget elementor-widget-bwbasawesomestep\" data-id=\"b0a4575\" data-element_type=\"widget\" data-widget_type=\"bwbasawesomestep.default\">\n\t\t\t\t<div class=\"elementor-widget-container\">\n\t\t\t        <div class=\"bwd-step-style bwd-step-style-17\">\r\n            <div class=\"container-fluid\">\r\n                <div class=\"row\">\r\n                                    <div class=\"unlimited-step col-lg-3 col-md-4 col-sm-6\">\r\n                        <div class=\"elementor-repeater-item-63b3975\">                            <div class=\"bwd-step-wrapper bwd-step-num-gbla bwd-step-num-gblb \">\r\n                                <div class=\"bwd-step-item bwd-step-bg-box\">\r\n                                    <div class=\"bwd-step-number\">\r\n                                        <div class=\"bwd-step-num bwd-step-num-gbl \">4<\/div>\r\n                                    <\/div>\r\n                                    <div class=\"bwd-step-icon bwd-step-icon-bg\"><i aria-hidden=\"true\" class=\"fas fa-cogs\"><\/i><\/div>\r\n                                    <div class=\"bwd-step-content\">\r\n                                        <div class=\"bwd-step-title bwd-step-main-title\">Kurulum \/ Montaj<\/div>\r\n                                        <div class=\"bwd-description\">Teknik ekiplerimiz anahtar teslim cihazlar\u0131n\u0131z\u0131n kurulum ve test a\u015famalar\u0131n\u0131 tamamlad\u0131ktan sonra do\u011frudan \u00fcretime ba\u015flayabilece\u011finiz \u015fekilde size teslim eder.<\/div>\r\n                                    <\/div>\r\n                                <\/div>\r\n                            <\/div>\r\n                        <\/div>\r\n                    <\/div>\r\n                                        <div class=\"unlimited-step col-lg-3 col-md-4 col-sm-6\">\r\n                        <div class=\"elementor-repeater-item-07691cb\">                            <div class=\"bwd-step-wrapper bwd-step-num-gbla bwd-step-num-gblb \">\r\n                                <div class=\"bwd-step-item bwd-step-bg-box\">\r\n                                    <div class=\"bwd-step-number\">\r\n                                        <div class=\"bwd-step-num bwd-step-num-gbl \">5<\/div>\r\n                                    <\/div>\r\n                                    <div class=\"bwd-step-icon bwd-step-icon-bg\"><i aria-hidden=\"true\" class=\"fas fa-cogs\"><\/i><\/div>\r\n                                    <div class=\"bwd-step-content\">\r\n                                        <div class=\"bwd-step-title bwd-step-main-title\">Teknik Destek \/ Hizmet<\/div>\r\n                                        <div class=\"bwd-description\">Teknik destek hizmetlerimiz, \u00fcr\u00fcnlerimizin Giri\u015f Kalite Kontrol denetimleriyle ba\u015flayarak, tedarik sonras\u0131 s\u00fcrekli servis ve destekle devam etmektedir. Her a\u015famada \u015feffaf ve g\u00fcvenilir bir ileti\u015fim sa\u011fl\u0131yor, kar\u015f\u0131la\u015ft\u0131\u011f\u0131n\u0131z sorunlar\u0131 h\u0131zl\u0131 bir \u015fekilde \u00e7\u00f6z\u00fcme kavu\u015fturmak i\u00e7in \u00e7al\u0131\u015f\u0131yoruz.<\/div>\r\n                                    <\/div>\r\n                                <\/div>\r\n                            <\/div>\r\n                        <\/div>\r\n                    <\/div>\r\n                                    <\/div>\r\n            <\/div>\r\n        <\/div>\r\n        \t\t<\/div>\n\t\t\t\t<\/div>\n\t\t\t\t\t<\/div>\n\t\t\t\t<\/div>\n\t\t<div class=\"elementor-element elementor-element-7e93597 e-flex e-con-boxed e-con e-parent\" data-id=\"7e93597\" data-element_type=\"container\">\n\t\t\t\t\t<div class=\"e-con-inner\">\n\t\t\t\t<div class=\"elementor-element elementor-element-91e9b4e elementor-widget elementor-widget-spacer\" data-id=\"91e9b4e\" data-element_type=\"widget\" data-widget_type=\"spacer.default\">\n\t\t\t\t<div class=\"elementor-widget-container\">\n\t\t\t\t\t<div class=\"elementor-spacer\">\n\t\t\t<div class=\"elementor-spacer-inner\"><\/div>\n\t\t<\/div>\n\t\t\t\t<\/div>\n\t\t\t\t<\/div>\n\t\t\t\t\t<\/div>\n\t\t\t\t<\/div>\n\t\t\t\t<\/div>\n\t\t","protected":false},"excerpt":{"rendered":"<p>Yar\u0131n\u0131n d\u00fcnyas\u0131nda yenilenebilir enerjinin yerinin fark\u0131nday\u0131z! Elektrikli ara\u00e7 (EV) \u015farj istasyonlar\u0131, s\u00fcrd\u00fcr\u00fclebilir ula\u015f\u0131m\u0131n temel yap\u0131 ta\u015flar\u0131ndan biri haline gelmi\u015ftir. D\u00fcnya genelinde artan \u00e7evresel endi\u015feler ve fosil yak\u0131tlar\u0131n azalmas\u0131, elektrikli ara\u00e7lar\u0131n benimsenmesini h\u0131zland\u0131rmaktad\u0131r. Gelecekte, \u015farj istasyonlar\u0131n\u0131n say\u0131s\u0131n\u0131n ve \u00e7e\u015fitlili\u011finin \u00f6nemli \u00f6l\u00e7\u00fcde artmas\u0131 beklenmektedir. Teknolojinin geli\u015fmesiyle birlikte, h\u0131zl\u0131 \u015farj istasyonlar\u0131 ve ak\u0131ll\u0131 \u015farj \u00e7\u00f6z\u00fcmleri, kullan\u0131c\u0131lar\u0131n zaman tasarrufu [&hellip;]<\/p>\n","protected":false},"author":1,"featured_media":0,"parent":0,"menu_order":0,"comment_status":"closed","ping_status":"closed","template":"page-builder.php","meta":{"footnotes":""},"class_list":["post-2600","page","type-page","status-publish","hentry"],"_links":{"self":[{"href":"https:\/\/onyxenergy.com.tr\/enerji\/wp-json\/wp\/v2\/pages\/2600","targetHints":{"allow":["GET"]}}],"collection":[{"href":"https:\/\/onyxenergy.com.tr\/enerji\/wp-json\/wp\/v2\/pages"}],"about":[{"href":"https:\/\/onyxenergy.com.tr\/enerji\/wp-json\/wp\/v2\/types\/page"}],"author":[{"embeddable":true,"href":"https:\/\/onyxenergy.com.tr\/enerji\/wp-json\/wp\/v2\/users\/1"}],"replies":[{"embeddable":true,"href":"https:\/\/onyxenergy.com.tr\/enerji\/wp-json\/wp\/v2\/comments?post=2600"}],"version-history":[{"count":22,"href":"https:\/\/onyxenergy.com.tr\/enerji\/wp-json\/wp\/v2\/pages\/2600\/revisions"}],"predecessor-version":[{"id":2947,"href":"https:\/\/onyxenergy.com.tr\/enerji\/wp-json\/wp\/v2\/pages\/2600\/revisions\/2947"}],"wp:attachment":[{"href":"https:\/\/onyxenergy.com.tr\/enerji\/wp-json\/wp\/v2\/media?parent=2600"}],"curies":[{"name":"wp","href":"https:\/\/api.w.org\/{rel}","templated":true}]}}